{"id":40,"date":"2020-08-27T08:23:10","date_gmt":"2020-08-27T08:23:10","guid":{"rendered":"https:\/\/valentino.velikov-design.net\/?page_id=40"},"modified":"2025-02-23T11:29:58","modified_gmt":"2025-02-23T09:29:58","slug":"privacy-policy","status":"publish","type":"page","link":"https:\/\/lunapark-valentino.bg\/tr\/privacy-policy\/","title":{"rendered":"Gizlilik Politikas\u0131"},"content":{"rendered":"<div data-elementor-type=\"wp-page\" data-elementor-id=\"40\" class=\"elementor elementor-40\" data-elementor-post-type=\"page\">\n\t\t\t\t\t\t<section class=\"elementor-section elementor-top-section elementor-element elementor-element-58c1a79d elementor-section-boxed elementor-section-height-default elementor-section-height-default sc_fly_static\" data-id=\"58c1a79d\" data-element_type=\"section\" data-e-type=\"section\">\n\t\t\t\t\t\t<div class=\"elementor-container elementor-column-gap-extended\">\n\t\t\t\t\t<div class=\"elementor-column elementor-col-100 elementor-top-column elementor-element elementor-element-14747347 sc_content_align_inherit sc_layouts_column_icons_position_left sc_fly_static\" data-id=\"14747347\" data-element_type=\"column\" data-e-type=\"column\">\n\t\t\t<div class=\"elementor-widget-wrap elementor-element-populated\">\n\t\t\t\t\t\t<div class=\"elementor-element elementor-element-6988ef5d sc_fly_static elementor-widget elementor-widget-spacer\" data-id=\"6988ef5d\" data-element_type=\"widget\" data-e-type=\"widget\" data-widget_type=\"spacer.default\">\n\t\t\t\t<div class=\"elementor-widget-container\">\n\t\t\t\t\t\t\t<div class=\"elementor-spacer\">\n\t\t\t<div class=\"elementor-spacer-inner\"><\/div>\n\t\t<\/div>\n\t\t\t\t\t\t<\/div>\n\t\t\t\t<\/div>\n\t\t\t\t<div class=\"elementor-element elementor-element-39819ba sc_fly_static elementor-widget elementor-widget-spacer\" data-id=\"39819ba\" data-element_type=\"widget\" data-e-type=\"widget\" data-widget_type=\"spacer.default\">\n\t\t\t\t<div class=\"elementor-widget-container\">\n\t\t\t\t\t\t\t<div class=\"elementor-spacer\">\n\t\t\t<div class=\"elementor-spacer-inner\"><\/div>\n\t\t<\/div>\n\t\t\t\t\t\t<\/div>\n\t\t\t\t<\/div>\n\t\t\t\t\t<\/div>\n\t\t<\/div>\n\t\t\t\t\t<\/div>\n\t\t<\/section>\n\t\t\t\t<section class=\"elementor-section elementor-top-section elementor-element elementor-element-325689c3 elementor-section-boxed elementor-section-height-default elementor-section-height-default sc_fly_static\" data-id=\"325689c3\" data-element_type=\"section\" data-e-type=\"section\" data-settings=\"{&quot;background_background&quot;:&quot;classic&quot;}\">\n\t\t\t\t\t\t<div class=\"elementor-container elementor-column-gap-extended\">\n\t\t\t\t\t<div class=\"elementor-column elementor-col-100 elementor-top-column elementor-element elementor-element-c0ce289 sc_content_align_inherit sc_layouts_column_icons_position_left sc_fly_static\" data-id=\"c0ce289\" data-element_type=\"column\" data-e-type=\"column\">\n\t\t\t<div class=\"elementor-widget-wrap elementor-element-populated\">\n\t\t\t\t\t\t<div class=\"elementor-element elementor-element-1fa92a25 sc_fly_static elementor-widget elementor-widget-text-editor\" data-id=\"1fa92a25\" data-element_type=\"widget\" data-e-type=\"widget\" data-widget_type=\"text-editor.default\">\n\t\t\t\t<div class=\"elementor-widget-container\">\n\t\t\t\t\t\t\t\t\t<h2>Ki\u015fisel Verilerin Y\u00f6neticisi Hakk\u0131nda Bilgiler:<\/h2><p>\u00a0<\/p><p>Valentino \u2013 Park EOOD, Sicil Ajans\u0131 Ticaret Siciline kay\u0131tl\u0131, \u015firket numaras\u0131: 208138585, e-posta: lunaparkvalentino@gmail.com, telefon: +359898436396.<\/p><p>\u00a0<\/p><h2>Ki\u015fisel Verilerinizi Kullanma Ama\u00e7lar\u0131m\u0131z ve Yasal Dayanaklar<\/h2><p>\u00a0<\/p><p>Ki\u015fisel verilerinizi a\u015fa\u011f\u0131daki gerek\u00e7elerle i\u015fliyoruz:<\/p><ul><li>Web Sitesinin Genel Kullan\u0131m Ko\u015fullar\u0131;<\/li><li>Sizin a\u00e7\u0131k r\u0131zan\u0131z \u2013 ama\u00e7 her bir durumda a\u00e7\u0131k\u00e7a belirtilir;<\/li><li>Yasal y\u00fck\u00fcml\u00fcl\u00fcklerin gerektirdi\u011fi durumlarda;<\/li><\/ul><p>A\u015fa\u011f\u0131daki paragraflarda, ki\u015fisel verilerinizi i\u015fledi\u011fimiz hukuki gerek\u00e7eye ba\u011fl\u0131 olarak ayr\u0131nt\u0131l\u0131 bilgileri bulabilirsiniz.<\/p><h3>S\u00f6zle\u015fmenin yerine getirilmesi amac\u0131yla<\/h3><p>Web Sitesini kullanman\u0131z kapsam\u0131nda ki\u015fisel verilerinizi i\u015fliyoruz.<\/p><p>\u0130\u015flemenin Ama\u00e7lar\u0131 (ge\u00e7erli oldu\u011funda):<\/p><ol><li>kimli\u011finizin do\u011frulanmas\u0131;<\/li><li>web sitemizin i\u015flevselli\u011fini sa\u011flamak<\/li><\/ol><p>Bu temelde yaln\u0131zca olu\u015fturdu\u011funuz kullan\u0131c\u0131 profiliyle ilgili ki\u015fisel verileri i\u015fliyoruz.<\/p><p>Bu temelde toplanan veriler, s\u00f6zle\u015fme ili\u015fkisinin sona ermesini takip eden iki y\u0131l sonra silinir; s\u00f6zle\u015fmenin sona ermesi, iptal edilmesi veya ba\u015fka herhangi bir nedenle sonland\u0131r\u0131lm\u0131\u015f olmas\u0131 fark etmez.<\/p><h3>Onay\u0131n\u0131z \u00dczerine<\/h3><p>Ki\u015fisel verilerinizi yaln\u0131zca sizin a\u00e7\u0131k, net ve g\u00f6n\u00fcll\u00fc onay\u0131n\u0131z sonras\u0131nda i\u015fliyoruz. Ki\u015fisel verilerinizin i\u015flenmesini kabul etmemeniz halinde, herhangi bir olumsuz sonu\u00e7 \u00f6ng\u00f6rm\u00fcyoruz.<\/p><p>Onay\u0131n\u0131z, ki\u015fisel verilerinizin i\u015flenmesi i\u00e7in ayr\u0131 bir hukuki dayanakt\u0131r ve amac\u0131 a\u00e7\u0131k\u00e7a belirtilir ve bu politikada listelenen di\u011fer ama\u00e7lar\u0131 kapsamaz. Bize bu t\u00fcr bir onay verdi\u011finiz takdirde, bu onay\u0131 geri \u00e7ekene veya aram\u0131zdaki herhangi bir s\u00f6zle\u015fme ili\u015fkisi sona erene kadar, temel ki\u015fisel verileriniz \u00fczerinde ayr\u0131nt\u0131l\u0131 analizler yaparak size \u00f6zel \u00fcr\u00fcn\/hizmet teklifleri haz\u0131rlayabiliriz.<\/p><p><strong>Bu Temelde \u0130\u015fledi\u011fimiz Veriler:<\/strong><\/p><p>Bu temelde, do\u011frudan pazarlama ama\u00e7lar\u0131yla ki\u015fisel verilerinizi, web sitesi kullan\u0131m verilerinizi ve sosyal medya profillerinizle ilgili bilgileri i\u015fleyebiliriz.<\/p><p><strong>\u00dc\u00e7\u00fcnc\u00fc Ki\u015filere Veri Sa\u011flanmas\u0131<\/strong><\/p><p>Bu temelde, verilerinizi pazarlama ajanslar\u0131, Facebook, Google veya benzeri kurulu\u015flara sa\u011flayabiliriz.<\/p><p><strong>Onay\u0131n Geri \u00c7ekilmesi<\/strong><\/p><p>Vermi\u015f oldu\u011funuz onaylar her zaman geri \u00e7ekilebilir. Onay\u0131n geri \u00e7ekilmesi, s\u00f6zle\u015fmesel y\u00fck\u00fcml\u00fcl\u00fcklerin yerine getirilmesini etkilemez. Ki\u015fisel verilerin i\u015flenmesine dair onay\u0131n\u0131z\u0131 yukar\u0131da belirtilen ama\u00e7lardan biri veya tamam\u0131 i\u00e7in geri \u00e7ekmeniz durumunda, belirtilen ama\u00e7lar do\u011frultusunda ki\u015fisel verilerinizi ve bilgilerinizi art\u0131k kullanmayaca\u011f\u0131z. Onay\u0131n geri \u00e7ekilmesi, onay geri \u00e7ekilmeden \u00f6nceki d\u00f6nemde ger\u00e7ekle\u015fen veri i\u015flemenin yasall\u0131\u011f\u0131n\u0131 etkilemez.<\/p><p>Vermi\u015f oldu\u011funuz onay\u0131 geri \u00e7ekmek i\u00e7in yaln\u0131zca web sitemizi kullanman\u0131z veya ileti\u015fim bilgilerimizi kullanman\u0131z yeterlidir.<\/p><p><strong>Bu temelde toplanan verileri ne zaman siliyoruz?<\/strong><\/p><p>Bu temelde toplanan verileri, talebiniz \u00fczerine veya ilk toplama tarihinden 12 ay sonra siliyoruz.<\/p><h2>Ki\u015fisel Verilerinizi Nas\u0131l Koruyoruz<\/h2><p>\u015eirketin ve m\u00fc\u015fterilerimizin verilerini yeterli d\u00fczeyde korumak i\u00e7in Ki\u015fisel Verilerin Korunmas\u0131 Yasas\u0131 uyar\u0131nca gerekli t\u00fcm \u00f6rg\u00fctsel ve teknik \u00f6nlemleri uyguluyoruz.<\/p><p>\u015eirket, k\u00f6t\u00fcye kullan\u0131m ve g\u00fcvenlik ihlallerini \u00f6nlemeye y\u00f6nelik kurallar belirlemi\u015f olup, bu kurallar verilerinizin korunmas\u0131 ve g\u00fcvenli\u011finin sa\u011flanmas\u0131 s\u00fcre\u00e7lerini desteklemektedir.<\/p><p>Verilerinizin i\u015flenmesi, aktar\u0131lmas\u0131 ve saklanmas\u0131 s\u0131ras\u0131nda azami g\u00fcvenli\u011fi sa\u011flamak i\u00e7in \u015fifreleme, takma ad verme (pseudonymization) gibi ek koruma mekanizmalar\u0131 kullanabiliriz.<\/p><h2>Kullan\u0131c\u0131 Haklar\u0131<\/h2><p>Siteyi kullanan her kullan\u0131c\u0131, Bulgar mevzuat\u0131 ve Avrupa Birli\u011fi hukukuna g\u00f6re ki\u015fisel verilerin korunmas\u0131na ili\u015fkin t\u00fcm haklara sahiptir.<\/p><p>Kullan\u0131c\u0131, haklar\u0131n\u0131 bizim e-posta adresimize bir mesaj g\u00f6ndererek kullanabilir.<\/p><p>Her kullan\u0131c\u0131 a\u015fa\u011f\u0131daki haklara sahiptir:<\/p><ul><li>Bilgilendirilme (y\u00f6neticinin ki\u015fisel verileri i\u015flemesiyle ilgili olarak);<\/li><li>Kendi ki\u015fisel verilerine eri\u015fim;<\/li><li>D\u00fczeltme (e\u011fer veriler do\u011fru de\u011filse);<\/li><li>Ki\u015fisel verilerin silinmesi (\"unutulma hakk\u0131\");<\/li><li>Veri sorumlusu veya veri i\u015fleyici taraf\u0131ndan i\u015flemenin k\u0131s\u0131tlanmas\u0131;<\/li><li>Farkl\u0131 veri sorumlular\u0131 aras\u0131nda ki\u015fisel verilerin ta\u015f\u0131nabilirli\u011fi;<\/li><li>Ki\u015fisel verilerinin i\u015flenmesine itiraz;<\/li><li>Veri sahibi, yaln\u0131zca profilleme dahil olmak \u00fczere otomatik i\u015flemeye dayanan, veri sahibi i\u00e7in yasal sonu\u00e7lar do\u011furan veya benzer \u015fekilde \u00f6nemli \u00f6l\u00e7\u00fcde etkileyen bir karara tabi olmama hakk\u0131na da sahiptir;<\/li><li>Veri sahibinin haklar\u0131n\u0131n ihlal edilmesi durumunda yarg\u0131 veya idari yollarla korunma hakk\u0131.<\/li><\/ul><p>\u00a0Kullan\u0131c\u0131, a\u015fa\u011f\u0131daki ko\u015fullardan biri mevcutsa silme talebinde bulunabilir:<\/p><ul><li>Ki\u015fisel veriler, topland\u0131klar\u0131 veya ba\u015fka \u015fekilde i\u015flendikleri ama\u00e7lar i\u00e7in art\u0131k gerekli de\u011fildir;<\/li><li>Kullan\u0131c\u0131, veri i\u015flemenin dayand\u0131\u011f\u0131 onay\u0131n\u0131 geri \u00e7eker ve i\u015fleme i\u00e7in ba\u015fka bir yasal dayanak yoktur;<\/li><li>Kullan\u0131c\u0131, i\u015flemeye itiraz eder ve \u00f6ncelik ta\u015f\u0131yan me\u015fru i\u015fleme gerek\u00e7eleri yoktur;<\/li><li>Ki\u015fisel veriler hukuka ayk\u0131r\u0131 olarak i\u015flenmi\u015ftir;<\/li><li>Ki\u015fisel veriler, kontrol\u00f6r\u00fcn tabi oldu\u011fu Birlik veya \u00dcye Devlet hukuku kapsam\u0131ndaki yasal bir y\u00fck\u00fcml\u00fcl\u00fc\u011fe uymak i\u00e7in silinmelidir;<\/li><li>Ki\u015fisel veriler, \u00e7ocuklara y\u00f6nelik bilgi toplumu hizmetlerinin sunulmas\u0131yla ilgili olarak toplanm\u0131\u015ft\u0131r ve onay, \u00e7ocuk i\u00e7in ebeveyn sorumlulu\u011funu ta\u015f\u0131yan ki\u015fi taraf\u0131ndan verilmi\u015ftir.<\/li><\/ul><p>Kullan\u0131c\u0131, a\u015fa\u011f\u0131daki ko\u015fullardan biri mevcutsa silme talebinde bulunabilir:<\/p><ul><li>Ki\u015fisel verilerin do\u011frulu\u011funa itiraz etmek. Bu durumda, i\u015flemenin k\u0131s\u0131tlanmas\u0131, veri sorumlusunun ki\u015fisel verilerin do\u011frulu\u011funu do\u011frulamas\u0131na olanak tan\u0131yan bir s\u00fcre i\u00e7indir;<\/li><li>\u0130\u015fleme hukuka ayk\u0131r\u0131d\u0131r, ancak Kullan\u0131c\u0131 ki\u015fisel verilerin silinmesini istememekte, bunun yerine kullan\u0131mlar\u0131n\u0131n k\u0131s\u0131tlanmas\u0131n\u0131 talep etmektedir;<\/li><li>Veri sorumlusu art\u0131k i\u015fleme ama\u00e7lar\u0131 i\u00e7in ki\u015fisel verilere ihtiya\u00e7 duymamaktad\u0131r, ancak Kullan\u0131c\u0131 yasal iddialar\u0131n olu\u015fturulmas\u0131, uygulanmas\u0131 veya savunulmas\u0131 i\u00e7in bunlar\u0131 talep etmektedir;<\/li><li>Veri sorumlusunun me\u015fru gerek\u00e7elerinin Kullan\u0131c\u0131n\u0131n \u00e7\u0131karlar\u0131na g\u00f6re \u00f6ncelik ta\u015f\u0131y\u0131p ta\u015f\u0131mad\u0131\u011f\u0131n\u0131n do\u011frulanmas\u0131n\u0131 beklerken i\u015flemeye itiraz eder.<\/li><\/ul><p><strong>Veri Ta\u015f\u0131nabilirli\u011fi Hakk\u0131<\/strong><\/p><p>Veri sahibi, bir y\u00f6neticiye sa\u011flad\u0131\u011f\u0131 ki\u015fisel verileri yap\u0131land\u0131r\u0131lm\u0131\u015f, yayg\u0131n olarak kullan\u0131lan ve makine taraf\u0131ndan okunabilir bir bi\u00e7imde alma ve bu verileri herhangi bir engelleme olmaks\u0131z\u0131n ba\u015fka bir y\u00f6neticiye aktarma hakk\u0131na sahiptir. Bu hak, i\u015fleme a\u00e7\u0131k r\u0131zaya veya s\u00f6zle\u015fmeye dayand\u0131\u011f\u0131nda ge\u00e7erlidir. Ayr\u0131ca teknik olarak m\u00fcmk\u00fcn olmas\u0131 durumunda, verilerin do\u011frudan bir y\u00f6neticiden di\u011ferine aktar\u0131lmas\u0131n\u0131 isteme hakk\u0131na sahiptir.<\/p><p><strong>\u0130tiraz Hakk\u0131<\/strong><\/p><p>Kullan\u0131c\u0131lar, ki\u015fisel verilerinin i\u015flenmesine kar\u015f\u0131 y\u00f6neticiye itiraz etme hakk\u0131na sahiptir. Y\u00f6netici, veri sahibinin \u00e7\u0131karlar\u0131, haklar\u0131 ve \u00f6zg\u00fcrl\u00fcklerine \u00fcst\u00fcn gelen ge\u00e7erli hukuki gerek\u00e7eler bulunmad\u0131k\u00e7a veya hukuki taleplerin olu\u015fturulmas\u0131, kullan\u0131lmas\u0131 veya savunulmas\u0131 amac\u0131yla veri i\u015flemenin zorunlu oldu\u011funu ispat edemedik\u00e7e, verilerin i\u015flenmesini durdurmak zorundad\u0131r. Do\u011frudan pazarlama ama\u00e7lar\u0131yla yap\u0131lan veri i\u015flemeye itiraz edilmesi durumunda, veri i\u015fleme derhal sonland\u0131r\u0131lmal\u0131d\u0131r.<\/p><p><strong>Denetleyici Kuruma \u015eikayet<\/strong><\/p><p>Her kullan\u0131c\u0131, ki\u015fisel verilerinin hukuka ayk\u0131r\u0131 \u015fekilde i\u015flenmesine kar\u015f\u0131 Ki\u015fisel Verileri Koruma Komisyonu'na veya yetkili mahkemeye \u015fikayette bulunma hakk\u0131na sahiptir.<\/p>\t\t\t\t\t\t\t\t<\/div>\n\t\t\t\t<\/div>\n\t\t\t\t\t<\/div>\n\t\t<\/div>\n\t\t\t\t\t<\/div>\n\t\t<\/section>\n\t\t\t\t<\/div>","protected":false},"excerpt":{"rendered":"<p>\u0418\u043d\u0444\u043e\u0440\u043c\u0430\u0446\u0438\u044f \u0437\u0430 \u0430\u0434\u043c\u0438\u043d\u0438\u0441\u0442\u0440\u0430\u0442\u043e\u0440\u0430 \u043d\u0430 \u043b\u0438\u0447\u043d\u0438 \u0434\u0430\u043d\u043d\u0438: \u00a0 \u0412\u0430\u043b\u0435\u043d\u0442\u0438\u043d\u043e \u2013 \u041f\u0430\u0440\u043a \u0415\u041e\u041e\u0414 \u0435 \u0434\u0440\u0443\u0436\u0435\u0441\u0442\u0432\u043e, \u0440\u0435\u0433\u0438\u0441\u0442\u0440\u0438\u0440\u0430\u043d\u043e \u0432 \u0422\u044a\u0440\u0433\u043e\u0432\u0441\u043a\u0438\u044f \u0440\u0435\u0433\u0438\u0441\u0442\u044a\u0440 \u043d\u0430 \u0410\u0433\u0435\u043d\u0446\u0438\u044f\u0442\u0430 \u043f\u043e \u0432\u043f\u0438\u0441\u0432\u0430\u043d\u0438\u044f\u0442\u0430 \u0441 \u0415\u0418\u041a: 208138585, e-mail: lunaparkvalentino@gmail.com, \u0441 \u0442\u0435\u043b.: +359898436396. \u00a0&hellip;<\/p>","protected":false},"author":1,"featured_media":0,"parent":0,"menu_order":0,"comment_status":"closed","ping_status":"closed","template":"","meta":{"footnotes":""},"class_list":["post-40","page","type-page","status-publish","hentry"],"yoast_head":"<!-- This site is optimized with the Yoast SEO plugin v27.3 - https:\/\/yoast.com\/product\/yoast-seo-wordpress\/ -->\n<title>\u041f\u043e\u043b\u0438\u0442\u0438\u043a\u0430 \u0437\u0430 \u043f\u043e\u0432\u0435\u0440\u0438\u0442\u0435\u043b\u043d\u043e\u0441\u0442 - Lunapark Valentino<\/title>\n<meta name=\"robots\" content=\"index, follow, max-snippet:-1, max-image-preview:large, max-video-preview:-1\" \/>\n<link rel=\"canonical\" href=\"https:\/\/lunapark-valentino.bg\/tr\/privacy-policy\/\" \/>\n<meta property=\"og:locale\" content=\"tr_TR\" \/>\n<meta property=\"og:type\" content=\"article\" \/>\n<meta property=\"og:title\" content=\"\u041f\u043e\u043b\u0438\u0442\u0438\u043a\u0430 \u0437\u0430 \u043f\u043e\u0432\u0435\u0440\u0438\u0442\u0435\u043b\u043d\u043e\u0441\u0442 - Lunapark Valentino\" \/>\n<meta property=\"og:description\" content=\"\u0418\u043d\u0444\u043e\u0440\u043c\u0430\u0446\u0438\u044f \u0437\u0430 \u0430\u0434\u043c\u0438\u043d\u0438\u0441\u0442\u0440\u0430\u0442\u043e\u0440\u0430 \u043d\u0430 \u043b\u0438\u0447\u043d\u0438 \u0434\u0430\u043d\u043d\u0438: \u00a0 \u0412\u0430\u043b\u0435\u043d\u0442\u0438\u043d\u043e \u2013 \u041f\u0430\u0440\u043a \u0415\u041e\u041e\u0414 \u0435 \u0434\u0440\u0443\u0436\u0435\u0441\u0442\u0432\u043e, \u0440\u0435\u0433\u0438\u0441\u0442\u0440\u0438\u0440\u0430\u043d\u043e \u0432 \u0422\u044a\u0440\u0433\u043e\u0432\u0441\u043a\u0438\u044f \u0440\u0435\u0433\u0438\u0441\u0442\u044a\u0440 \u043d\u0430 \u0410\u0433\u0435\u043d\u0446\u0438\u044f\u0442\u0430 \u043f\u043e \u0432\u043f\u0438\u0441\u0432\u0430\u043d\u0438\u044f\u0442\u0430 \u0441 \u0415\u0418\u041a: 208138585, e-mail: lunaparkvalentino@gmail.com, \u0441 \u0442\u0435\u043b.: +359898436396. \u00a0&hellip;\" \/>\n<meta property=\"og:url\" content=\"https:\/\/lunapark-valentino.bg\/tr\/privacy-policy\/\" \/>\n<meta property=\"og:site_name\" content=\"Lunapark Valentino\" \/>\n<meta property=\"article:modified_time\" content=\"2025-02-23T09:29:58+00:00\" \/>\n<meta name=\"twitter:card\" content=\"summary_large_image\" \/>\n<script type=\"application\/ld+json\" class=\"yoast-schema-graph\">{\"@context\":\"https:\\\/\\\/schema.org\",\"@graph\":[{\"@type\":\"WebPage\",\"@id\":\"https:\\\/\\\/lunapark-valentino.bg\\\/privacy-policy\\\/\",\"url\":\"https:\\\/\\\/lunapark-valentino.bg\\\/privacy-policy\\\/\",\"name\":\"\u041f\u043e\u043b\u0438\u0442\u0438\u043a\u0430 \u0437\u0430 \u043f\u043e\u0432\u0435\u0440\u0438\u0442\u0435\u043b\u043d\u043e\u0441\u0442 - Lunapark Valentino\",\"isPartOf\":{\"@id\":\"https:\\\/\\\/lunapark-valentino.bg\\\/#website\"},\"datePublished\":\"2020-08-27T08:23:10+00:00\",\"dateModified\":\"2025-02-23T09:29:58+00:00\",\"breadcrumb\":{\"@id\":\"https:\\\/\\\/lunapark-valentino.bg\\\/privacy-policy\\\/#breadcrumb\"},\"inLanguage\":\"tr\",\"potentialAction\":[{\"@type\":\"ReadAction\",\"target\":[\"https:\\\/\\\/lunapark-valentino.bg\\\/privacy-policy\\\/\"]}]},{\"@type\":\"BreadcrumbList\",\"@id\":\"https:\\\/\\\/lunapark-valentino.bg\\\/privacy-policy\\\/#breadcrumb\",\"itemListElement\":[{\"@type\":\"ListItem\",\"position\":1,\"name\":\"\u041d\u0430\u0447\u0430\u043b\u043e\",\"item\":\"https:\\\/\\\/lunapark-valentino.bg\\\/\"},{\"@type\":\"ListItem\",\"position\":2,\"name\":\"\u041f\u043e\u043b\u0438\u0442\u0438\u043a\u0430 \u0437\u0430 \u043f\u043e\u0432\u0435\u0440\u0438\u0442\u0435\u043b\u043d\u043e\u0441\u0442\"}]},{\"@type\":\"WebSite\",\"@id\":\"https:\\\/\\\/lunapark-valentino.bg\\\/#website\",\"url\":\"https:\\\/\\\/lunapark-valentino.bg\\\/\",\"name\":\"Lunapark Valentino\",\"description\":\"\",\"publisher\":{\"@id\":\"https:\\\/\\\/lunapark-valentino.bg\\\/#organization\"},\"potentialAction\":[{\"@type\":\"SearchAction\",\"target\":{\"@type\":\"EntryPoint\",\"urlTemplate\":\"https:\\\/\\\/lunapark-valentino.bg\\\/?s={search_term_string}\"},\"query-input\":{\"@type\":\"PropertyValueSpecification\",\"valueRequired\":true,\"valueName\":\"search_term_string\"}}],\"inLanguage\":\"tr\"},{\"@type\":\"Organization\",\"@id\":\"https:\\\/\\\/lunapark-valentino.bg\\\/#organization\",\"name\":\"Lunapark Valentino\",\"url\":\"https:\\\/\\\/lunapark-valentino.bg\\\/\",\"logo\":{\"@type\":\"ImageObject\",\"inLanguage\":\"tr\",\"@id\":\"https:\\\/\\\/lunapark-valentino.bg\\\/#\\\/schema\\\/logo\\\/image\\\/\",\"url\":\"https:\\\/\\\/lunapark-valentino.bg\\\/wp-content\\\/uploads\\\/2025\\\/02\\\/Lunapark-Valentino-Logo.png\",\"contentUrl\":\"https:\\\/\\\/lunapark-valentino.bg\\\/wp-content\\\/uploads\\\/2025\\\/02\\\/Lunapark-Valentino-Logo.png\",\"width\":4950,\"height\":3214,\"caption\":\"Lunapark Valentino\"},\"image\":{\"@id\":\"https:\\\/\\\/lunapark-valentino.bg\\\/#\\\/schema\\\/logo\\\/image\\\/\"}}]}<\/script>\n<!-- \/ Yoast SEO plugin. -->","yoast_head_json":{"title":"\u041f\u043e\u043b\u0438\u0442\u0438\u043a\u0430 \u0437\u0430 \u043f\u043e\u0432\u0435\u0440\u0438\u0442\u0435\u043b\u043d\u043e\u0441\u0442 - Lunapark Valentino","robots":{"index":"index","follow":"follow","max-snippet":"max-snippet:-1","max-image-preview":"max-image-preview:large","max-video-preview":"max-video-preview:-1"},"canonical":"https:\/\/lunapark-valentino.bg\/tr\/privacy-policy\/","og_locale":"tr_TR","og_type":"article","og_title":"\u041f\u043e\u043b\u0438\u0442\u0438\u043a\u0430 \u0437\u0430 \u043f\u043e\u0432\u0435\u0440\u0438\u0442\u0435\u043b\u043d\u043e\u0441\u0442 - Lunapark Valentino","og_description":"\u0418\u043d\u0444\u043e\u0440\u043c\u0430\u0446\u0438\u044f \u0437\u0430 \u0430\u0434\u043c\u0438\u043d\u0438\u0441\u0442\u0440\u0430\u0442\u043e\u0440\u0430 \u043d\u0430 \u043b\u0438\u0447\u043d\u0438 \u0434\u0430\u043d\u043d\u0438: \u00a0 \u0412\u0430\u043b\u0435\u043d\u0442\u0438\u043d\u043e \u2013 \u041f\u0430\u0440\u043a \u0415\u041e\u041e\u0414 \u0435 \u0434\u0440\u0443\u0436\u0435\u0441\u0442\u0432\u043e, \u0440\u0435\u0433\u0438\u0441\u0442\u0440\u0438\u0440\u0430\u043d\u043e \u0432 \u0422\u044a\u0440\u0433\u043e\u0432\u0441\u043a\u0438\u044f \u0440\u0435\u0433\u0438\u0441\u0442\u044a\u0440 \u043d\u0430 \u0410\u0433\u0435\u043d\u0446\u0438\u044f\u0442\u0430 \u043f\u043e \u0432\u043f\u0438\u0441\u0432\u0430\u043d\u0438\u044f\u0442\u0430 \u0441 \u0415\u0418\u041a: 208138585, e-mail: lunaparkvalentino@gmail.com, \u0441 \u0442\u0435\u043b.: +359898436396. \u00a0&hellip;","og_url":"https:\/\/lunapark-valentino.bg\/tr\/privacy-policy\/","og_site_name":"Lunapark Valentino","article_modified_time":"2025-02-23T09:29:58+00:00","twitter_card":"summary_large_image","schema":{"@context":"https:\/\/schema.org","@graph":[{"@type":"WebPage","@id":"https:\/\/lunapark-valentino.bg\/privacy-policy\/","url":"https:\/\/lunapark-valentino.bg\/privacy-policy\/","name":"\u041f\u043e\u043b\u0438\u0442\u0438\u043a\u0430 \u0437\u0430 \u043f\u043e\u0432\u0435\u0440\u0438\u0442\u0435\u043b\u043d\u043e\u0441\u0442 - Lunapark Valentino","isPartOf":{"@id":"https:\/\/lunapark-valentino.bg\/#website"},"datePublished":"2020-08-27T08:23:10+00:00","dateModified":"2025-02-23T09:29:58+00:00","breadcrumb":{"@id":"https:\/\/lunapark-valentino.bg\/privacy-policy\/#breadcrumb"},"inLanguage":"tr","potentialAction":[{"@type":"ReadAction","target":["https:\/\/lunapark-valentino.bg\/privacy-policy\/"]}]},{"@type":"BreadcrumbList","@id":"https:\/\/lunapark-valentino.bg\/privacy-policy\/#breadcrumb","itemListElement":[{"@type":"ListItem","position":1,"name":"\u041d\u0430\u0447\u0430\u043b\u043e","item":"https:\/\/lunapark-valentino.bg\/"},{"@type":"ListItem","position":2,"name":"\u041f\u043e\u043b\u0438\u0442\u0438\u043a\u0430 \u0437\u0430 \u043f\u043e\u0432\u0435\u0440\u0438\u0442\u0435\u043b\u043d\u043e\u0441\u0442"}]},{"@type":"WebSite","@id":"https:\/\/lunapark-valentino.bg\/#website","url":"https:\/\/lunapark-valentino.bg\/","name":"Lunapark Valentino","description":"","publisher":{"@id":"https:\/\/lunapark-valentino.bg\/#organization"},"potentialAction":[{"@type":"SearchAction","target":{"@type":"EntryPoint","urlTemplate":"https:\/\/lunapark-valentino.bg\/?s={search_term_string}"},"query-input":{"@type":"PropertyValueSpecification","valueRequired":true,"valueName":"search_term_string"}}],"inLanguage":"tr"},{"@type":"Organization","@id":"https:\/\/lunapark-valentino.bg\/#organization","name":"Lunapark Valentino","url":"https:\/\/lunapark-valentino.bg\/","logo":{"@type":"ImageObject","inLanguage":"tr","@id":"https:\/\/lunapark-valentino.bg\/#\/schema\/logo\/image\/","url":"https:\/\/lunapark-valentino.bg\/wp-content\/uploads\/2025\/02\/Lunapark-Valentino-Logo.png","contentUrl":"https:\/\/lunapark-valentino.bg\/wp-content\/uploads\/2025\/02\/Lunapark-Valentino-Logo.png","width":4950,"height":3214,"caption":"Lunapark Valentino"},"image":{"@id":"https:\/\/lunapark-valentino.bg\/#\/schema\/logo\/image\/"}}]}},"_links":{"self":[{"href":"https:\/\/lunapark-valentino.bg\/tr\/wp-json\/wp\/v2\/pages\/40","targetHints":{"allow":["GET"]}}],"collection":[{"href":"https:\/\/lunapark-valentino.bg\/tr\/wp-json\/wp\/v2\/pages"}],"about":[{"href":"https:\/\/lunapark-valentino.bg\/tr\/wp-json\/wp\/v2\/types\/page"}],"author":[{"embeddable":true,"href":"https:\/\/lunapark-valentino.bg\/tr\/wp-json\/wp\/v2\/users\/1"}],"replies":[{"embeddable":true,"href":"https:\/\/lunapark-valentino.bg\/tr\/wp-json\/wp\/v2\/comments?post=40"}],"version-history":[{"count":5,"href":"https:\/\/lunapark-valentino.bg\/tr\/wp-json\/wp\/v2\/pages\/40\/revisions"}],"predecessor-version":[{"id":1331,"href":"https:\/\/lunapark-valentino.bg\/tr\/wp-json\/wp\/v2\/pages\/40\/revisions\/1331"}],"wp:attachment":[{"href":"https:\/\/lunapark-valentino.bg\/tr\/wp-json\/wp\/v2\/media?parent=40"}],"curies":[{"name":"wp","href":"https:\/\/api.w.org\/{rel}","templated":true}]}}