{"id":282,"date":"2025-02-10T18:49:35","date_gmt":"2025-02-10T16:49:35","guid":{"rendered":"https:\/\/valentino.velikov-design.net\/?page_id=282"},"modified":"2025-02-27T18:46:18","modified_gmt":"2025-02-27T16:46:18","slug":"%d0%b7%d0%b0-%d0%bd%d0%b0%d1%81","status":"publish","type":"page","link":"https:\/\/lunapark-valentino.bg\/tr\/%d0%b7%d0%b0-%d0%bd%d0%b0%d1%81\/","title":{"rendered":"Hakk\u0131m\u0131zda"},"content":{"rendered":"<div data-elementor-type=\"wp-page\" data-elementor-id=\"282\" class=\"elementor elementor-282\" data-elementor-post-type=\"page\">\n\t\t\t\t\t\t<section class=\"elementor-section elementor-top-section elementor-element elementor-element-206067a elementor-section-full_width elementor-section-stretched elementor-section-height-default elementor-section-height-default sc_fly_static\" data-id=\"206067a\" data-element_type=\"section\" data-e-type=\"section\" data-settings=\"{&quot;stretch_section&quot;:&quot;section-stretched&quot;,&quot;background_background&quot;:&quot;classic&quot;}\">\n\t\t\t\t\t\t\t<div class=\"elementor-background-overlay\"><\/div>\n\t\t\t\t\t\t\t<div class=\"elementor-container elementor-column-gap-wide\">\n\t\t\t\t\t<div class=\"elementor-column elementor-col-100 elementor-top-column elementor-element elementor-element-8f81d85 contentTitle sc_content_align_inherit sc_layouts_column_icons_position_left sc_fly_static\" data-id=\"8f81d85\" data-element_type=\"column\" data-e-type=\"column\" data-settings=\"{&quot;background_background&quot;:&quot;classic&quot;}\">\n\t\t\t<div class=\"elementor-widget-wrap elementor-element-populated\">\n\t\t\t\t\t<div class=\"elementor-background-overlay\"><\/div>\n\t\t\t\t\t\t<div class=\"elementor-element elementor-element-701ee70 elementor-headline--style-highlight sc_fly_static elementor-widget elementor-widget-animated-headline\" data-id=\"701ee70\" data-element_type=\"widget\" data-e-type=\"widget\" data-settings=\"{&quot;marker&quot;:&quot;double_underline&quot;,&quot;highlighted_text&quot;:&quot;\\u0444\\u0438\\u0440\\u043c\\u0430&quot;,&quot;headline_style&quot;:&quot;highlight&quot;,&quot;loop&quot;:&quot;yes&quot;,&quot;highlight_animation_duration&quot;:1200,&quot;highlight_iteration_delay&quot;:8000}\" data-widget_type=\"animated-headline.default\">\n\t\t\t\t<div class=\"elementor-widget-container\">\n\t\t\t\t\t\t\t<h3 class=\"elementor-headline\">\n\t\t\t\t\t<span class=\"elementor-headline-plain-text elementor-headline-text-wrapper\">\u015eirketimiz<\/span>\n\t\t\t\t<span class=\"elementor-headline-dynamic-wrapper elementor-headline-text-wrapper\">\n\t\t\t\t\t<span class=\"elementor-headline-dynamic-text elementor-headline-text-active\">hakk\u0131nda<\/span>\n\t\t\t\t<\/span>\n\t\t\t\t<\/h3>\n\t\t\t\t\t\t<\/div>\n\t\t\t\t<\/div>\n\t\t\t\t\t<\/div>\n\t\t<\/div>\n\t\t\t\t\t<\/div>\n\t\t<\/section>\n\t\t<div class=\"elementor-element elementor-element-a935d00 e-flex e-con-boxed sc_layouts_column_icons_position_left e-con e-parent\" data-id=\"a935d00\" data-element_type=\"container\" data-e-type=\"container\" data-settings=\"{&quot;position&quot;:&quot;absolute&quot;}\">\n\t\t\t\t\t<div class=\"e-con-inner\">\n\t\t\t\t<div class=\"elementor-element elementor-element-2483855 pendant-lamp e-transform sc_fly_static elementor-widget elementor-widget-image\" data-id=\"2483855\" data-element_type=\"widget\" data-e-type=\"widget\" data-settings=\"{&quot;_transform_translateX_effect_hover&quot;:{&quot;unit&quot;:&quot;px&quot;,&quot;size&quot;:1,&quot;sizes&quot;:[]},&quot;_transform_translateY_effect_hover&quot;:{&quot;unit&quot;:&quot;px&quot;,&quot;size&quot;:-1,&quot;sizes&quot;:[]},&quot;_transform_translateX_effect_hover_tablet&quot;:{&quot;unit&quot;:&quot;px&quot;,&quot;size&quot;:&quot;&quot;,&quot;sizes&quot;:[]},&quot;_transform_translateX_effect_hover_mobile&quot;:{&quot;unit&quot;:&quot;px&quot;,&quot;size&quot;:&quot;&quot;,&quot;sizes&quot;:[]},&quot;_transform_translateY_effect_hover_tablet&quot;:{&quot;unit&quot;:&quot;px&quot;,&quot;size&quot;:&quot;&quot;,&quot;sizes&quot;:[]},&quot;_transform_translateY_effect_hover_mobile&quot;:{&quot;unit&quot;:&quot;px&quot;,&quot;size&quot;:&quot;&quot;,&quot;sizes&quot;:[]}}\" data-widget_type=\"image.default\">\n\t\t\t\t<div class=\"elementor-widget-container\">\n\t\t\t\t\t\t\t\t\t\t\t\t\t\t\t<img fetchpriority=\"high\" decoding=\"async\" width=\"1024\" height=\"870\" src=\"https:\/\/lunapark-valentino.bg\/wp-content\/uploads\/2025\/02\/lamps-1024x870.png\" class=\"attachment-large size-large wp-image-864\" alt=\"\" srcset=\"https:\/\/lunapark-valentino.bg\/wp-content\/uploads\/2025\/02\/lamps-1024x870.png 1024w, https:\/\/lunapark-valentino.bg\/wp-content\/uploads\/2025\/02\/lamps-300x255.png 300w, https:\/\/lunapark-valentino.bg\/wp-content\/uploads\/2025\/02\/lamps-768x653.png 768w, https:\/\/lunapark-valentino.bg\/wp-content\/uploads\/2025\/02\/lamps-1536x1305.png 1536w, https:\/\/lunapark-valentino.bg\/wp-content\/uploads\/2025\/02\/lamps-2048x1740.png 2048w, https:\/\/lunapark-valentino.bg\/wp-content\/uploads\/2025\/02\/lamps-370x314.png 370w, https:\/\/lunapark-valentino.bg\/wp-content\/uploads\/2025\/02\/lamps-840x714.png 840w, https:\/\/lunapark-valentino.bg\/wp-content\/uploads\/2025\/02\/lamps-410x348.png 410w\" sizes=\"(max-width: 1024px) 100vw, 1024px\" \/>\t\t\t\t\t\t\t\t\t\t\t\t\t\t\t<\/div>\n\t\t\t\t<\/div>\n\t\t\t\t\t<\/div>\n\t\t\t\t<\/div>\n\t\t\t\t<section class=\"elementor-section elementor-top-section elementor-element elementor-element-54e8381 elementor-section-boxed elementor-section-height-default elementor-section-height-default sc_fly_static\" data-id=\"54e8381\" data-element_type=\"section\" data-e-type=\"section\">\n\t\t\t\t\t\t<div class=\"elementor-container elementor-column-gap-extended\">\n\t\t\t\t\t<div class=\"elementor-column elementor-col-50 elementor-top-column elementor-element elementor-element-ccd5660 sc_content_align_inherit sc_layouts_column_icons_position_left sc_fly_static\" data-id=\"ccd5660\" data-element_type=\"column\" data-e-type=\"column\">\n\t\t\t<div class=\"elementor-widget-wrap elementor-element-populated\">\n\t\t\t\t\t\t<div class=\"elementor-element elementor-element-0d49b75 sc_fly_static elementor-widget elementor-widget-text-editor\" data-id=\"0d49b75\" data-element_type=\"widget\" data-e-type=\"widget\" data-widget_type=\"text-editor.default\">\n\t\t\t\t<div class=\"elementor-widget-container\">\n\t\t\t\t\t\t\t\t\t<p>Uzak 1978 y\u0131l\u0131nda, 6 May\u0131s\u2019ta, k\u00fc\u00e7\u00fck bir Bulgar kasabas\u0131nda, b\u00fcy\u00fck hayalleri olan m\u00fctevaz\u0131 bir aile kendi hikayesine ba\u015flad\u0131. O zamanlar, k\u00fc\u00e7\u00fck ay\u00e7ekirde\u011fi paketleri satan bu i\u015fletmenin bir g\u00fcn en sevilen e\u011flence yerlerinden biri \u2013 Luna Park Valentino \u2013 olaca\u011f\u0131n\u0131 kimse tahmin edemezdi. Her \u015fey basit bir fikirle ba\u015flad\u0131: kaliteli \u00fcr\u00fcnler sunmak ve her m\u00fc\u015fteriye bir g\u00fcl\u00fcmseme kazand\u0131rmak. Zamanla, \u00e7ekirdeklere lokum da eklendi \u2013 pazardaki tezgahlar\u0131n\u0131n etraf\u0131na insanlar\u0131 toplayan tatl\u0131 bir lezzet. Ancak zamanla aile, ger\u00e7ek mutlulu\u011fun payla\u015f\u0131lan anlarda ve insanlar\u0131n sevincinde oldu\u011funu fark etti ve yaln\u0131zca bir i\u015f kurmaktan \u00f6te, nesilleri bir araya getiren bir yer yaratmaya karar verdi.<\/p>\t\t\t\t\t\t\t\t<\/div>\n\t\t\t\t<\/div>\n\t\t\t\t\t<\/div>\n\t\t<\/div>\n\t\t\t\t<div class=\"elementor-column elementor-col-50 elementor-top-column elementor-element elementor-element-e36591b sc_content_align_inherit sc_layouts_column_icons_position_left sc_fly_static\" data-id=\"e36591b\" data-element_type=\"column\" data-e-type=\"column\">\n\t\t\t<div class=\"elementor-widget-wrap elementor-element-populated\">\n\t\t\t\t\t\t<div class=\"elementor-element elementor-element-3f1772e sc_fly_static elementor-widget elementor-widget-image\" data-id=\"3f1772e\" data-element_type=\"widget\" data-e-type=\"widget\" data-widget_type=\"image.default\">\n\t\t\t\t<div class=\"elementor-widget-container\">\n\t\t\t\t\t\t\t\t\t\t\t\t\t\t\t<img decoding=\"async\" width=\"766\" height=\"1024\" src=\"https:\/\/lunapark-valentino.bg\/wp-content\/uploads\/2025\/02\/Image-from-Luboslav-Velikov-7-766x1024.jpeg\" class=\"attachment-large size-large wp-image-215\" alt=\"\" srcset=\"https:\/\/lunapark-valentino.bg\/wp-content\/uploads\/2025\/02\/Image-from-Luboslav-Velikov-7-766x1024.jpeg 766w, https:\/\/lunapark-valentino.bg\/wp-content\/uploads\/2025\/02\/Image-from-Luboslav-Velikov-7-224x300.jpeg 224w, https:\/\/lunapark-valentino.bg\/wp-content\/uploads\/2025\/02\/Image-from-Luboslav-Velikov-7-768x1026.jpeg 768w, https:\/\/lunapark-valentino.bg\/wp-content\/uploads\/2025\/02\/Image-from-Luboslav-Velikov-7-1149x1536.jpeg 1149w, https:\/\/lunapark-valentino.bg\/wp-content\/uploads\/2025\/02\/Image-from-Luboslav-Velikov-7-370x494.jpeg 370w, https:\/\/lunapark-valentino.bg\/wp-content\/uploads\/2025\/02\/Image-from-Luboslav-Velikov-7-840x1123.jpeg 840w, https:\/\/lunapark-valentino.bg\/wp-content\/uploads\/2025\/02\/Image-from-Luboslav-Velikov-7-410x548.jpeg 410w, https:\/\/lunapark-valentino.bg\/wp-content\/uploads\/2025\/02\/Image-from-Luboslav-Velikov-7.jpeg 1290w\" sizes=\"(max-width: 766px) 100vw, 766px\" \/>\t\t\t\t\t\t\t\t\t\t\t\t\t\t\t<\/div>\n\t\t\t\t<\/div>\n\t\t\t\t\t<\/div>\n\t\t<\/div>\n\t\t\t\t\t<\/div>\n\t\t<\/section>\n\t\t\t\t<section class=\"elementor-section elementor-top-section elementor-element elementor-element-ab7a97a elementor-section-boxed elementor-section-height-default elementor-section-height-default sc_fly_static\" data-id=\"ab7a97a\" data-element_type=\"section\" data-e-type=\"section\">\n\t\t\t\t\t\t<div class=\"elementor-container elementor-column-gap-extended\">\n\t\t\t\t\t<div class=\"elementor-column elementor-col-50 elementor-top-column elementor-element elementor-element-0797cef sc_content_align_inherit sc_layouts_column_icons_position_left sc_fly_static\" data-id=\"0797cef\" data-element_type=\"column\" data-e-type=\"column\">\n\t\t\t<div class=\"elementor-widget-wrap elementor-element-populated\">\n\t\t\t\t\t\t<div class=\"elementor-element elementor-element-a4db3ac sc_fly_static elementor-widget elementor-widget-text-editor\" data-id=\"a4db3ac\" data-element_type=\"widget\" data-e-type=\"widget\" data-widget_type=\"text-editor.default\">\n\t\t\t\t<div class=\"elementor-widget-container\">\n\t\t\t\t\t\t\t\t\t<div>Sonraki y\u0131llarda aile, hayallerini ger\u00e7e\u011fe d\u00f6n\u00fc\u015ft\u00fcrmek i\u00e7in kaynaklar\u0131n\u0131, ilhamlar\u0131n\u0131 ve b\u00fcy\u00fck \u00e7abalar\u0131n\u0131 bir araya getirdi. \u0130lk atraksiyonlar\u0131n\u0131 in\u015fa ettiler \u2013 m\u00fctevaz\u0131 ama hem \u00e7ocuklar\u0131 hem de yeti\u015fkinleri cezbetmeye yetecek kadar heyecan vericiydi. Luna Park Valentino, birka\u00e7 atl\u0131kar\u0131nca, at\u0131\u015f poligonu ve trambolin ile ba\u015flad\u0131, ancak b\u00fcy\u00fcleyici atmosferi ve kaliteli e\u011flenceye olan ba\u011fl\u0131l\u0131\u011f\u0131 sayesinde h\u0131zla b\u00fcy\u00fcd\u00fc.<\/div><div>Bug\u00fcn Luna Park Valentino, her mevsimde ziyaret edilebilecek m\u00fckemmel bir yerdir. \u0130lkbaharda park, \u00e7i\u00e7ekler ve taze hava ile canlan\u0131r; atraksiyonlar ise aile gezintileri ve \u00e7ocuk kahkahalar\u0131 i\u00e7in harika bir ortam sunar. Yaz, parlak \u0131\u015f\u0131klar, gece e\u011flenceleri ve ferahlat\u0131c\u0131 i\u00e7eceklerin zaman\u0131d\u0131r. Sonbaharda park, temal\u0131 dekorasyonlar ve insanlar\u0131 lezzetli at\u0131\u015ft\u0131rmal\u0131klar etraf\u0131nda birle\u015ftiren etkinliklerle s\u0131cakl\u0131k ve huzur sunar. K\u0131\u015f aylar\u0131nda ise Luna Park Valentino, kutlama \u0131\u015f\u0131klar\u0131, buz pateni pistleri ve s\u0131cak \u015farap gibi i\u00e7eceklerle ger\u00e7ek bir k\u0131\u015f masal\u0131na d\u00f6n\u00fc\u015f\u00fcr. \u00c7ekirdek paketleriyle ba\u015flayan m\u00fctevaz\u0131 bir ge\u00e7mi\u015ften unutulmaz an\u0131lar\u0131n yarat\u0131ld\u0131\u011f\u0131 bir yere d\u00f6n\u00fc\u015fen Luna Park Valentino, ne\u015fe, huzur ve aile gelene\u011finin simgesi olmaya devam ediyor.<\/div>\t\t\t\t\t\t\t\t<\/div>\n\t\t\t\t<\/div>\n\t\t\t\t\t<\/div>\n\t\t<\/div>\n\t\t\t\t<div class=\"elementor-column elementor-col-50 elementor-top-column elementor-element elementor-element-e344c47 sc_content_align_inherit sc_layouts_column_icons_position_left sc_fly_static\" data-id=\"e344c47\" data-element_type=\"column\" data-e-type=\"column\">\n\t\t\t<div class=\"elementor-widget-wrap elementor-element-populated\">\n\t\t\t\t\t\t<div class=\"elementor-element elementor-element-da9f6ae sc_fly_static elementor-widget elementor-widget-image\" data-id=\"da9f6ae\" data-element_type=\"widget\" data-e-type=\"widget\" data-widget_type=\"image.default\">\n\t\t\t\t<div class=\"elementor-widget-container\">\n\t\t\t\t\t\t\t\t\t\t\t\t\t\t\t<img decoding=\"async\" width=\"1024\" height=\"695\" src=\"https:\/\/lunapark-valentino.bg\/wp-content\/uploads\/2025\/02\/viber_image_2025-02-15_13-50-55-180-1024x695.jpg\" class=\"attachment-large size-large wp-image-731\" alt=\"\" srcset=\"https:\/\/lunapark-valentino.bg\/wp-content\/uploads\/2025\/02\/viber_image_2025-02-15_13-50-55-180-1024x695.jpg 1024w, https:\/\/lunapark-valentino.bg\/wp-content\/uploads\/2025\/02\/viber_image_2025-02-15_13-50-55-180-300x204.jpg 300w, https:\/\/lunapark-valentino.bg\/wp-content\/uploads\/2025\/02\/viber_image_2025-02-15_13-50-55-180-768x522.jpg 768w, https:\/\/lunapark-valentino.bg\/wp-content\/uploads\/2025\/02\/viber_image_2025-02-15_13-50-55-180-370x251.jpg 370w, https:\/\/lunapark-valentino.bg\/wp-content\/uploads\/2025\/02\/viber_image_2025-02-15_13-50-55-180-840x570.jpg 840w, https:\/\/lunapark-valentino.bg\/wp-content\/uploads\/2025\/02\/viber_image_2025-02-15_13-50-55-180-410x278.jpg 410w, https:\/\/lunapark-valentino.bg\/wp-content\/uploads\/2025\/02\/viber_image_2025-02-15_13-50-55-180.jpg 1290w\" sizes=\"(max-width: 1024px) 100vw, 1024px\" \/>\t\t\t\t\t\t\t\t\t\t\t\t\t\t\t<\/div>\n\t\t\t\t<\/div>\n\t\t\t\t\t<\/div>\n\t\t<\/div>\n\t\t\t\t\t<\/div>\n\t\t<\/section>\n\t\t\t\t<\/div>","protected":false},"excerpt":{"rendered":"<p>\u0417\u0430 \u043d\u0430\u0448\u0430\u0442\u0430 \u0444\u0438\u0440\u043c\u0430 \u041f\u0440\u0435\u0437 \u0434\u0430\u043b\u0435\u0447\u043d\u0430\u0442\u0430 1978 \u0433\u043e\u0434\u0438\u043d\u0430 \u043d\u0430 6-\u0442\u0438 \u041c\u0430\u0439, \u0432 \u043c\u0430\u043b\u043a\u043e \u0431\u044a\u043b\u0433\u0430\u0440\u0441\u043a\u043e \u0433\u0440\u0430\u0434\u0447\u0435, \u0435\u0434\u043d\u043e \u0441\u043a\u0440\u043e\u043c\u043d\u043e \u0441\u0435\u043c\u0435\u0439\u0441\u0442\u0432\u043e \u0441 \u0433\u043e\u043b\u0435\u043c\u0438 \u043c\u0435\u0447\u0442\u0438 \u043f\u043e\u0441\u0442\u0430\u0432\u044f \u043d\u0430\u0447\u0430\u043b\u043e\u0442\u043e \u043d\u0430 \u0441\u0432\u043e\u044f\u0442\u0430 \u0438\u0441\u0442\u043e\u0440\u0438\u044f. \u0422\u043e\u0433\u0430\u0432\u0430 \u043d\u0438\u043a\u043e\u0439 \u043d\u0435 \u043f\u043e\u0434\u043e\u0437\u0438\u0440\u0430, \u0447\u0435&hellip;<\/p>","protected":false},"author":1,"featured_media":0,"parent":0,"menu_order":0,"comment_status":"closed","ping_status":"closed","template":"","meta":{"footnotes":""},"class_list":["post-282","page","type-page","status-publish","hentry"],"yoast_head":"<!-- This site is optimized with the Yoast SEO plugin v27.3 - https:\/\/yoast.com\/product\/yoast-seo-wordpress\/ -->\n<title>\u0417\u0430 \u043d\u0430\u0441 - Lunapark Valentino<\/title>\n<meta name=\"robots\" content=\"index, follow, max-snippet:-1, max-image-preview:large, max-video-preview:-1\" \/>\n<link rel=\"canonical\" href=\"https:\/\/lunapark-valentino.bg\/tr\/\u0437\u0430-\u043d\u0430\u0441\/\" \/>\n<meta property=\"og:locale\" content=\"tr_TR\" \/>\n<meta property=\"og:type\" content=\"article\" \/>\n<meta property=\"og:title\" content=\"\u0417\u0430 \u043d\u0430\u0441 - Lunapark Valentino\" \/>\n<meta property=\"og:description\" content=\"\u0417\u0430 \u043d\u0430\u0448\u0430\u0442\u0430 \u0444\u0438\u0440\u043c\u0430 \u041f\u0440\u0435\u0437 \u0434\u0430\u043b\u0435\u0447\u043d\u0430\u0442\u0430 1978 \u0433\u043e\u0434\u0438\u043d\u0430 \u043d\u0430 6-\u0442\u0438 \u041c\u0430\u0439, \u0432 \u043c\u0430\u043b\u043a\u043e \u0431\u044a\u043b\u0433\u0430\u0440\u0441\u043a\u043e \u0433\u0440\u0430\u0434\u0447\u0435, \u0435\u0434\u043d\u043e \u0441\u043a\u0440\u043e\u043c\u043d\u043e \u0441\u0435\u043c\u0435\u0439\u0441\u0442\u0432\u043e \u0441 \u0433\u043e\u043b\u0435\u043c\u0438 \u043c\u0435\u0447\u0442\u0438 \u043f\u043e\u0441\u0442\u0430\u0432\u044f \u043d\u0430\u0447\u0430\u043b\u043e\u0442\u043e \u043d\u0430 \u0441\u0432\u043e\u044f\u0442\u0430 \u0438\u0441\u0442\u043e\u0440\u0438\u044f. \u0422\u043e\u0433\u0430\u0432\u0430 \u043d\u0438\u043a\u043e\u0439 \u043d\u0435 \u043f\u043e\u0434\u043e\u0437\u0438\u0440\u0430, \u0447\u0435&hellip;\" \/>\n<meta property=\"og:url\" content=\"https:\/\/lunapark-valentino.bg\/tr\/\u0437\u0430-\u043d\u0430\u0441\/\" \/>\n<meta property=\"og:site_name\" content=\"Lunapark Valentino\" \/>\n<meta property=\"article:modified_time\" content=\"2025-02-27T16:46:18+00:00\" \/>\n<meta property=\"og:image\" content=\"https:\/\/lunapark-valentino.bg\/wp-content\/uploads\/2025\/02\/lamps.png\" \/>\n\t<meta property=\"og:image:width\" content=\"2083\" \/>\n\t<meta property=\"og:image:height\" content=\"1770\" \/>\n\t<meta property=\"og:image:type\" content=\"image\/png\" \/>\n<meta name=\"twitter:card\" content=\"summary_large_image\" \/>\n<meta name=\"twitter:label1\" content=\"Tahmini okuma s\u00fcresi\" \/>\n\t<meta name=\"twitter:data1\" content=\"3 dakika\" \/>\n<script type=\"application\/ld+json\" class=\"yoast-schema-graph\">{\"@context\":\"https:\\\/\\\/schema.org\",\"@graph\":[{\"@type\":\"WebPage\",\"@id\":\"https:\\\/\\\/lunapark-valentino.bg\\\/%d0%b7%d0%b0-%d0%bd%d0%b0%d1%81\\\/\",\"url\":\"https:\\\/\\\/lunapark-valentino.bg\\\/%d0%b7%d0%b0-%d0%bd%d0%b0%d1%81\\\/\",\"name\":\"\u0417\u0430 \u043d\u0430\u0441 - Lunapark Valentino\",\"isPartOf\":{\"@id\":\"https:\\\/\\\/lunapark-valentino.bg\\\/#website\"},\"primaryImageOfPage\":{\"@id\":\"https:\\\/\\\/lunapark-valentino.bg\\\/%d0%b7%d0%b0-%d0%bd%d0%b0%d1%81\\\/#primaryimage\"},\"image\":{\"@id\":\"https:\\\/\\\/lunapark-valentino.bg\\\/%d0%b7%d0%b0-%d0%bd%d0%b0%d1%81\\\/#primaryimage\"},\"thumbnailUrl\":\"https:\\\/\\\/lunapark-valentino.bg\\\/wp-content\\\/uploads\\\/2025\\\/02\\\/lamps-1024x870.png\",\"datePublished\":\"2025-02-10T16:49:35+00:00\",\"dateModified\":\"2025-02-27T16:46:18+00:00\",\"breadcrumb\":{\"@id\":\"https:\\\/\\\/lunapark-valentino.bg\\\/%d0%b7%d0%b0-%d0%bd%d0%b0%d1%81\\\/#breadcrumb\"},\"inLanguage\":\"tr\",\"potentialAction\":[{\"@type\":\"ReadAction\",\"target\":[\"https:\\\/\\\/lunapark-valentino.bg\\\/%d0%b7%d0%b0-%d0%bd%d0%b0%d1%81\\\/\"]}]},{\"@type\":\"ImageObject\",\"inLanguage\":\"tr\",\"@id\":\"https:\\\/\\\/lunapark-valentino.bg\\\/%d0%b7%d0%b0-%d0%bd%d0%b0%d1%81\\\/#primaryimage\",\"url\":\"https:\\\/\\\/lunapark-valentino.bg\\\/wp-content\\\/uploads\\\/2025\\\/02\\\/lamps-1024x870.png\",\"contentUrl\":\"https:\\\/\\\/lunapark-valentino.bg\\\/wp-content\\\/uploads\\\/2025\\\/02\\\/lamps-1024x870.png\"},{\"@type\":\"BreadcrumbList\",\"@id\":\"https:\\\/\\\/lunapark-valentino.bg\\\/%d0%b7%d0%b0-%d0%bd%d0%b0%d1%81\\\/#breadcrumb\",\"itemListElement\":[{\"@type\":\"ListItem\",\"position\":1,\"name\":\"\u041d\u0430\u0447\u0430\u043b\u043e\",\"item\":\"https:\\\/\\\/lunapark-valentino.bg\\\/\"},{\"@type\":\"ListItem\",\"position\":2,\"name\":\"\u0417\u0430 \u043d\u0430\u0441\"}]},{\"@type\":\"WebSite\",\"@id\":\"https:\\\/\\\/lunapark-valentino.bg\\\/#website\",\"url\":\"https:\\\/\\\/lunapark-valentino.bg\\\/\",\"name\":\"Lunapark Valentino\",\"description\":\"\",\"publisher\":{\"@id\":\"https:\\\/\\\/lunapark-valentino.bg\\\/#organization\"},\"potentialAction\":[{\"@type\":\"SearchAction\",\"target\":{\"@type\":\"EntryPoint\",\"urlTemplate\":\"https:\\\/\\\/lunapark-valentino.bg\\\/?s={search_term_string}\"},\"query-input\":{\"@type\":\"PropertyValueSpecification\",\"valueRequired\":true,\"valueName\":\"search_term_string\"}}],\"inLanguage\":\"tr\"},{\"@type\":\"Organization\",\"@id\":\"https:\\\/\\\/lunapark-valentino.bg\\\/#organization\",\"name\":\"Lunapark Valentino\",\"url\":\"https:\\\/\\\/lunapark-valentino.bg\\\/\",\"logo\":{\"@type\":\"ImageObject\",\"inLanguage\":\"tr\",\"@id\":\"https:\\\/\\\/lunapark-valentino.bg\\\/#\\\/schema\\\/logo\\\/image\\\/\",\"url\":\"https:\\\/\\\/lunapark-valentino.bg\\\/wp-content\\\/uploads\\\/2025\\\/02\\\/Lunapark-Valentino-Logo.png\",\"contentUrl\":\"https:\\\/\\\/lunapark-valentino.bg\\\/wp-content\\\/uploads\\\/2025\\\/02\\\/Lunapark-Valentino-Logo.png\",\"width\":4950,\"height\":3214,\"caption\":\"Lunapark Valentino\"},\"image\":{\"@id\":\"https:\\\/\\\/lunapark-valentino.bg\\\/#\\\/schema\\\/logo\\\/image\\\/\"}}]}<\/script>\n<!-- \/ Yoast SEO plugin. -->","yoast_head_json":{"title":"\u0417\u0430 \u043d\u0430\u0441 - Lunapark Valentino","robots":{"index":"index","follow":"follow","max-snippet":"max-snippet:-1","max-image-preview":"max-image-preview:large","max-video-preview":"max-video-preview:-1"},"canonical":"https:\/\/lunapark-valentino.bg\/tr\/\u0437\u0430-\u043d\u0430\u0441\/","og_locale":"tr_TR","og_type":"article","og_title":"\u0417\u0430 \u043d\u0430\u0441 - Lunapark Valentino","og_description":"\u0417\u0430 \u043d\u0430\u0448\u0430\u0442\u0430 \u0444\u0438\u0440\u043c\u0430 \u041f\u0440\u0435\u0437 \u0434\u0430\u043b\u0435\u0447\u043d\u0430\u0442\u0430 1978 \u0433\u043e\u0434\u0438\u043d\u0430 \u043d\u0430 6-\u0442\u0438 \u041c\u0430\u0439, \u0432 \u043c\u0430\u043b\u043a\u043e \u0431\u044a\u043b\u0433\u0430\u0440\u0441\u043a\u043e \u0433\u0440\u0430\u0434\u0447\u0435, \u0435\u0434\u043d\u043e \u0441\u043a\u0440\u043e\u043c\u043d\u043e \u0441\u0435\u043c\u0435\u0439\u0441\u0442\u0432\u043e \u0441 \u0433\u043e\u043b\u0435\u043c\u0438 \u043c\u0435\u0447\u0442\u0438 \u043f\u043e\u0441\u0442\u0430\u0432\u044f \u043d\u0430\u0447\u0430\u043b\u043e\u0442\u043e \u043d\u0430 \u0441\u0432\u043e\u044f\u0442\u0430 \u0438\u0441\u0442\u043e\u0440\u0438\u044f. \u0422\u043e\u0433\u0430\u0432\u0430 \u043d\u0438\u043a\u043e\u0439 \u043d\u0435 \u043f\u043e\u0434\u043e\u0437\u0438\u0440\u0430, \u0447\u0435&hellip;","og_url":"https:\/\/lunapark-valentino.bg\/tr\/\u0437\u0430-\u043d\u0430\u0441\/","og_site_name":"Lunapark Valentino","article_modified_time":"2025-02-27T16:46:18+00:00","og_image":[{"width":2083,"height":1770,"url":"https:\/\/lunapark-valentino.bg\/wp-content\/uploads\/2025\/02\/lamps.png","type":"image\/png"}],"twitter_card":"summary_large_image","twitter_misc":{"Tahmini okuma s\u00fcresi":"3 dakika"},"schema":{"@context":"https:\/\/schema.org","@graph":[{"@type":"WebPage","@id":"https:\/\/lunapark-valentino.bg\/%d0%b7%d0%b0-%d0%bd%d0%b0%d1%81\/","url":"https:\/\/lunapark-valentino.bg\/%d0%b7%d0%b0-%d0%bd%d0%b0%d1%81\/","name":"\u0417\u0430 \u043d\u0430\u0441 - Lunapark Valentino","isPartOf":{"@id":"https:\/\/lunapark-valentino.bg\/#website"},"primaryImageOfPage":{"@id":"https:\/\/lunapark-valentino.bg\/%d0%b7%d0%b0-%d0%bd%d0%b0%d1%81\/#primaryimage"},"image":{"@id":"https:\/\/lunapark-valentino.bg\/%d0%b7%d0%b0-%d0%bd%d0%b0%d1%81\/#primaryimage"},"thumbnailUrl":"https:\/\/lunapark-valentino.bg\/wp-content\/uploads\/2025\/02\/lamps-1024x870.png","datePublished":"2025-02-10T16:49:35+00:00","dateModified":"2025-02-27T16:46:18+00:00","breadcrumb":{"@id":"https:\/\/lunapark-valentino.bg\/%d0%b7%d0%b0-%d0%bd%d0%b0%d1%81\/#breadcrumb"},"inLanguage":"tr","potentialAction":[{"@type":"ReadAction","target":["https:\/\/lunapark-valentino.bg\/%d0%b7%d0%b0-%d0%bd%d0%b0%d1%81\/"]}]},{"@type":"ImageObject","inLanguage":"tr","@id":"https:\/\/lunapark-valentino.bg\/%d0%b7%d0%b0-%d0%bd%d0%b0%d1%81\/#primaryimage","url":"https:\/\/lunapark-valentino.bg\/wp-content\/uploads\/2025\/02\/lamps-1024x870.png","contentUrl":"https:\/\/lunapark-valentino.bg\/wp-content\/uploads\/2025\/02\/lamps-1024x870.png"},{"@type":"BreadcrumbList","@id":"https:\/\/lunapark-valentino.bg\/%d0%b7%d0%b0-%d0%bd%d0%b0%d1%81\/#breadcrumb","itemListElement":[{"@type":"ListItem","position":1,"name":"\u041d\u0430\u0447\u0430\u043b\u043e","item":"https:\/\/lunapark-valentino.bg\/"},{"@type":"ListItem","position":2,"name":"\u0417\u0430 \u043d\u0430\u0441"}]},{"@type":"WebSite","@id":"https:\/\/lunapark-valentino.bg\/#website","url":"https:\/\/lunapark-valentino.bg\/","name":"Lunapark Valentino","description":"","publisher":{"@id":"https:\/\/lunapark-valentino.bg\/#organization"},"potentialAction":[{"@type":"SearchAction","target":{"@type":"EntryPoint","urlTemplate":"https:\/\/lunapark-valentino.bg\/?s={search_term_string}"},"query-input":{"@type":"PropertyValueSpecification","valueRequired":true,"valueName":"search_term_string"}}],"inLanguage":"tr"},{"@type":"Organization","@id":"https:\/\/lunapark-valentino.bg\/#organization","name":"Lunapark Valentino","url":"https:\/\/lunapark-valentino.bg\/","logo":{"@type":"ImageObject","inLanguage":"tr","@id":"https:\/\/lunapark-valentino.bg\/#\/schema\/logo\/image\/","url":"https:\/\/lunapark-valentino.bg\/wp-content\/uploads\/2025\/02\/Lunapark-Valentino-Logo.png","contentUrl":"https:\/\/lunapark-valentino.bg\/wp-content\/uploads\/2025\/02\/Lunapark-Valentino-Logo.png","width":4950,"height":3214,"caption":"Lunapark Valentino"},"image":{"@id":"https:\/\/lunapark-valentino.bg\/#\/schema\/logo\/image\/"}}]}},"_links":{"self":[{"href":"https:\/\/lunapark-valentino.bg\/tr\/wp-json\/wp\/v2\/pages\/282","targetHints":{"allow":["GET"]}}],"collection":[{"href":"https:\/\/lunapark-valentino.bg\/tr\/wp-json\/wp\/v2\/pages"}],"about":[{"href":"https:\/\/lunapark-valentino.bg\/tr\/wp-json\/wp\/v2\/types\/page"}],"author":[{"embeddable":true,"href":"https:\/\/lunapark-valentino.bg\/tr\/wp-json\/wp\/v2\/users\/1"}],"replies":[{"embeddable":true,"href":"https:\/\/lunapark-valentino.bg\/tr\/wp-json\/wp\/v2\/comments?post=282"}],"version-history":[{"count":133,"href":"https:\/\/lunapark-valentino.bg\/tr\/wp-json\/wp\/v2\/pages\/282\/revisions"}],"predecessor-version":[{"id":1281,"href":"https:\/\/lunapark-valentino.bg\/tr\/wp-json\/wp\/v2\/pages\/282\/revisions\/1281"}],"wp:attachment":[{"href":"https:\/\/lunapark-valentino.bg\/tr\/wp-json\/wp\/v2\/media?parent=282"}],"curies":[{"name":"wp","href":"https:\/\/api.w.org\/{rel}","templated":true}]}}