{"id":1266,"date":"2025-02-23T18:47:38","date_gmt":"2025-02-23T16:47:38","guid":{"rendered":"https:\/\/valentino.velikov-design.net\/?page_id=1266"},"modified":"2025-02-23T18:48:29","modified_gmt":"2025-02-23T16:48:29","slug":"%d0%bf%d0%be%d0%bb%d0%b8%d1%82%d0%b8%d0%ba%d0%b0-%d0%b7%d0%b0-%d0%b1%d0%b8%d1%81%d0%ba%d0%b2%d0%b8%d1%82%d0%ba%d0%b8%d1%82%d0%b5","status":"publish","type":"page","link":"https:\/\/lunapark-valentino.bg\/tr\/%d0%bf%d0%be%d0%bb%d0%b8%d1%82%d0%b8%d0%ba%d0%b0-%d0%b7%d0%b0-%d0%b1%d0%b8%d1%81%d0%ba%d0%b2%d0%b8%d1%82%d0%ba%d0%b8%d1%82%d0%b5\/","title":{"rendered":"\u00c7erez Politikas\u0131"},"content":{"rendered":"<div data-elementor-type=\"wp-page\" data-elementor-id=\"1266\" class=\"elementor elementor-1266\" data-elementor-post-type=\"page\">\n\t\t\t\t\t\t<section class=\"elementor-section elementor-top-section elementor-element elementor-element-58c1a79d elementor-section-boxed elementor-section-height-default elementor-section-height-default sc_fly_static\" data-id=\"58c1a79d\" data-element_type=\"section\" data-e-type=\"section\">\n\t\t\t\t\t\t<div class=\"elementor-container elementor-column-gap-extended\">\n\t\t\t\t\t<div class=\"elementor-column elementor-col-100 elementor-top-column elementor-element elementor-element-14747347 sc_content_align_inherit sc_layouts_column_icons_position_left sc_fly_static\" data-id=\"14747347\" data-element_type=\"column\" data-e-type=\"column\">\n\t\t\t<div class=\"elementor-widget-wrap elementor-element-populated\">\n\t\t\t\t\t\t<div class=\"elementor-element elementor-element-6988ef5d sc_fly_static elementor-widget elementor-widget-spacer\" data-id=\"6988ef5d\" data-element_type=\"widget\" data-e-type=\"widget\" data-widget_type=\"spacer.default\">\n\t\t\t\t<div class=\"elementor-widget-container\">\n\t\t\t\t\t\t\t<div class=\"elementor-spacer\">\n\t\t\t<div class=\"elementor-spacer-inner\"><\/div>\n\t\t<\/div>\n\t\t\t\t\t\t<\/div>\n\t\t\t\t<\/div>\n\t\t\t\t<div class=\"elementor-element elementor-element-39819ba sc_fly_static elementor-widget elementor-widget-spacer\" data-id=\"39819ba\" data-element_type=\"widget\" data-e-type=\"widget\" data-widget_type=\"spacer.default\">\n\t\t\t\t<div class=\"elementor-widget-container\">\n\t\t\t\t\t\t\t<div class=\"elementor-spacer\">\n\t\t\t<div class=\"elementor-spacer-inner\"><\/div>\n\t\t<\/div>\n\t\t\t\t\t\t<\/div>\n\t\t\t\t<\/div>\n\t\t\t\t\t<\/div>\n\t\t<\/div>\n\t\t\t\t\t<\/div>\n\t\t<\/section>\n\t\t\t\t<section class=\"elementor-section elementor-top-section elementor-element elementor-element-325689c3 elementor-section-boxed elementor-section-height-default elementor-section-height-default sc_fly_static\" data-id=\"325689c3\" data-element_type=\"section\" data-e-type=\"section\" data-settings=\"{&quot;background_background&quot;:&quot;classic&quot;}\">\n\t\t\t\t\t\t<div class=\"elementor-container elementor-column-gap-extended\">\n\t\t\t\t\t<div class=\"elementor-column elementor-col-100 elementor-top-column elementor-element elementor-element-c0ce289 sc_content_align_inherit sc_layouts_column_icons_position_left sc_fly_static\" data-id=\"c0ce289\" data-element_type=\"column\" data-e-type=\"column\">\n\t\t\t<div class=\"elementor-widget-wrap elementor-element-populated\">\n\t\t\t\t\t\t<div class=\"elementor-element elementor-element-1fa92a25 sc_fly_static elementor-widget elementor-widget-text-editor\" data-id=\"1fa92a25\" data-element_type=\"widget\" data-e-type=\"widget\" data-widget_type=\"text-editor.default\">\n\t\t\t\t<div class=\"elementor-widget-container\">\n\t\t\t\t\t\t\t\t\t<h2><strong>\u00c7erez Politikas\u0131<\/strong><\/h2><p>\u00c7erezlerin Kullan\u0131m\u0131<\/p><p>\"\u00c7erezler\", farkl\u0131 web sitelerini ve internet sayfalar\u0131n\u0131 ziyaret etti\u011finizde, internet taray\u0131c\u0131n\u0131z taraf\u0131ndan u\u00e7 cihaz\u0131n\u0131za (bilgisayar, tablet, diz\u00fcst\u00fc bilgisayar veya cep telefonu) kaydedilen k\u0131sa metin dosyalar\u0131 veya k\u00fc\u00e7\u00fck bilgi paketleridir. \u00c7erezlerin temel amac\u0131, kullan\u0131c\u0131n\u0131n Web Sitesine tekrar d\u00f6nd\u00fc\u011f\u00fcnde tan\u0131nmas\u0131n\u0131 sa\u011flamakt\u0131r. Baz\u0131 \u00e7erezlerin kullan\u0131c\u0131 davran\u0131\u015f\u0131n\u0131 kaydetmek ve Web Sitesinin kullan\u0131m\u0131n\u0131 kolayla\u015ft\u0131rmak gibi daha \u00f6zel i\u015flevleri de vard\u0131r. \u00c7erezlerin nas\u0131l \u00e7al\u0131\u015ft\u0131\u011f\u0131 hakk\u0131nda daha fazla bilgiyi internet \u00fczerinde bulabilirsiniz.<\/p><p>Bu Web Sitesinde \"\u00e7erezler\" nas\u0131l kullan\u0131l\u0131r?<\/p><p>\u00a0<\/p><p>Bu Web Sitesinde \"\u00e7erezleri\" temel olarak sitenin kullan\u0131m\u0131n\u0131 kolayla\u015ft\u0131rmak, performans\u0131n\u0131 art\u0131rmak ve kullan\u0131c\u0131 davran\u0131\u015flar\u0131 hakk\u0131nda bilgi saklamak amac\u0131yla kullan\u0131yoruz. Bu s\u00fcre\u00e7te hi\u00e7bir ki\u015fisel veri saklanmamaktad\u0131r, yani web sitesindeki \u00e7erezler arac\u0131l\u0131\u011f\u0131yla sizi ki\u015fisel olarak tan\u0131mlamak m\u00fcmk\u00fcn de\u011fildir. Bu nedenle, bu bilgiler Ki\u015fisel Verilerin Korunmas\u0131 Kanunu kapsam\u0131nda de\u011fildir. \u00c7erezler arac\u0131l\u0131\u011f\u0131yla toplanan bilgiler genellikle kullan\u0131c\u0131 davran\u0131\u015flar\u0131n\u0131 analiz etmek amac\u0131yla toplu olarak kullan\u0131lmakta olup sitenin i\u015flevselli\u011fini, kullan\u0131c\u0131 navigasyonunu ve sunulan i\u00e7eri\u011fi iyile\u015ftirmemize olanak sa\u011flar.<\/p><p>\u00a0<\/p><p>\u00c7erezler do\u011frudan pazarlama ama\u00e7lar\u0131 i\u00e7in, \u00f6zellikle kullan\u0131c\u0131ya Web Sitesi d\u0131\u015f\u0131nda elektronik ticari mesajlar\u0131n sunulmas\u0131 i\u00e7in de kullan\u0131labilir.<\/p><p><strong>\u00a0<\/strong><\/p><p>Bu Web Sitesinde hangi t\u00fcr \"\u00e7erezler\" kullan\u0131lmaktad\u0131r?<\/p><p><strong>Oturum \u00e7erezleri<\/strong><\/p><p>Bu t\u00fcr \u00e7erezler, Web Sitesini kullan\u0131m\u0131n\u0131z\u0131 kolayla\u015ft\u0131rmak i\u00e7in, sadece taray\u0131c\u0131 oturumunuz s\u00fcresince ge\u00e7ici olarak bilgi saklar. Genellikle bu bilgiler aras\u0131nda sepete ekledi\u011finiz \u00fcr\u00fcn veya hizmetler, ziyaret etti\u011finiz sayfalar ve belirli bir bilgiye nas\u0131l ula\u015ft\u0131\u011f\u0131n\u0131z yer al\u0131r. Bu \u00e7erezler cihaz\u0131n\u0131zdan herhangi bir bilgi toplamaz ve Web Sitesinden ayr\u0131ld\u0131\u011f\u0131n\u0131zda veya taray\u0131c\u0131 oturumunuzu sonland\u0131rd\u0131\u011f\u0131n\u0131zda otomatik olarak silinir.<\/p><p><strong>\u00a0<\/strong><\/p><p><strong>Kal\u0131c\u0131 \u00c7erezler<\/strong><\/p><p>Bu \u00e7erezler, site ziyaretlerinizi analiz etmek, Web Sitesine nas\u0131l ula\u015ft\u0131\u011f\u0131n\u0131z\u0131, hangi sayfalar\u0131 g\u00f6r\u00fcnt\u00fcledi\u011finizi, hangi se\u00e7enekleri tercih etti\u011finizi ve sitede nas\u0131l gezindi\u011finizi takip etmemize olanak tan\u0131r. Bu bilgileri izleyerek Web Sitesinde iyile\u015ftirmeler yapabilir, hatalar\u0131 d\u00fczeltebilir ve i\u00e7eri\u011fi zenginle\u015ftirebiliriz. Bu t\u00fcr \u00e7erezlerin saklama s\u00fcresi, kullan\u0131m ama\u00e7lar\u0131na g\u00f6re de\u011fi\u015fiklik g\u00f6sterir.<\/p><p><strong>\u00a0<\/strong><\/p><p><strong>\u00dc\u00e7\u00fcnc\u00fc Taraf \u00c7erezleri<\/strong><\/p><p>Web Sitesinde Facebook, YouTube, Twitter, LinkedIn gibi di\u011fer web sitelerine veya i\u015f ortaklar\u0131m\u0131z\u0131n sitelerine ba\u011flant\u0131lar ya da bu sitelerden g\u00f6m\u00fcl\u00fc i\u00e7erikler bulunabilir. Bu siteleri ziyaret etti\u011finizde veya g\u00f6m\u00fcl\u00fc i\u00e7eriklerini a\u00e7t\u0131\u011f\u0131n\u0131zda, u\u00e7 cihaz\u0131n\u0131zda bu sitelere ait \u00e7erezler depolanabilir. Bu \u00e7erezler \"\u00fc\u00e7\u00fcnc\u00fc taraf \u00e7erezleri\" olarak tan\u0131mlan\u0131r ve bu \u00e7erezlerin olu\u015fturulmas\u0131 ve y\u00f6netimi \u00fczerinde bizim kontrol\u00fcm\u00fcz yoktur. Bu nedenle, bu \u00e7erezler hakk\u0131nda daha fazla bilgiyi ilgili web sitelerinden edinmenizi \u00f6neririz.<\/p><p><strong>\u00a0<\/strong><\/p><p>\"\u00c7erezlerin\" kullan\u0131m\u0131n\u0131 nas\u0131l y\u00f6netebilirim?<\/p><p>\u00a0<\/p><p>T\u00fcm internet taray\u0131c\u0131lar\u0131, \u00e7erezleri y\u00f6netmenize olanak tan\u0131r. Taray\u0131c\u0131 ayarlar\u0131n\u0131zda \u00f6zel olarak ayr\u0131lm\u0131\u015f \u00e7erez klas\u00f6r\u00fcnden \u00e7erez al\u0131m\u0131n\u0131 engelleyebilir, t\u00fcm\u00fcn\u00fc veya bir k\u0131sm\u0131n\u0131 silebilir ya da Web Sitemizi ziyaret etmeden \u00f6nce \u00e7erez kullan\u0131m tercihlerinizi belirleyebilirsiniz. Ancak \u00e7erezlerin silinmesi veya engellenmesi, Web Sitemizin i\u015flevselli\u011fini ve dolay\u0131s\u0131yla kullan\u0131c\u0131 deneyiminizi olumsuz etkileyebilir.<\/p><p><strong>\u00a0<\/strong><\/p><p><strong>\u00c7erezleri Devre D\u0131\u015f\u0131 B\u0131rakma veya Engelleme<\/strong><\/p><p>\u041a\u043e\u043d\u0442\u0440\u043e\u043b\u0438\u0440\u0430\u043d\u0435\u0442\u043e, \u0438\u0437\u043a\u043b\u044e\u0447\u0432\u0430\u043d\u0435\u0442\u043e \u0438\u043b\u0438 \u0431\u043b\u043e\u043a\u0438\u0440\u0430\u043d\u0435\u0442\u043e \u043d\u0430 \u201e\u0431\u0438\u0441\u043a\u0432\u0438\u0442\u043a\u0438\u0442\u0435\u201c \u0441\u0435 \u0443\u043f\u0440\u0430\u0432\u043b\u044f\u0432\u0430 \u043e\u0442 \u043d\u0430\u0441\u0442\u0440\u043e\u0439\u043a\u0438\u0442\u0435 \u043d\u0430 \u0412\u0430\u0448\u0438\u044f \u0431\u0440\u0430\u0443\u0437\u0435\u0440. \u0418\u043c\u0430\u0439\u0442\u0435 \u043f\u0440\u0435\u0434\u0432\u0438\u0434, \u0447\u0435 \u043f\u044a\u043b\u043d\u0430\u0442\u0430 \u0437\u0430\u0431\u0440\u0430\u043d\u0430 \u043d\u0430 \u0438\u0437\u043f\u043e\u043b\u0437\u0432\u0430\u043d\u0435\u0442\u043e \u043d\u0430 \u0432\u0441\u0438\u0447\u043a\u0438 \u201e\u0431\u0438\u0441\u043a\u0432\u0438\u0442\u043a\u0438\u201c, \u043c\u043e\u0436\u0435 \u0434\u0430 \u0440\u0435\u0444\u043b\u0435\u043a\u0442\u0438\u0440\u0430 \u0432\u044a\u0440\u0445\u0443 \u0444\u0443\u043d\u043a\u0446\u0438\u043e\u043d\u0430\u043b\u043d\u043e\u0442\u043e \u043f\u0440\u0435\u0434\u0441\u0442\u0430\u0432\u044f\u043d\u0435 \u043d\u0430 \u0441\u0430\u0439\u0442\u0430, \u043d\u0435\u0433\u043e\u0432\u0430\u0442\u0430 \u0435\u0444\u0435\u043a\u0442\u0438\u0432\u043d\u043e\u0441\u0442 \u0438 \u0434\u043e\u0441\u0442\u044a\u043f\u0432\u0430\u043d\u0435\u0442\u043e \u043d\u0430 \u043e\u043f\u0440\u0435\u0434\u0435\u043b\u0435\u043d\u0430 \u0438\u043d\u0444\u043e\u0440\u043c\u0430\u0446\u0438\u044f.<\/p>\t\t\t\t\t\t\t\t<\/div>\n\t\t\t\t<\/div>\n\t\t\t\t\t<\/div>\n\t\t<\/div>\n\t\t\t\t\t<\/div>\n\t\t<\/section>\n\t\t\t\t<\/div>","protected":false},"excerpt":{"rendered":"<p>\u041f\u043e\u043b\u0438\u0442\u0438\u043a\u0430 \u0437\u0430 \u201e\u0431\u0438\u0441\u043a\u0432\u0438\u0442\u043a\u0438\u201c \u0418\u0437\u043f\u043e\u043b\u0437\u0432\u0430\u043d\u0435 \u043d\u0430 \u201e\u0431\u0438\u0441\u043a\u0432\u0438\u0442\u043a\u0438\u201c \u201e\u0411\u0438\u0441\u043a\u0432\u0438\u0442\u043a\u0438\u0442\u0435\u201c \u0441\u0430 \u043a\u0440\u0430\u0442\u043a\u0438 \u0442\u0435\u043a\u0441\u0442\u043e\u0432\u0438 \u0444\u0430\u0439\u043b\u043e\u0432\u0435 \u0438\u043b\u0438 \u043c\u0430\u043b\u043a\u0438 \u043f\u0430\u043a\u0435\u0442\u0438 \u043e\u0442 \u0438\u043d\u0444\u043e\u0440\u043c\u0430\u0446\u0438\u044f, \u043a\u043e\u0438\u0442\u043e \u0441\u0435 \u0441\u044a\u0445\u0440\u0430\u043d\u044f\u0432\u0430\u0442 \u0447\u0440\u0435\u0437 \u0418\u043d\u0442\u0435\u0440\u043d\u0435\u0442 \u0431\u0440\u0430\u0443\u0437\u0435\u0440\u0430 \u043d\u0430 \u0412\u0430\u0448\u0435\u0442\u043e \u043a\u0440\u0430\u0439\u043d\u043e \u0443\u0441\u0442\u0440\u043e\u0439\u0441\u0442\u0432\u043e (\u043a\u043e\u043c\u043f\u044e\u0442\u044a\u0440, \u0442\u0430\u0431\u043b\u0435\u0442, \u043b\u0430\u043f\u0442\u043e\u043f \u0438\u043b\u0438&hellip;<\/p>","protected":false},"author":1,"featured_media":0,"parent":0,"menu_order":0,"comment_status":"closed","ping_status":"closed","template":"","meta":{"footnotes":""},"class_list":["post-1266","page","type-page","status-publish","hentry"],"yoast_head":"<!-- This site is optimized with the Yoast SEO plugin v27.3 - https:\/\/yoast.com\/product\/yoast-seo-wordpress\/ -->\n<title>\u041f\u043e\u043b\u0438\u0442\u0438\u043a\u0430 \u0437\u0430 \u0431\u0438\u0441\u043a\u0432\u0438\u0442\u043a\u0438\u0442\u0435 - Lunapark Valentino<\/title>\n<meta name=\"robots\" content=\"index, follow, max-snippet:-1, max-image-preview:large, max-video-preview:-1\" \/>\n<link rel=\"canonical\" href=\"https:\/\/lunapark-valentino.bg\/tr\/\u043f\u043e\u043b\u0438\u0442\u0438\u043a\u0430-\u0437\u0430-\u0431\u0438\u0441\u043a\u0432\u0438\u0442\u043a\u0438\u0442\u0435\/\" \/>\n<meta property=\"og:locale\" content=\"tr_TR\" \/>\n<meta property=\"og:type\" content=\"article\" \/>\n<meta property=\"og:title\" content=\"\u041f\u043e\u043b\u0438\u0442\u0438\u043a\u0430 \u0437\u0430 \u0431\u0438\u0441\u043a\u0432\u0438\u0442\u043a\u0438\u0442\u0435 - Lunapark Valentino\" \/>\n<meta property=\"og:description\" content=\"\u041f\u043e\u043b\u0438\u0442\u0438\u043a\u0430 \u0437\u0430 \u201e\u0431\u0438\u0441\u043a\u0432\u0438\u0442\u043a\u0438\u201c \u0418\u0437\u043f\u043e\u043b\u0437\u0432\u0430\u043d\u0435 \u043d\u0430 \u201e\u0431\u0438\u0441\u043a\u0432\u0438\u0442\u043a\u0438\u201c \u201e\u0411\u0438\u0441\u043a\u0432\u0438\u0442\u043a\u0438\u0442\u0435\u201c \u0441\u0430 \u043a\u0440\u0430\u0442\u043a\u0438 \u0442\u0435\u043a\u0441\u0442\u043e\u0432\u0438 \u0444\u0430\u0439\u043b\u043e\u0432\u0435 \u0438\u043b\u0438 \u043c\u0430\u043b\u043a\u0438 \u043f\u0430\u043a\u0435\u0442\u0438 \u043e\u0442 \u0438\u043d\u0444\u043e\u0440\u043c\u0430\u0446\u0438\u044f, \u043a\u043e\u0438\u0442\u043e \u0441\u0435 \u0441\u044a\u0445\u0440\u0430\u043d\u044f\u0432\u0430\u0442 \u0447\u0440\u0435\u0437 \u0418\u043d\u0442\u0435\u0440\u043d\u0435\u0442 \u0431\u0440\u0430\u0443\u0437\u0435\u0440\u0430 \u043d\u0430 \u0412\u0430\u0448\u0435\u0442\u043e \u043a\u0440\u0430\u0439\u043d\u043e \u0443\u0441\u0442\u0440\u043e\u0439\u0441\u0442\u0432\u043e (\u043a\u043e\u043c\u043f\u044e\u0442\u044a\u0440, \u0442\u0430\u0431\u043b\u0435\u0442, \u043b\u0430\u043f\u0442\u043e\u043f \u0438\u043b\u0438&hellip;\" \/>\n<meta property=\"og:url\" content=\"https:\/\/lunapark-valentino.bg\/tr\/\u043f\u043e\u043b\u0438\u0442\u0438\u043a\u0430-\u0437\u0430-\u0431\u0438\u0441\u043a\u0432\u0438\u0442\u043a\u0438\u0442\u0435\/\" \/>\n<meta property=\"og:site_name\" content=\"Lunapark Valentino\" \/>\n<meta property=\"article:modified_time\" content=\"2025-02-23T16:48:29+00:00\" \/>\n<meta name=\"twitter:card\" content=\"summary_large_image\" \/>\n<script type=\"application\/ld+json\" class=\"yoast-schema-graph\">{\"@context\":\"https:\\\/\\\/schema.org\",\"@graph\":[{\"@type\":\"WebPage\",\"@id\":\"https:\\\/\\\/lunapark-valentino.bg\\\/%d0%bf%d0%be%d0%bb%d0%b8%d1%82%d0%b8%d0%ba%d0%b0-%d0%b7%d0%b0-%d0%b1%d0%b8%d1%81%d0%ba%d0%b2%d0%b8%d1%82%d0%ba%d0%b8%d1%82%d0%b5\\\/\",\"url\":\"https:\\\/\\\/lunapark-valentino.bg\\\/%d0%bf%d0%be%d0%bb%d0%b8%d1%82%d0%b8%d0%ba%d0%b0-%d0%b7%d0%b0-%d0%b1%d0%b8%d1%81%d0%ba%d0%b2%d0%b8%d1%82%d0%ba%d0%b8%d1%82%d0%b5\\\/\",\"name\":\"\u041f\u043e\u043b\u0438\u0442\u0438\u043a\u0430 \u0437\u0430 \u0431\u0438\u0441\u043a\u0432\u0438\u0442\u043a\u0438\u0442\u0435 - Lunapark Valentino\",\"isPartOf\":{\"@id\":\"https:\\\/\\\/lunapark-valentino.bg\\\/#website\"},\"datePublished\":\"2025-02-23T16:47:38+00:00\",\"dateModified\":\"2025-02-23T16:48:29+00:00\",\"breadcrumb\":{\"@id\":\"https:\\\/\\\/lunapark-valentino.bg\\\/%d0%bf%d0%be%d0%bb%d0%b8%d1%82%d0%b8%d0%ba%d0%b0-%d0%b7%d0%b0-%d0%b1%d0%b8%d1%81%d0%ba%d0%b2%d0%b8%d1%82%d0%ba%d0%b8%d1%82%d0%b5\\\/#breadcrumb\"},\"inLanguage\":\"tr\",\"potentialAction\":[{\"@type\":\"ReadAction\",\"target\":[\"https:\\\/\\\/lunapark-valentino.bg\\\/%d0%bf%d0%be%d0%bb%d0%b8%d1%82%d0%b8%d0%ba%d0%b0-%d0%b7%d0%b0-%d0%b1%d0%b8%d1%81%d0%ba%d0%b2%d0%b8%d1%82%d0%ba%d0%b8%d1%82%d0%b5\\\/\"]}]},{\"@type\":\"BreadcrumbList\",\"@id\":\"https:\\\/\\\/lunapark-valentino.bg\\\/%d0%bf%d0%be%d0%bb%d0%b8%d1%82%d0%b8%d0%ba%d0%b0-%d0%b7%d0%b0-%d0%b1%d0%b8%d1%81%d0%ba%d0%b2%d0%b8%d1%82%d0%ba%d0%b8%d1%82%d0%b5\\\/#breadcrumb\",\"itemListElement\":[{\"@type\":\"ListItem\",\"position\":1,\"name\":\"\u041d\u0430\u0447\u0430\u043b\u043e\",\"item\":\"https:\\\/\\\/lunapark-valentino.bg\\\/\"},{\"@type\":\"ListItem\",\"position\":2,\"name\":\"\u041f\u043e\u043b\u0438\u0442\u0438\u043a\u0430 \u0437\u0430 \u0431\u0438\u0441\u043a\u0432\u0438\u0442\u043a\u0438\u0442\u0435\"}]},{\"@type\":\"WebSite\",\"@id\":\"https:\\\/\\\/lunapark-valentino.bg\\\/#website\",\"url\":\"https:\\\/\\\/lunapark-valentino.bg\\\/\",\"name\":\"Lunapark Valentino\",\"description\":\"\",\"publisher\":{\"@id\":\"https:\\\/\\\/lunapark-valentino.bg\\\/#organization\"},\"potentialAction\":[{\"@type\":\"SearchAction\",\"target\":{\"@type\":\"EntryPoint\",\"urlTemplate\":\"https:\\\/\\\/lunapark-valentino.bg\\\/?s={search_term_string}\"},\"query-input\":{\"@type\":\"PropertyValueSpecification\",\"valueRequired\":true,\"valueName\":\"search_term_string\"}}],\"inLanguage\":\"tr\"},{\"@type\":\"Organization\",\"@id\":\"https:\\\/\\\/lunapark-valentino.bg\\\/#organization\",\"name\":\"Lunapark Valentino\",\"url\":\"https:\\\/\\\/lunapark-valentino.bg\\\/\",\"logo\":{\"@type\":\"ImageObject\",\"inLanguage\":\"tr\",\"@id\":\"https:\\\/\\\/lunapark-valentino.bg\\\/#\\\/schema\\\/logo\\\/image\\\/\",\"url\":\"https:\\\/\\\/lunapark-valentino.bg\\\/wp-content\\\/uploads\\\/2025\\\/02\\\/Lunapark-Valentino-Logo.png\",\"contentUrl\":\"https:\\\/\\\/lunapark-valentino.bg\\\/wp-content\\\/uploads\\\/2025\\\/02\\\/Lunapark-Valentino-Logo.png\",\"width\":4950,\"height\":3214,\"caption\":\"Lunapark Valentino\"},\"image\":{\"@id\":\"https:\\\/\\\/lunapark-valentino.bg\\\/#\\\/schema\\\/logo\\\/image\\\/\"}}]}<\/script>\n<!-- \/ Yoast SEO plugin. -->","yoast_head_json":{"title":"\u041f\u043e\u043b\u0438\u0442\u0438\u043a\u0430 \u0437\u0430 \u0431\u0438\u0441\u043a\u0432\u0438\u0442\u043a\u0438\u0442\u0435 - Lunapark Valentino","robots":{"index":"index","follow":"follow","max-snippet":"max-snippet:-1","max-image-preview":"max-image-preview:large","max-video-preview":"max-video-preview:-1"},"canonical":"https:\/\/lunapark-valentino.bg\/tr\/\u043f\u043e\u043b\u0438\u0442\u0438\u043a\u0430-\u0437\u0430-\u0431\u0438\u0441\u043a\u0432\u0438\u0442\u043a\u0438\u0442\u0435\/","og_locale":"tr_TR","og_type":"article","og_title":"\u041f\u043e\u043b\u0438\u0442\u0438\u043a\u0430 \u0437\u0430 \u0431\u0438\u0441\u043a\u0432\u0438\u0442\u043a\u0438\u0442\u0435 - Lunapark Valentino","og_description":"\u041f\u043e\u043b\u0438\u0442\u0438\u043a\u0430 \u0437\u0430 \u201e\u0431\u0438\u0441\u043a\u0432\u0438\u0442\u043a\u0438\u201c \u0418\u0437\u043f\u043e\u043b\u0437\u0432\u0430\u043d\u0435 \u043d\u0430 \u201e\u0431\u0438\u0441\u043a\u0432\u0438\u0442\u043a\u0438\u201c \u201e\u0411\u0438\u0441\u043a\u0432\u0438\u0442\u043a\u0438\u0442\u0435\u201c \u0441\u0430 \u043a\u0440\u0430\u0442\u043a\u0438 \u0442\u0435\u043a\u0441\u0442\u043e\u0432\u0438 \u0444\u0430\u0439\u043b\u043e\u0432\u0435 \u0438\u043b\u0438 \u043c\u0430\u043b\u043a\u0438 \u043f\u0430\u043a\u0435\u0442\u0438 \u043e\u0442 \u0438\u043d\u0444\u043e\u0440\u043c\u0430\u0446\u0438\u044f, \u043a\u043e\u0438\u0442\u043e \u0441\u0435 \u0441\u044a\u0445\u0440\u0430\u043d\u044f\u0432\u0430\u0442 \u0447\u0440\u0435\u0437 \u0418\u043d\u0442\u0435\u0440\u043d\u0435\u0442 \u0431\u0440\u0430\u0443\u0437\u0435\u0440\u0430 \u043d\u0430 \u0412\u0430\u0448\u0435\u0442\u043e \u043a\u0440\u0430\u0439\u043d\u043e \u0443\u0441\u0442\u0440\u043e\u0439\u0441\u0442\u0432\u043e (\u043a\u043e\u043c\u043f\u044e\u0442\u044a\u0440, \u0442\u0430\u0431\u043b\u0435\u0442, \u043b\u0430\u043f\u0442\u043e\u043f \u0438\u043b\u0438&hellip;","og_url":"https:\/\/lunapark-valentino.bg\/tr\/\u043f\u043e\u043b\u0438\u0442\u0438\u043a\u0430-\u0437\u0430-\u0431\u0438\u0441\u043a\u0432\u0438\u0442\u043a\u0438\u0442\u0435\/","og_site_name":"Lunapark Valentino","article_modified_time":"2025-02-23T16:48:29+00:00","twitter_card":"summary_large_image","schema":{"@context":"https:\/\/schema.org","@graph":[{"@type":"WebPage","@id":"https:\/\/lunapark-valentino.bg\/%d0%bf%d0%be%d0%bb%d0%b8%d1%82%d0%b8%d0%ba%d0%b0-%d0%b7%d0%b0-%d0%b1%d0%b8%d1%81%d0%ba%d0%b2%d0%b8%d1%82%d0%ba%d0%b8%d1%82%d0%b5\/","url":"https:\/\/lunapark-valentino.bg\/%d0%bf%d0%be%d0%bb%d0%b8%d1%82%d0%b8%d0%ba%d0%b0-%d0%b7%d0%b0-%d0%b1%d0%b8%d1%81%d0%ba%d0%b2%d0%b8%d1%82%d0%ba%d0%b8%d1%82%d0%b5\/","name":"\u041f\u043e\u043b\u0438\u0442\u0438\u043a\u0430 \u0437\u0430 \u0431\u0438\u0441\u043a\u0432\u0438\u0442\u043a\u0438\u0442\u0435 - Lunapark Valentino","isPartOf":{"@id":"https:\/\/lunapark-valentino.bg\/#website"},"datePublished":"2025-02-23T16:47:38+00:00","dateModified":"2025-02-23T16:48:29+00:00","breadcrumb":{"@id":"https:\/\/lunapark-valentino.bg\/%d0%bf%d0%be%d0%bb%d0%b8%d1%82%d0%b8%d0%ba%d0%b0-%d0%b7%d0%b0-%d0%b1%d0%b8%d1%81%d0%ba%d0%b2%d0%b8%d1%82%d0%ba%d0%b8%d1%82%d0%b5\/#breadcrumb"},"inLanguage":"tr","potentialAction":[{"@type":"ReadAction","target":["https:\/\/lunapark-valentino.bg\/%d0%bf%d0%be%d0%bb%d0%b8%d1%82%d0%b8%d0%ba%d0%b0-%d0%b7%d0%b0-%d0%b1%d0%b8%d1%81%d0%ba%d0%b2%d0%b8%d1%82%d0%ba%d0%b8%d1%82%d0%b5\/"]}]},{"@type":"BreadcrumbList","@id":"https:\/\/lunapark-valentino.bg\/%d0%bf%d0%be%d0%bb%d0%b8%d1%82%d0%b8%d0%ba%d0%b0-%d0%b7%d0%b0-%d0%b1%d0%b8%d1%81%d0%ba%d0%b2%d0%b8%d1%82%d0%ba%d0%b8%d1%82%d0%b5\/#breadcrumb","itemListElement":[{"@type":"ListItem","position":1,"name":"\u041d\u0430\u0447\u0430\u043b\u043e","item":"https:\/\/lunapark-valentino.bg\/"},{"@type":"ListItem","position":2,"name":"\u041f\u043e\u043b\u0438\u0442\u0438\u043a\u0430 \u0437\u0430 \u0431\u0438\u0441\u043a\u0432\u0438\u0442\u043a\u0438\u0442\u0435"}]},{"@type":"WebSite","@id":"https:\/\/lunapark-valentino.bg\/#website","url":"https:\/\/lunapark-valentino.bg\/","name":"Lunapark Valentino","description":"","publisher":{"@id":"https:\/\/lunapark-valentino.bg\/#organization"},"potentialAction":[{"@type":"SearchAction","target":{"@type":"EntryPoint","urlTemplate":"https:\/\/lunapark-valentino.bg\/?s={search_term_string}"},"query-input":{"@type":"PropertyValueSpecification","valueRequired":true,"valueName":"search_term_string"}}],"inLanguage":"tr"},{"@type":"Organization","@id":"https:\/\/lunapark-valentino.bg\/#organization","name":"Lunapark Valentino","url":"https:\/\/lunapark-valentino.bg\/","logo":{"@type":"ImageObject","inLanguage":"tr","@id":"https:\/\/lunapark-valentino.bg\/#\/schema\/logo\/image\/","url":"https:\/\/lunapark-valentino.bg\/wp-content\/uploads\/2025\/02\/Lunapark-Valentino-Logo.png","contentUrl":"https:\/\/lunapark-valentino.bg\/wp-content\/uploads\/2025\/02\/Lunapark-Valentino-Logo.png","width":4950,"height":3214,"caption":"Lunapark Valentino"},"image":{"@id":"https:\/\/lunapark-valentino.bg\/#\/schema\/logo\/image\/"}}]}},"_links":{"self":[{"href":"https:\/\/lunapark-valentino.bg\/tr\/wp-json\/wp\/v2\/pages\/1266","targetHints":{"allow":["GET"]}}],"collection":[{"href":"https:\/\/lunapark-valentino.bg\/tr\/wp-json\/wp\/v2\/pages"}],"about":[{"href":"https:\/\/lunapark-valentino.bg\/tr\/wp-json\/wp\/v2\/types\/page"}],"author":[{"embeddable":true,"href":"https:\/\/lunapark-valentino.bg\/tr\/wp-json\/wp\/v2\/users\/1"}],"replies":[{"embeddable":true,"href":"https:\/\/lunapark-valentino.bg\/tr\/wp-json\/wp\/v2\/comments?post=1266"}],"version-history":[{"count":4,"href":"https:\/\/lunapark-valentino.bg\/tr\/wp-json\/wp\/v2\/pages\/1266\/revisions"}],"predecessor-version":[{"id":1270,"href":"https:\/\/lunapark-valentino.bg\/tr\/wp-json\/wp\/v2\/pages\/1266\/revisions\/1270"}],"wp:attachment":[{"href":"https:\/\/lunapark-valentino.bg\/tr\/wp-json\/wp\/v2\/media?parent=1266"}],"curies":[{"name":"wp","href":"https:\/\/api.w.org\/{rel}","templated":true}]}}