{"id":1257,"date":"2025-02-23T11:31:06","date_gmt":"2025-02-23T09:31:06","guid":{"rendered":"https:\/\/valentino.velikov-design.net\/?page_id=1257"},"modified":"2026-03-10T16:55:14","modified_gmt":"2026-03-10T14:55:14","slug":"terms-and-conditions","status":"publish","type":"page","link":"https:\/\/lunapark-valentino.bg\/tr\/terms-and-conditions\/","title":{"rendered":"Kullan\u0131m \u015eartlar\u0131"},"content":{"rendered":"<div data-elementor-type=\"wp-page\" data-elementor-id=\"1257\" class=\"elementor elementor-1257\" data-elementor-post-type=\"page\">\n\t\t\t\t\t\t<section class=\"elementor-section elementor-top-section elementor-element elementor-element-58c1a79d elementor-section-boxed elementor-section-height-default elementor-section-height-default sc_fly_static\" data-id=\"58c1a79d\" data-element_type=\"section\" data-e-type=\"section\">\n\t\t\t\t\t\t<div class=\"elementor-container elementor-column-gap-extended\">\n\t\t\t\t\t<div class=\"elementor-column elementor-col-100 elementor-top-column elementor-element elementor-element-14747347 sc_content_align_inherit sc_layouts_column_icons_position_left sc_fly_static\" data-id=\"14747347\" data-element_type=\"column\" data-e-type=\"column\">\n\t\t\t<div class=\"elementor-widget-wrap elementor-element-populated\">\n\t\t\t\t\t\t<div class=\"elementor-element elementor-element-6988ef5d sc_fly_static elementor-widget elementor-widget-spacer\" data-id=\"6988ef5d\" data-element_type=\"widget\" data-e-type=\"widget\" data-widget_type=\"spacer.default\">\n\t\t\t\t<div class=\"elementor-widget-container\">\n\t\t\t\t\t\t\t<div class=\"elementor-spacer\">\n\t\t\t<div class=\"elementor-spacer-inner\"><\/div>\n\t\t<\/div>\n\t\t\t\t\t\t<\/div>\n\t\t\t\t<\/div>\n\t\t\t\t<div class=\"elementor-element elementor-element-39819ba sc_fly_static elementor-widget elementor-widget-spacer\" data-id=\"39819ba\" data-element_type=\"widget\" data-e-type=\"widget\" data-widget_type=\"spacer.default\">\n\t\t\t\t<div class=\"elementor-widget-container\">\n\t\t\t\t\t\t\t<div class=\"elementor-spacer\">\n\t\t\t<div class=\"elementor-spacer-inner\"><\/div>\n\t\t<\/div>\n\t\t\t\t\t\t<\/div>\n\t\t\t\t<\/div>\n\t\t\t\t\t<\/div>\n\t\t<\/div>\n\t\t\t\t\t<\/div>\n\t\t<\/section>\n\t\t\t\t<section class=\"elementor-section elementor-top-section elementor-element elementor-element-325689c3 elementor-section-boxed elementor-section-height-default elementor-section-height-default sc_fly_static\" data-id=\"325689c3\" data-element_type=\"section\" data-e-type=\"section\" data-settings=\"{&quot;background_background&quot;:&quot;classic&quot;}\">\n\t\t\t\t\t\t<div class=\"elementor-container elementor-column-gap-extended\">\n\t\t\t\t\t<div class=\"elementor-column elementor-col-100 elementor-top-column elementor-element elementor-element-c0ce289 sc_content_align_inherit sc_layouts_column_icons_position_left sc_fly_static\" data-id=\"c0ce289\" data-element_type=\"column\" data-e-type=\"column\">\n\t\t\t<div class=\"elementor-widget-wrap elementor-element-populated\">\n\t\t\t\t\t\t<div class=\"elementor-element elementor-element-1fa92a25 sc_fly_static elementor-widget elementor-widget-text-editor\" data-id=\"1fa92a25\" data-element_type=\"widget\" data-e-type=\"widget\" data-widget_type=\"text-editor.default\">\n\t\t\t\t<div class=\"elementor-widget-container\">\n\t\t\t\t\t\t\t\t\t<h2>lunapark-valentino.bg Kullan\u0131m \u015eartlar\u0131<\/h2><p>\u0130\u015fbu genel \u015fartlar, bundan sonra k\u0131saca \u201cWeb Sitesi\u201d olarak an\u0131lacak olan lunapark-valentino.bg sitesinin kullan\u0131m ko\u015fullar\u0131n\u0131 d\u00fczenlemektedir.<\/p><p>Web Sitesi, bundan sonra k\u0131saca \u201c\u0130\u015fletmeci\u201d olarak an\u0131lacak olan Valentino \u2013 Park EOOD, \u015firket numaras\u0131 (UIC) 208138585 taraf\u0131ndan y\u00f6netilmektedir. Gerekli durumlarda a\u015fa\u011f\u0131daki ileti\u015fim bilgileri \u00fczerinden bizimle ileti\u015fime ge\u00e7ebilirsiniz:<\/p><p>E-mail: lunaparkvalentino@gmail.com<\/p><p>Telefon <a class=\"underline_hover\" href=\"tel:+359 899 819 996\">+359 899 819 996<\/a><\/p><p>Web Sitesini kullanarak kullan\u0131c\u0131 bu genel \u015fartlar\u0131 kabul etmi\u015f say\u0131l\u0131r. Bu \u015fartlar\u0131 kabul etmiyorsan\u0131z, Web Sitesini kullanmaktan ka\u00e7\u0131nman\u0131z gerekmektedir.<\/p><ol><li><strong>Fikri M\u00fclkiyet<\/strong><\/li><\/ol><ul><li>Web sitesinin bilgi kaynaklar\u0131 ve i\u00e7eri\u011fine ili\u015fkin fikri m\u00fclkiyet haklar\u0131n\u0131n tamam\u0131 Operat\u00f6r taraf\u0131ndan kullan\u0131lmaktad\u0131r. Bu haklar, Telif Haklar\u0131 ve \u0130lgili Haklar Kanunu kapsam\u0131nda korunmaktad\u0131r ve Operat\u00f6r\u2019\u00fcn izni olmadan Web sitesinin i\u00e7eri\u011finin herhangi bir \u015fekilde kullan\u0131lmas\u0131 hukuka ayk\u0131r\u0131d\u0131r. Bu durum, hukuki, idari veya cezai sorumlulu\u011fa yol a\u00e7abilir.<\/li><\/ul><ul><li>\u0130zin verilen s\u0131n\u0131rlar\u0131n \u00f6tesinde bilginin kopyalanmas\u0131 veya \u00e7o\u011falt\u0131lmas\u0131 durumunda, ayr\u0131ca Operat\u00f6r'\u00fcn kaynaklar\u0131 \u00fczerindeki fikri m\u00fclkiyet haklar\u0131n\u0131n herhangi bir \u015fekilde ihlal edilmesi halinde, Operat\u00f6r do\u011frudan ve dolayl\u0131 zararlar\u0131n\u0131n tamam\u0131 i\u00e7in tazminat talep etme hakk\u0131na sahiptir.<\/li><\/ul><ol start=\"2\"><li><strong>Sorumlulu\u011fun S\u0131n\u0131rland\u0131r\u0131lmas\u0131<\/strong><\/li><\/ol><p><strong>\u00a0<\/strong><\/p><ul><li>Operat\u00f6r, Web Sitesinin i\u00e7eri\u011fini g\u00fcncel tutmak i\u00e7in gerekli \u00f6nlemleri al\u0131r, ancak i\u00e7eri\u011fin ger\u00e7ek g\u00fcncelli\u011fi konusunda sorumluluk kabul etmez. Bu ba\u011flamda, Web Sitesinde yay\u0131nlanan i\u00e7erik ve eri\u015fim ile ilgili olarak kullan\u0131c\u0131lar\u0131n maruz kalabilece\u011fi do\u011frudan ve dolayl\u0131 zararlar, kay\u0131p k\u00e2rlar dahil olmak \u00fczere herhangi bir zarardan Operat\u00f6r sorumlu tutulamaz. Web Sitesini kullanan kullan\u0131c\u0131lar, son kullan\u0131c\u0131 cihazlar\u0131, yaz\u0131l\u0131m veya verileriyle ilgili riskler de dahil olmak \u00fczere t\u00fcm riskleri kabul eder.<\/li><\/ul><ul><li>Web Sitesinin i\u00e7eri\u011finde, harici ba\u011flant\u0131lar bulunmas\u0131 durumunda, kullan\u0131c\u0131 Operat\u00f6r'\u00fcn bu i\u00e7erikler \u00fczerinde herhangi bir kontrol\u00fc olmad\u0131\u011f\u0131n\u0131 ve Web Sitesi d\u0131\u015f\u0131na y\u00f6nlendiren ba\u011flant\u0131lar\u0131n t\u0131klanmas\u0131 sonucunda do\u011fabilecek herhangi bir sorumlulu\u011fu kabul etmedi\u011fini bilmektedir.<\/li><\/ul><p>Operat\u00f6r, Web Sitesini kullan\u0131rken kullan\u0131c\u0131ya y\u00f6nelik olabilecek \u00fc\u00e7\u00fcnc\u00fc taraflar\u0131n k\u00f6t\u00fc niyetli eylemlerinden sorumlu de\u011fildir. Kullan\u0131c\u0131, Web Sitesini kendi sorumlulu\u011funda kullan\u0131r.<\/p><ol start=\"3\"><li><strong>Kullan\u0131c\u0131 Kayd\u0131<\/strong><\/li><\/ol><p><strong>\u00a0<\/strong><\/p><ul><li>Operat\u00f6r, Web Sitesinin belirli bir b\u00f6l\u00fcm\u00fcn\u00fc yaln\u0131zca Web Sitesinde kullan\u0131c\u0131 profili olu\u015fturan kullan\u0131c\u0131lara sunma hakk\u0131n\u0131 sakl\u0131 tutar. Sadece kay\u0131tl\u0131 kullan\u0131c\u0131lara \u00f6zel olan ilgili i\u00e7erik, her zaman Operat\u00f6r taraf\u0131ndan bu \u015fekilde belirtilmelidir.<\/li><\/ul><ul><li>Kullan\u0131c\u0131 profili olu\u015fturarak, kullan\u0131c\u0131 Operat\u00f6r\u2019\u00fcn ki\u015fisel verilerini Web Sitesinde yay\u0131mlanan Gizlilik Politikas\u0131 kurallar\u0131na uygun olarak i\u015fleyece\u011fini kabul eder.<\/li><\/ul><ol start=\"4\"><li><strong>Web Sitesinin Kullan\u0131m\u0131<\/strong><\/li><\/ol><p><strong>\u00a0<\/strong><\/p><ul><li>Operat\u00f6r, kullan\u0131c\u0131lar\u0131n Web Sitesine i\u00e7erik y\u00fcklemelerine izin verdi\u011fi \u00f6l\u00e7\u00fcde, kullan\u0131c\u0131lar iftira i\u00e7eren, m\u00fcstehcen, sald\u0131rgan, pornografik veya ba\u015fka t\u00fcrl\u00fc yasad\u0131\u015f\u0131 veya ahlaka ayk\u0131r\u0131 i\u00e7erik y\u00fcklememelidir.<\/li><\/ul><p><strong>\u00a0<\/strong><\/p><ul><li>Kullan\u0131c\u0131lar, \u00fc\u00e7\u00fcnc\u00fc taraflar\u0131n i\u00e7eri\u011fe eri\u015fimini veya Web Sitesinin genel kullan\u0131m\u0131n\u0131 olumsuz etkileyebilecek k\u00f6t\u00fc niyetli eylemlerden ka\u00e7\u0131nmak da dahil olmak \u00fczere, Web Sitesini iyi niyetle kullanmal\u0131d\u0131r.<\/li><\/ul><p><strong>\u00a0<\/strong><\/p><ol start=\"5\"><li><strong>Di\u011ferleri<\/strong><\/li><\/ol><ul><li>Operat\u00f6r, mevcut kullan\u0131m \u015fartlar\u0131n\u0131 diledi\u011fi zaman kendi takdirine g\u00f6re de\u011fi\u015ftirme hakk\u0131n\u0131 sakl\u0131 tutar ve Web Sitesinin g\u00fcncel kullan\u0131m \u015fartlar\u0131 her zaman Web Sitesinde yay\u0131nlanacakt\u0131r.<\/li><\/ul><ul><li>\u0130\u015fbu Genel \u015eartlarda d\u00fczenlenmeyen t\u00fcm hususlar hakk\u0131nda Bulgaristan Cumhuriyeti'nin y\u00fcr\u00fcrl\u00fckteki mevzuat h\u00fck\u00fcmleri uygulan\u0131r.<\/li><\/ul>\t\t\t\t\t\t\t\t<\/div>\n\t\t\t\t<\/div>\n\t\t\t\t\t<\/div>\n\t\t<\/div>\n\t\t\t\t\t<\/div>\n\t\t<\/section>\n\t\t\t\t<\/div>","protected":false},"excerpt":{"rendered":"<p>\u041e\u0431\u0449\u0438 \u0443\u0441\u043b\u043e\u0432\u0438\u044f \u0437\u0430 \u0438\u0437\u043f\u043e\u043b\u0437\u0432\u0430\u043d\u0435 \u043d\u0430 lunapark-valentino.bg \u041d\u0430\u0441\u0442\u043e\u044f\u0449\u0438\u0442\u0435 \u043e\u0431\u0449\u0438 \u0443\u0441\u043b\u043e\u0432\u0438\u044f \u0443\u0440\u0435\u0436\u0434\u0430\u0442 \u0443\u0441\u043b\u043e\u0432\u0438\u044f\u0442\u0430 \u0437\u0430 \u0438\u0437\u043f\u043e\u043b\u0437\u0432\u0430\u043d\u0435 \u043d\u0430 lunapark-valentino.bg, \u043f\u043e-\u0434\u043e\u043b\u0443 \u0437\u0430 \u043a\u0440\u0430\u0442\u043a\u043e\u0441\u0442 \u201e\u0443\u0435\u0431\u0441\u0430\u0439\u0442\u0430\u201c. \u0423\u0435\u0431\u0441\u0430\u0439\u0442\u044a\u0442 \u0441\u0435 \u0443\u043f\u0440\u0430\u0432\u043b\u044f\u0432\u0430 \u043e\u0442 \u0412\u0430\u043b\u0435\u043d\u0442\u0438\u043d\u043e \u2013 \u041f\u0430\u0440\u043a \u0415\u041e\u041e\u0414 \u0441 \u0415\u0418\u041a 208138585,&hellip;<\/p>","protected":false},"author":1,"featured_media":0,"parent":0,"menu_order":0,"comment_status":"closed","ping_status":"closed","template":"","meta":{"footnotes":""},"class_list":["post-1257","page","type-page","status-publish","hentry"],"yoast_head":"<!-- This site is optimized with the Yoast SEO plugin v27.3 - https:\/\/yoast.com\/product\/yoast-seo-wordpress\/ -->\n<title>\u0423\u0441\u043b\u043e\u0432\u0438\u044f \u0437\u0430 \u043f\u043e\u043b\u0437\u0432\u0430\u043d\u0435 - Lunapark Valentino<\/title>\n<meta name=\"robots\" content=\"index, follow, max-snippet:-1, max-image-preview:large, max-video-preview:-1\" \/>\n<link rel=\"canonical\" href=\"https:\/\/lunapark-valentino.bg\/tr\/terms-and-conditions\/\" \/>\n<meta property=\"og:locale\" content=\"tr_TR\" \/>\n<meta property=\"og:type\" content=\"article\" \/>\n<meta property=\"og:title\" content=\"\u0423\u0441\u043b\u043e\u0432\u0438\u044f \u0437\u0430 \u043f\u043e\u043b\u0437\u0432\u0430\u043d\u0435 - Lunapark Valentino\" \/>\n<meta property=\"og:description\" content=\"\u041e\u0431\u0449\u0438 \u0443\u0441\u043b\u043e\u0432\u0438\u044f \u0437\u0430 \u0438\u0437\u043f\u043e\u043b\u0437\u0432\u0430\u043d\u0435 \u043d\u0430 lunapark-valentino.bg \u041d\u0430\u0441\u0442\u043e\u044f\u0449\u0438\u0442\u0435 \u043e\u0431\u0449\u0438 \u0443\u0441\u043b\u043e\u0432\u0438\u044f \u0443\u0440\u0435\u0436\u0434\u0430\u0442 \u0443\u0441\u043b\u043e\u0432\u0438\u044f\u0442\u0430 \u0437\u0430 \u0438\u0437\u043f\u043e\u043b\u0437\u0432\u0430\u043d\u0435 \u043d\u0430 lunapark-valentino.bg, \u043f\u043e-\u0434\u043e\u043b\u0443 \u0437\u0430 \u043a\u0440\u0430\u0442\u043a\u043e\u0441\u0442 \u201e\u0443\u0435\u0431\u0441\u0430\u0439\u0442\u0430\u201c. \u0423\u0435\u0431\u0441\u0430\u0439\u0442\u044a\u0442 \u0441\u0435 \u0443\u043f\u0440\u0430\u0432\u043b\u044f\u0432\u0430 \u043e\u0442 \u0412\u0430\u043b\u0435\u043d\u0442\u0438\u043d\u043e \u2013 \u041f\u0430\u0440\u043a \u0415\u041e\u041e\u0414 \u0441 \u0415\u0418\u041a 208138585,&hellip;\" \/>\n<meta property=\"og:url\" content=\"https:\/\/lunapark-valentino.bg\/tr\/terms-and-conditions\/\" \/>\n<meta property=\"og:site_name\" content=\"Lunapark Valentino\" \/>\n<meta property=\"article:modified_time\" content=\"2026-03-10T14:55:14+00:00\" \/>\n<meta name=\"twitter:card\" content=\"summary_large_image\" \/>\n<meta name=\"twitter:label1\" content=\"Tahmini okuma s\u00fcresi\" \/>\n\t<meta name=\"twitter:data1\" content=\"3 dakika\" \/>\n<script type=\"application\/ld+json\" class=\"yoast-schema-graph\">{\"@context\":\"https:\\\/\\\/schema.org\",\"@graph\":[{\"@type\":\"WebPage\",\"@id\":\"https:\\\/\\\/lunapark-valentino.bg\\\/terms-and-conditions\\\/\",\"url\":\"https:\\\/\\\/lunapark-valentino.bg\\\/terms-and-conditions\\\/\",\"name\":\"\u0423\u0441\u043b\u043e\u0432\u0438\u044f \u0437\u0430 \u043f\u043e\u043b\u0437\u0432\u0430\u043d\u0435 - Lunapark Valentino\",\"isPartOf\":{\"@id\":\"https:\\\/\\\/lunapark-valentino.bg\\\/#website\"},\"datePublished\":\"2025-02-23T09:31:06+00:00\",\"dateModified\":\"2026-03-10T14:55:14+00:00\",\"breadcrumb\":{\"@id\":\"https:\\\/\\\/lunapark-valentino.bg\\\/terms-and-conditions\\\/#breadcrumb\"},\"inLanguage\":\"tr\",\"potentialAction\":[{\"@type\":\"ReadAction\",\"target\":[\"https:\\\/\\\/lunapark-valentino.bg\\\/terms-and-conditions\\\/\"]}]},{\"@type\":\"BreadcrumbList\",\"@id\":\"https:\\\/\\\/lunapark-valentino.bg\\\/terms-and-conditions\\\/#breadcrumb\",\"itemListElement\":[{\"@type\":\"ListItem\",\"position\":1,\"name\":\"\u041d\u0430\u0447\u0430\u043b\u043e\",\"item\":\"https:\\\/\\\/lunapark-valentino.bg\\\/\"},{\"@type\":\"ListItem\",\"position\":2,\"name\":\"\u0423\u0441\u043b\u043e\u0432\u0438\u044f \u0437\u0430 \u043f\u043e\u043b\u0437\u0432\u0430\u043d\u0435\"}]},{\"@type\":\"WebSite\",\"@id\":\"https:\\\/\\\/lunapark-valentino.bg\\\/#website\",\"url\":\"https:\\\/\\\/lunapark-valentino.bg\\\/\",\"name\":\"Lunapark Valentino\",\"description\":\"\",\"publisher\":{\"@id\":\"https:\\\/\\\/lunapark-valentino.bg\\\/#organization\"},\"potentialAction\":[{\"@type\":\"SearchAction\",\"target\":{\"@type\":\"EntryPoint\",\"urlTemplate\":\"https:\\\/\\\/lunapark-valentino.bg\\\/?s={search_term_string}\"},\"query-input\":{\"@type\":\"PropertyValueSpecification\",\"valueRequired\":true,\"valueName\":\"search_term_string\"}}],\"inLanguage\":\"tr\"},{\"@type\":\"Organization\",\"@id\":\"https:\\\/\\\/lunapark-valentino.bg\\\/#organization\",\"name\":\"Lunapark Valentino\",\"url\":\"https:\\\/\\\/lunapark-valentino.bg\\\/\",\"logo\":{\"@type\":\"ImageObject\",\"inLanguage\":\"tr\",\"@id\":\"https:\\\/\\\/lunapark-valentino.bg\\\/#\\\/schema\\\/logo\\\/image\\\/\",\"url\":\"https:\\\/\\\/lunapark-valentino.bg\\\/wp-content\\\/uploads\\\/2025\\\/02\\\/Lunapark-Valentino-Logo.png\",\"contentUrl\":\"https:\\\/\\\/lunapark-valentino.bg\\\/wp-content\\\/uploads\\\/2025\\\/02\\\/Lunapark-Valentino-Logo.png\",\"width\":4950,\"height\":3214,\"caption\":\"Lunapark Valentino\"},\"image\":{\"@id\":\"https:\\\/\\\/lunapark-valentino.bg\\\/#\\\/schema\\\/logo\\\/image\\\/\"}}]}<\/script>\n<!-- \/ Yoast SEO plugin. -->","yoast_head_json":{"title":"\u0423\u0441\u043b\u043e\u0432\u0438\u044f \u0437\u0430 \u043f\u043e\u043b\u0437\u0432\u0430\u043d\u0435 - Lunapark Valentino","robots":{"index":"index","follow":"follow","max-snippet":"max-snippet:-1","max-image-preview":"max-image-preview:large","max-video-preview":"max-video-preview:-1"},"canonical":"https:\/\/lunapark-valentino.bg\/tr\/terms-and-conditions\/","og_locale":"tr_TR","og_type":"article","og_title":"\u0423\u0441\u043b\u043e\u0432\u0438\u044f \u0437\u0430 \u043f\u043e\u043b\u0437\u0432\u0430\u043d\u0435 - Lunapark Valentino","og_description":"\u041e\u0431\u0449\u0438 \u0443\u0441\u043b\u043e\u0432\u0438\u044f \u0437\u0430 \u0438\u0437\u043f\u043e\u043b\u0437\u0432\u0430\u043d\u0435 \u043d\u0430 lunapark-valentino.bg \u041d\u0430\u0441\u0442\u043e\u044f\u0449\u0438\u0442\u0435 \u043e\u0431\u0449\u0438 \u0443\u0441\u043b\u043e\u0432\u0438\u044f \u0443\u0440\u0435\u0436\u0434\u0430\u0442 \u0443\u0441\u043b\u043e\u0432\u0438\u044f\u0442\u0430 \u0437\u0430 \u0438\u0437\u043f\u043e\u043b\u0437\u0432\u0430\u043d\u0435 \u043d\u0430 lunapark-valentino.bg, \u043f\u043e-\u0434\u043e\u043b\u0443 \u0437\u0430 \u043a\u0440\u0430\u0442\u043a\u043e\u0441\u0442 \u201e\u0443\u0435\u0431\u0441\u0430\u0439\u0442\u0430\u201c. \u0423\u0435\u0431\u0441\u0430\u0439\u0442\u044a\u0442 \u0441\u0435 \u0443\u043f\u0440\u0430\u0432\u043b\u044f\u0432\u0430 \u043e\u0442 \u0412\u0430\u043b\u0435\u043d\u0442\u0438\u043d\u043e \u2013 \u041f\u0430\u0440\u043a \u0415\u041e\u041e\u0414 \u0441 \u0415\u0418\u041a 208138585,&hellip;","og_url":"https:\/\/lunapark-valentino.bg\/tr\/terms-and-conditions\/","og_site_name":"Lunapark Valentino","article_modified_time":"2026-03-10T14:55:14+00:00","twitter_card":"summary_large_image","twitter_misc":{"Tahmini okuma s\u00fcresi":"3 dakika"},"schema":{"@context":"https:\/\/schema.org","@graph":[{"@type":"WebPage","@id":"https:\/\/lunapark-valentino.bg\/terms-and-conditions\/","url":"https:\/\/lunapark-valentino.bg\/terms-and-conditions\/","name":"\u0423\u0441\u043b\u043e\u0432\u0438\u044f \u0437\u0430 \u043f\u043e\u043b\u0437\u0432\u0430\u043d\u0435 - Lunapark Valentino","isPartOf":{"@id":"https:\/\/lunapark-valentino.bg\/#website"},"datePublished":"2025-02-23T09:31:06+00:00","dateModified":"2026-03-10T14:55:14+00:00","breadcrumb":{"@id":"https:\/\/lunapark-valentino.bg\/terms-and-conditions\/#breadcrumb"},"inLanguage":"tr","potentialAction":[{"@type":"ReadAction","target":["https:\/\/lunapark-valentino.bg\/terms-and-conditions\/"]}]},{"@type":"BreadcrumbList","@id":"https:\/\/lunapark-valentino.bg\/terms-and-conditions\/#breadcrumb","itemListElement":[{"@type":"ListItem","position":1,"name":"\u041d\u0430\u0447\u0430\u043b\u043e","item":"https:\/\/lunapark-valentino.bg\/"},{"@type":"ListItem","position":2,"name":"\u0423\u0441\u043b\u043e\u0432\u0438\u044f \u0437\u0430 \u043f\u043e\u043b\u0437\u0432\u0430\u043d\u0435"}]},{"@type":"WebSite","@id":"https:\/\/lunapark-valentino.bg\/#website","url":"https:\/\/lunapark-valentino.bg\/","name":"Lunapark Valentino","description":"","publisher":{"@id":"https:\/\/lunapark-valentino.bg\/#organization"},"potentialAction":[{"@type":"SearchAction","target":{"@type":"EntryPoint","urlTemplate":"https:\/\/lunapark-valentino.bg\/?s={search_term_string}"},"query-input":{"@type":"PropertyValueSpecification","valueRequired":true,"valueName":"search_term_string"}}],"inLanguage":"tr"},{"@type":"Organization","@id":"https:\/\/lunapark-valentino.bg\/#organization","name":"Lunapark Valentino","url":"https:\/\/lunapark-valentino.bg\/","logo":{"@type":"ImageObject","inLanguage":"tr","@id":"https:\/\/lunapark-valentino.bg\/#\/schema\/logo\/image\/","url":"https:\/\/lunapark-valentino.bg\/wp-content\/uploads\/2025\/02\/Lunapark-Valentino-Logo.png","contentUrl":"https:\/\/lunapark-valentino.bg\/wp-content\/uploads\/2025\/02\/Lunapark-Valentino-Logo.png","width":4950,"height":3214,"caption":"Lunapark Valentino"},"image":{"@id":"https:\/\/lunapark-valentino.bg\/#\/schema\/logo\/image\/"}}]}},"_links":{"self":[{"href":"https:\/\/lunapark-valentino.bg\/tr\/wp-json\/wp\/v2\/pages\/1257","targetHints":{"allow":["GET"]}}],"collection":[{"href":"https:\/\/lunapark-valentino.bg\/tr\/wp-json\/wp\/v2\/pages"}],"about":[{"href":"https:\/\/lunapark-valentino.bg\/tr\/wp-json\/wp\/v2\/types\/page"}],"author":[{"embeddable":true,"href":"https:\/\/lunapark-valentino.bg\/tr\/wp-json\/wp\/v2\/users\/1"}],"replies":[{"embeddable":true,"href":"https:\/\/lunapark-valentino.bg\/tr\/wp-json\/wp\/v2\/comments?post=1257"}],"version-history":[{"count":13,"href":"https:\/\/lunapark-valentino.bg\/tr\/wp-json\/wp\/v2\/pages\/1257\/revisions"}],"predecessor-version":[{"id":1440,"href":"https:\/\/lunapark-valentino.bg\/tr\/wp-json\/wp\/v2\/pages\/1257\/revisions\/1440"}],"wp:attachment":[{"href":"https:\/\/lunapark-valentino.bg\/tr\/wp-json\/wp\/v2\/media?parent=1257"}],"curies":[{"name":"wp","href":"https:\/\/api.w.org\/{rel}","templated":true}]}}