{"id":40,"date":"2020-08-27T08:23:10","date_gmt":"2020-08-27T08:23:10","guid":{"rendered":"https:\/\/valentino.velikov-design.net\/?page_id=40"},"modified":"2025-02-23T11:29:58","modified_gmt":"2025-02-23T09:29:58","slug":"privacy-policy","status":"publish","type":"page","link":"https:\/\/lunapark-valentino.bg\/de\/privacy-policy\/","title":{"rendered":"Datenschutzrichtlinie"},"content":{"rendered":"<div data-elementor-type=\"wp-page\" data-elementor-id=\"40\" class=\"elementor elementor-40\" data-elementor-post-type=\"page\">\n\t\t\t\t\t\t<section class=\"elementor-section elementor-top-section elementor-element elementor-element-58c1a79d elementor-section-boxed elementor-section-height-default elementor-section-height-default sc_fly_static\" data-id=\"58c1a79d\" data-element_type=\"section\" data-e-type=\"section\">\n\t\t\t\t\t\t<div class=\"elementor-container elementor-column-gap-extended\">\n\t\t\t\t\t<div class=\"elementor-column elementor-col-100 elementor-top-column elementor-element elementor-element-14747347 sc_content_align_inherit sc_layouts_column_icons_position_left sc_fly_static\" data-id=\"14747347\" data-element_type=\"column\" data-e-type=\"column\">\n\t\t\t<div class=\"elementor-widget-wrap elementor-element-populated\">\n\t\t\t\t\t\t<div class=\"elementor-element elementor-element-6988ef5d sc_fly_static elementor-widget elementor-widget-spacer\" data-id=\"6988ef5d\" data-element_type=\"widget\" data-e-type=\"widget\" data-widget_type=\"spacer.default\">\n\t\t\t\t<div class=\"elementor-widget-container\">\n\t\t\t\t\t\t\t<div class=\"elementor-spacer\">\n\t\t\t<div class=\"elementor-spacer-inner\"><\/div>\n\t\t<\/div>\n\t\t\t\t\t\t<\/div>\n\t\t\t\t<\/div>\n\t\t\t\t<div class=\"elementor-element elementor-element-39819ba sc_fly_static elementor-widget elementor-widget-spacer\" data-id=\"39819ba\" data-element_type=\"widget\" data-e-type=\"widget\" data-widget_type=\"spacer.default\">\n\t\t\t\t<div class=\"elementor-widget-container\">\n\t\t\t\t\t\t\t<div class=\"elementor-spacer\">\n\t\t\t<div class=\"elementor-spacer-inner\"><\/div>\n\t\t<\/div>\n\t\t\t\t\t\t<\/div>\n\t\t\t\t<\/div>\n\t\t\t\t\t<\/div>\n\t\t<\/div>\n\t\t\t\t\t<\/div>\n\t\t<\/section>\n\t\t\t\t<section class=\"elementor-section elementor-top-section elementor-element elementor-element-325689c3 elementor-section-boxed elementor-section-height-default elementor-section-height-default sc_fly_static\" data-id=\"325689c3\" data-element_type=\"section\" data-e-type=\"section\" data-settings=\"{&quot;background_background&quot;:&quot;classic&quot;}\">\n\t\t\t\t\t\t<div class=\"elementor-container elementor-column-gap-extended\">\n\t\t\t\t\t<div class=\"elementor-column elementor-col-100 elementor-top-column elementor-element elementor-element-c0ce289 sc_content_align_inherit sc_layouts_column_icons_position_left sc_fly_static\" data-id=\"c0ce289\" data-element_type=\"column\" data-e-type=\"column\">\n\t\t\t<div class=\"elementor-widget-wrap elementor-element-populated\">\n\t\t\t\t\t\t<div class=\"elementor-element elementor-element-1fa92a25 sc_fly_static elementor-widget elementor-widget-text-editor\" data-id=\"1fa92a25\" data-element_type=\"widget\" data-e-type=\"widget\" data-widget_type=\"text-editor.default\">\n\t\t\t\t<div class=\"elementor-widget-container\">\n\t\t\t\t\t\t\t\t\t<h2>Informationen \u00fcber den Verantwortlichen f\u00fcr personenbezogene Daten:<\/h2><p>\u00a0<\/p><p>Valentino \u2013 Park EOOD ist eine Gesellschaft, eingetragen im Handelsregister der Registrierungsagentur mit der Identifikationsnummer (EIK): 208138585, E-Mail: lunaparkvalentino@gmail.com, Telefon: +359898436396.<\/p><p>\u00a0<\/p><h2>Rechtsgrundlagen und Zwecke der Verarbeitung Ihrer personenbezogenen Daten<\/h2><p>\u00a0<\/p><p>Wir verarbeiten Ihre personenbezogenen Daten auf folgenden Grundlagen:<\/p><ul><li>Die allgemeinen Nutzungsbedingungen der Website;<\/li><li>Ihre ausdr\u00fcckliche Zustimmung \u2013 der Zweck wird im jeweiligen Einzelfall angegeben;<\/li><li>Wenn gesetzlich vorgeschrieben;<\/li><\/ul><p>In den folgenden Abs\u00e4tzen finden Sie detaillierte Informationen zur Verarbeitung Ihrer personenbezogenen Daten, abh\u00e4ngig von der rechtlichen Grundlage, auf der wir diese verarbeiten.<\/p><h3>Zur Vertragserf\u00fcllung<\/h3><p>Wir verarbeiten Ihre personenbezogenen Daten zur Nutzung der Website gem\u00e4\u00df den Allgemeinen Nutzungsbedingungen.<\/p><p>Zwecke der Verarbeitung (sofern zutreffend):<\/p><ol><li>Feststellung Ihrer Identit\u00e4t;<\/li><li>Bereitstellung der Funktionalit\u00e4t unserer Website<\/li><\/ol><p>Auf dieser Grundlage verarbeiten wir nur personenbezogene Daten, die im Zusammenhang mit Ihrem Benutzerprofil stehen.<\/p><p>Die auf dieser Grundlage gesammelten Daten l\u00f6schen wir zwei Jahre nach Beendigung des Vertragsverh\u00e4ltnisses, unabh\u00e4ngig davon, ob die Beendigung durch Ablauf, K\u00fcndigung oder andere Gr\u00fcnde erfolgt.<\/p><h3>Mit Ihrer Einwilligung<\/h3><p>Wir verarbeiten Ihre personenbezogenen Daten auf dieser Grundlage nur nach Ihrer ausdr\u00fccklichen, eindeutigen und freiwilligen Zustimmung. Sollten Sie die Zustimmung zur Verarbeitung Ihrer personenbezogenen Daten verweigern, entstehen Ihnen keinerlei negative Folgen.<\/p><p>Die Einwilligung stellt eine separate Grundlage f\u00fcr die Verarbeitung Ihrer personenbezogenen Daten dar, und der Zweck der Verarbeitung ist darin ausdr\u00fccklich angegeben und nicht durch andere in dieser Richtlinie aufgef\u00fchrte Zwecke abgedeckt. Wenn Sie uns diese Einwilligung geben, k\u00f6nnen wir bis zu deren Widerruf oder Beendigung eines Vertragsverh\u00e4ltnisses detaillierte Analysen Ihrer grundlegenden pers\u00f6nlichen Daten durchf\u00fchren, um Ihnen ma\u00dfgeschneiderte Produkt-\/Dienstleistungsangebote zu unterbreiten.<\/p><p><strong>Daten, die wir auf dieser Grundlage verarbeiten:<\/strong><\/p><p>Auf dieser Grundlage k\u00f6nnen wir personenbezogene Daten zu Zwecken des Direktmarketings verarbeiten, einschlie\u00dflich Daten \u00fcber Ihre Websitenutzung und Profile in sozialen Netzwerken.<\/p><p><strong>Weitergabe von Daten an Dritte<\/strong><\/p><p>Auf dieser Grundlage k\u00f6nnen wir Ihre Daten an Marketingagenturen, Facebook, Google oder \u00e4hnliche Einrichtungen weitergeben.<\/p><p><strong>Widerruf der Einwilligung<\/strong><\/p><p>Die von Ihnen erteilten Einwilligungen k\u00f6nnen Sie jederzeit widerrufen. Der Widerruf der Einwilligung hat keinen Einfluss auf die Erf\u00fcllung vertraglicher Verpflichtungen. Wenn Sie Ihre Einwilligung zur Verarbeitung personenbezogener Daten f\u00fcr einen oder alle der oben beschriebenen Zwecke widerrufen, werden wir Ihre personenbezogenen Daten und Informationen f\u00fcr die genannten Zwecke nicht mehr verwenden. Der Widerruf der Einwilligung ber\u00fchrt nicht die Rechtm\u00e4\u00dfigkeit der Verarbeitung, die vor dem Widerruf auf Grundlage der Einwilligung erfolgt ist.<\/p><p>Um Ihre Einwilligung zu widerrufen, m\u00fcssen Sie lediglich unsere Website oder unsere Kontaktdaten nutzen.<\/p><p><strong>Wann l\u00f6schen wir die auf dieser Grundlage erhobenen Daten?<\/strong><\/p><p>Die auf dieser Grundlage erhobenen Daten l\u00f6schen wir entweder auf Ihre Anfrage hin oder 12 Monate nach ihrer erstmaligen Erfassung.<\/p><h2>Wie Wir Ihre Pers\u00f6nlichen Daten Sch\u00fctzen<\/h2><p>Um einen angemessenen Schutz der Daten unseres Unternehmens und unserer Kunden zu gew\u00e4hrleisten, setzen wir alle erforderlichen organisatorischen und technischen Ma\u00dfnahmen gem\u00e4\u00df dem Datenschutzgesetz um.<\/p><p>Das Unternehmen hat Richtlinien eingerichtet, um Missbrauch und Sicherheitsl\u00fccken zu verhindern, wodurch Prozesse zum Schutz und zur Sicherung Ihrer Daten unterst\u00fctzt werden.<\/p><p>Um bei der Verarbeitung, \u00dcbertragung und Speicherung Ihrer Daten maximale Sicherheit zu gew\u00e4hrleisten, k\u00f6nnen wir zus\u00e4tzliche Schutzma\u00dfnahmen wie Verschl\u00fcsselung, Pseudonymisierung und \u00c4hnliches einsetzen.<\/p><h2>Rechte der Nutzer<\/h2><p>Jeder Nutzer der Website genie\u00dft alle Rechte zum Schutz personenbezogener Daten gem\u00e4\u00df der bulgarischen Gesetzgebung und dem Recht der Europ\u00e4ischen Union.<\/p><p>Der Nutzer kann seine Rechte aus\u00fcben, indem er eine Nachricht an unsere E-Mail-Adresse sendet.<\/p><p>Jeder Nutzer hat das Recht auf:<\/p><ul><li>Information (im Zusammenhang mit der Verarbeitung seiner personenbezogenen Daten durch den Verantwortlichen);<\/li><li>Zugang zu den eigenen pers\u00f6nlichen Daten;<\/li><li>Berichtigung (wenn die Daten ungenau sind);<\/li><li>L\u00f6schung der personenbezogenen Daten (Recht auf \"Vergessenwerden\");<\/li><li>Einschr\u00e4nkung der Verarbeitung durch den Verantwortlichen oder den Auftragsverarbeiter;<\/li><li>\u00dcbertragbarkeit personenbezogener Daten zwischen verschiedenen Verantwortlichen;<\/li><li>Widerspruch gegen die Verarbeitung seiner personenbezogenen Daten;<\/li><li>Die betroffene Person hat auch das Recht, nicht einer ausschlie\u00dflich auf einer automatisierten Verarbeitung \u2013 einschlie\u00dflich Profiling \u2013 beruhenden Entscheidung unterworfen zu werden, die ihr gegen\u00fcber rechtliche Wirkung entfaltet oder sie in \u00e4hnlicher Weise erheblich beeintr\u00e4chtigt;<\/li><li>Recht auf gerichtlichen oder verwaltungsrechtlichen Schutz, falls die Rechte der betroffenen Person verletzt wurden.<\/li><\/ul><p>\u00a0Der Nutzer kann die L\u00f6schung beantragen, wenn eine der folgenden Bedingungen vorliegt:<\/p><ul><li>Die personenbezogenen Daten sind f\u00fcr die Zwecke, f\u00fcr die sie erhoben oder auf sonstige Weise verarbeitet wurden, nicht mehr notwendig;<\/li><li>Der Nutzer widerruft seine Einwilligung, auf die sich die Verarbeitung st\u00fctzt, und es gibt keine andere Rechtsgrundlage f\u00fcr die Verarbeitung;<\/li><li>Der Nutzer widerspricht der Verarbeitung, und es liegen keine vorrangigen berechtigten Gr\u00fcnde f\u00fcr die Verarbeitung vor;<\/li><li>Die personenbezogenen Daten wurden unrechtm\u00e4\u00dfig verarbeitet;<\/li><li>Die personenbezogenen Daten m\u00fcssen gel\u00f6scht werden, um einer rechtlichen Verpflichtung nach dem Recht der Union oder dem Recht des Mitgliedstaats nachzukommen, dem der Verantwortliche unterliegt;<\/li><li>Die personenbezogenen Daten wurden in Bezug auf angebotene Dienste der Informationsgesellschaft an Kinder erhoben und die Einwilligung wurde von dem Tr\u00e4ger der elterlichen Verantwortung f\u00fcr das Kind erteilt.<\/li><\/ul><p>Der Nutzer kann die L\u00f6schung beantragen, wenn eine der folgenden Bedingungen vorliegt:<\/p><ul><li>Die Richtigkeit der personenbezogenen Daten bestreiten. In diesem Fall erfolgt die Einschr\u00e4nkung der Verarbeitung f\u00fcr einen Zeitraum, der es dem Verantwortlichen erm\u00f6glicht, die Richtigkeit der personenbezogenen Daten zu \u00fcberpr\u00fcfen;<\/li><li>Die Verarbeitung ist unrechtm\u00e4\u00dfig, aber der Nutzer m\u00f6chte nicht, dass die personenbezogenen Daten gel\u00f6scht werden, sondern verlangt stattdessen die Einschr\u00e4nkung der Nutzung;<\/li><li>Der Verantwortliche ben\u00f6tigt die personenbezogenen Daten f\u00fcr die Zwecke der Verarbeitung nicht l\u00e4nger, der Nutzer ben\u00f6tigt sie jedoch zur Geltendmachung, Aus\u00fcbung oder Verteidigung von Rechtsanspr\u00fcchen;<\/li><li>Widerspricht der Verarbeitung, w\u00e4hrend \u00fcberpr\u00fcft wird, ob die berechtigten Gr\u00fcnde des Verantwortlichen gegen\u00fcber den Interessen des Nutzers \u00fcberwiegen.<\/li><\/ul><p><strong>Recht auf Daten\u00fcbertragbarkeit<\/strong><\/p><p>Die betroffene Person hat das Recht, ihre personenbezogenen Daten, die sie einem Administrator zur Verf\u00fcgung gestellt hat, in einem strukturierten, g\u00e4ngigen und maschinenlesbaren Format zu erhalten sowie diese Daten ohne Behinderung durch den Administrator, dem die personenbezogenen Daten bereitgestellt wurden, einem anderen Administrator zu \u00fcbermitteln, sofern die Verarbeitung auf Einwilligung oder einer vertraglichen Verpflichtung beruht. Soweit technisch machbar, hat die betroffene Person zudem das Recht auf direkte \u00dcbermittlung dieser Daten von einem Administrator zu einem anderen.<\/p><p><strong>Widerspruchsrecht<\/strong><\/p><p>Die Nutzer haben das Recht, der Verarbeitung ihrer personenbezogenen Daten beim Administrator zu widersprechen. Der Administrator muss die Verarbeitung einstellen, es sei denn, er kann zwingende legitime Gr\u00fcnde f\u00fcr die Verarbeitung nachweisen, die die Interessen, Rechte und Freiheiten der betroffenen Person \u00fcberwiegen, oder die Verarbeitung dient der Geltendmachung, Aus\u00fcbung oder Verteidigung von Rechtsanspr\u00fcchen. Bei Widerspruch gegen die Verarbeitung personenbezogener Daten zu Zwecken des Direktmarketings ist die Verarbeitung unverz\u00fcglich einzustellen.<\/p><p><strong>Beschwerde bei der Aufsichtsbeh\u00f6rde<\/strong><\/p><p>Jeder Nutzer hat das Recht, gegen die unrechtm\u00e4\u00dfige Verarbeitung seiner personenbezogenen Daten Beschwerde bei der Kommission f\u00fcr den Schutz personenbezogener Daten oder beim zust\u00e4ndigen Gericht einzureichen.<\/p>\t\t\t\t\t\t\t\t<\/div>\n\t\t\t\t<\/div>\n\t\t\t\t\t<\/div>\n\t\t<\/div>\n\t\t\t\t\t<\/div>\n\t\t<\/section>\n\t\t\t\t<\/div>","protected":false},"excerpt":{"rendered":"<p>\u0418\u043d\u0444\u043e\u0440\u043c\u0430\u0446\u0438\u044f \u0437\u0430 \u0430\u0434\u043c\u0438\u043d\u0438\u0441\u0442\u0440\u0430\u0442\u043e\u0440\u0430 \u043d\u0430 \u043b\u0438\u0447\u043d\u0438 \u0434\u0430\u043d\u043d\u0438: \u00a0 \u0412\u0430\u043b\u0435\u043d\u0442\u0438\u043d\u043e \u2013 \u041f\u0430\u0440\u043a \u0415\u041e\u041e\u0414 \u0435 \u0434\u0440\u0443\u0436\u0435\u0441\u0442\u0432\u043e, \u0440\u0435\u0433\u0438\u0441\u0442\u0440\u0438\u0440\u0430\u043d\u043e \u0432 \u0422\u044a\u0440\u0433\u043e\u0432\u0441\u043a\u0438\u044f \u0440\u0435\u0433\u0438\u0441\u0442\u044a\u0440 \u043d\u0430 \u0410\u0433\u0435\u043d\u0446\u0438\u044f\u0442\u0430 \u043f\u043e \u0432\u043f\u0438\u0441\u0432\u0430\u043d\u0438\u044f\u0442\u0430 \u0441 \u0415\u0418\u041a: 208138585, e-mail: lunaparkvalentino@gmail.com, \u0441 \u0442\u0435\u043b.: +359898436396. \u00a0&hellip;<\/p>","protected":false},"author":1,"featured_media":0,"parent":0,"menu_order":0,"comment_status":"closed","ping_status":"closed","template":"","meta":{"footnotes":""},"class_list":["post-40","page","type-page","status-publish","hentry"],"yoast_head":"<!-- This site is optimized with the Yoast SEO plugin v27.3 - https:\/\/yoast.com\/product\/yoast-seo-wordpress\/ -->\n<title>\u041f\u043e\u043b\u0438\u0442\u0438\u043a\u0430 \u0437\u0430 \u043f\u043e\u0432\u0435\u0440\u0438\u0442\u0435\u043b\u043d\u043e\u0441\u0442 - Lunapark Valentino<\/title>\n<meta name=\"robots\" content=\"index, follow, max-snippet:-1, max-image-preview:large, max-video-preview:-1\" \/>\n<link rel=\"canonical\" href=\"https:\/\/lunapark-valentino.bg\/de\/privacy-policy\/\" \/>\n<meta property=\"og:locale\" content=\"de_DE\" \/>\n<meta property=\"og:type\" content=\"article\" \/>\n<meta property=\"og:title\" content=\"\u041f\u043e\u043b\u0438\u0442\u0438\u043a\u0430 \u0437\u0430 \u043f\u043e\u0432\u0435\u0440\u0438\u0442\u0435\u043b\u043d\u043e\u0441\u0442 - Lunapark Valentino\" \/>\n<meta property=\"og:description\" content=\"\u0418\u043d\u0444\u043e\u0440\u043c\u0430\u0446\u0438\u044f \u0437\u0430 \u0430\u0434\u043c\u0438\u043d\u0438\u0441\u0442\u0440\u0430\u0442\u043e\u0440\u0430 \u043d\u0430 \u043b\u0438\u0447\u043d\u0438 \u0434\u0430\u043d\u043d\u0438: \u00a0 \u0412\u0430\u043b\u0435\u043d\u0442\u0438\u043d\u043e \u2013 \u041f\u0430\u0440\u043a \u0415\u041e\u041e\u0414 \u0435 \u0434\u0440\u0443\u0436\u0435\u0441\u0442\u0432\u043e, \u0440\u0435\u0433\u0438\u0441\u0442\u0440\u0438\u0440\u0430\u043d\u043e \u0432 \u0422\u044a\u0440\u0433\u043e\u0432\u0441\u043a\u0438\u044f \u0440\u0435\u0433\u0438\u0441\u0442\u044a\u0440 \u043d\u0430 \u0410\u0433\u0435\u043d\u0446\u0438\u044f\u0442\u0430 \u043f\u043e \u0432\u043f\u0438\u0441\u0432\u0430\u043d\u0438\u044f\u0442\u0430 \u0441 \u0415\u0418\u041a: 208138585, e-mail: lunaparkvalentino@gmail.com, \u0441 \u0442\u0435\u043b.: +359898436396. \u00a0&hellip;\" \/>\n<meta property=\"og:url\" content=\"https:\/\/lunapark-valentino.bg\/de\/privacy-policy\/\" \/>\n<meta property=\"og:site_name\" content=\"Lunapark Valentino\" \/>\n<meta property=\"article:modified_time\" content=\"2025-02-23T09:29:58+00:00\" \/>\n<meta name=\"twitter:card\" content=\"summary_large_image\" \/>\n<script type=\"application\/ld+json\" class=\"yoast-schema-graph\">{\"@context\":\"https:\\\/\\\/schema.org\",\"@graph\":[{\"@type\":\"WebPage\",\"@id\":\"https:\\\/\\\/lunapark-valentino.bg\\\/privacy-policy\\\/\",\"url\":\"https:\\\/\\\/lunapark-valentino.bg\\\/privacy-policy\\\/\",\"name\":\"\u041f\u043e\u043b\u0438\u0442\u0438\u043a\u0430 \u0437\u0430 \u043f\u043e\u0432\u0435\u0440\u0438\u0442\u0435\u043b\u043d\u043e\u0441\u0442 - Lunapark Valentino\",\"isPartOf\":{\"@id\":\"https:\\\/\\\/lunapark-valentino.bg\\\/#website\"},\"datePublished\":\"2020-08-27T08:23:10+00:00\",\"dateModified\":\"2025-02-23T09:29:58+00:00\",\"breadcrumb\":{\"@id\":\"https:\\\/\\\/lunapark-valentino.bg\\\/privacy-policy\\\/#breadcrumb\"},\"inLanguage\":\"de\",\"potentialAction\":[{\"@type\":\"ReadAction\",\"target\":[\"https:\\\/\\\/lunapark-valentino.bg\\\/privacy-policy\\\/\"]}]},{\"@type\":\"BreadcrumbList\",\"@id\":\"https:\\\/\\\/lunapark-valentino.bg\\\/privacy-policy\\\/#breadcrumb\",\"itemListElement\":[{\"@type\":\"ListItem\",\"position\":1,\"name\":\"\u041d\u0430\u0447\u0430\u043b\u043e\",\"item\":\"https:\\\/\\\/lunapark-valentino.bg\\\/\"},{\"@type\":\"ListItem\",\"position\":2,\"name\":\"\u041f\u043e\u043b\u0438\u0442\u0438\u043a\u0430 \u0437\u0430 \u043f\u043e\u0432\u0435\u0440\u0438\u0442\u0435\u043b\u043d\u043e\u0441\u0442\"}]},{\"@type\":\"WebSite\",\"@id\":\"https:\\\/\\\/lunapark-valentino.bg\\\/#website\",\"url\":\"https:\\\/\\\/lunapark-valentino.bg\\\/\",\"name\":\"Lunapark Valentino\",\"description\":\"\",\"publisher\":{\"@id\":\"https:\\\/\\\/lunapark-valentino.bg\\\/#organization\"},\"potentialAction\":[{\"@type\":\"SearchAction\",\"target\":{\"@type\":\"EntryPoint\",\"urlTemplate\":\"https:\\\/\\\/lunapark-valentino.bg\\\/?s={search_term_string}\"},\"query-input\":{\"@type\":\"PropertyValueSpecification\",\"valueRequired\":true,\"valueName\":\"search_term_string\"}}],\"inLanguage\":\"de\"},{\"@type\":\"Organization\",\"@id\":\"https:\\\/\\\/lunapark-valentino.bg\\\/#organization\",\"name\":\"Lunapark Valentino\",\"url\":\"https:\\\/\\\/lunapark-valentino.bg\\\/\",\"logo\":{\"@type\":\"ImageObject\",\"inLanguage\":\"de\",\"@id\":\"https:\\\/\\\/lunapark-valentino.bg\\\/#\\\/schema\\\/logo\\\/image\\\/\",\"url\":\"https:\\\/\\\/lunapark-valentino.bg\\\/wp-content\\\/uploads\\\/2025\\\/02\\\/Lunapark-Valentino-Logo.png\",\"contentUrl\":\"https:\\\/\\\/lunapark-valentino.bg\\\/wp-content\\\/uploads\\\/2025\\\/02\\\/Lunapark-Valentino-Logo.png\",\"width\":4950,\"height\":3214,\"caption\":\"Lunapark Valentino\"},\"image\":{\"@id\":\"https:\\\/\\\/lunapark-valentino.bg\\\/#\\\/schema\\\/logo\\\/image\\\/\"}}]}<\/script>\n<!-- \/ Yoast SEO plugin. -->","yoast_head_json":{"title":"\u041f\u043e\u043b\u0438\u0442\u0438\u043a\u0430 \u0437\u0430 \u043f\u043e\u0432\u0435\u0440\u0438\u0442\u0435\u043b\u043d\u043e\u0441\u0442 - Lunapark Valentino","robots":{"index":"index","follow":"follow","max-snippet":"max-snippet:-1","max-image-preview":"max-image-preview:large","max-video-preview":"max-video-preview:-1"},"canonical":"https:\/\/lunapark-valentino.bg\/de\/privacy-policy\/","og_locale":"de_DE","og_type":"article","og_title":"\u041f\u043e\u043b\u0438\u0442\u0438\u043a\u0430 \u0437\u0430 \u043f\u043e\u0432\u0435\u0440\u0438\u0442\u0435\u043b\u043d\u043e\u0441\u0442 - Lunapark Valentino","og_description":"\u0418\u043d\u0444\u043e\u0440\u043c\u0430\u0446\u0438\u044f \u0437\u0430 \u0430\u0434\u043c\u0438\u043d\u0438\u0441\u0442\u0440\u0430\u0442\u043e\u0440\u0430 \u043d\u0430 \u043b\u0438\u0447\u043d\u0438 \u0434\u0430\u043d\u043d\u0438: \u00a0 \u0412\u0430\u043b\u0435\u043d\u0442\u0438\u043d\u043e \u2013 \u041f\u0430\u0440\u043a \u0415\u041e\u041e\u0414 \u0435 \u0434\u0440\u0443\u0436\u0435\u0441\u0442\u0432\u043e, \u0440\u0435\u0433\u0438\u0441\u0442\u0440\u0438\u0440\u0430\u043d\u043e \u0432 \u0422\u044a\u0440\u0433\u043e\u0432\u0441\u043a\u0438\u044f \u0440\u0435\u0433\u0438\u0441\u0442\u044a\u0440 \u043d\u0430 \u0410\u0433\u0435\u043d\u0446\u0438\u044f\u0442\u0430 \u043f\u043e \u0432\u043f\u0438\u0441\u0432\u0430\u043d\u0438\u044f\u0442\u0430 \u0441 \u0415\u0418\u041a: 208138585, e-mail: lunaparkvalentino@gmail.com, \u0441 \u0442\u0435\u043b.: +359898436396. \u00a0&hellip;","og_url":"https:\/\/lunapark-valentino.bg\/de\/privacy-policy\/","og_site_name":"Lunapark Valentino","article_modified_time":"2025-02-23T09:29:58+00:00","twitter_card":"summary_large_image","schema":{"@context":"https:\/\/schema.org","@graph":[{"@type":"WebPage","@id":"https:\/\/lunapark-valentino.bg\/privacy-policy\/","url":"https:\/\/lunapark-valentino.bg\/privacy-policy\/","name":"\u041f\u043e\u043b\u0438\u0442\u0438\u043a\u0430 \u0437\u0430 \u043f\u043e\u0432\u0435\u0440\u0438\u0442\u0435\u043b\u043d\u043e\u0441\u0442 - Lunapark Valentino","isPartOf":{"@id":"https:\/\/lunapark-valentino.bg\/#website"},"datePublished":"2020-08-27T08:23:10+00:00","dateModified":"2025-02-23T09:29:58+00:00","breadcrumb":{"@id":"https:\/\/lunapark-valentino.bg\/privacy-policy\/#breadcrumb"},"inLanguage":"de","potentialAction":[{"@type":"ReadAction","target":["https:\/\/lunapark-valentino.bg\/privacy-policy\/"]}]},{"@type":"BreadcrumbList","@id":"https:\/\/lunapark-valentino.bg\/privacy-policy\/#breadcrumb","itemListElement":[{"@type":"ListItem","position":1,"name":"\u041d\u0430\u0447\u0430\u043b\u043e","item":"https:\/\/lunapark-valentino.bg\/"},{"@type":"ListItem","position":2,"name":"\u041f\u043e\u043b\u0438\u0442\u0438\u043a\u0430 \u0437\u0430 \u043f\u043e\u0432\u0435\u0440\u0438\u0442\u0435\u043b\u043d\u043e\u0441\u0442"}]},{"@type":"WebSite","@id":"https:\/\/lunapark-valentino.bg\/#website","url":"https:\/\/lunapark-valentino.bg\/","name":"Lunapark Valentino","description":"","publisher":{"@id":"https:\/\/lunapark-valentino.bg\/#organization"},"potentialAction":[{"@type":"SearchAction","target":{"@type":"EntryPoint","urlTemplate":"https:\/\/lunapark-valentino.bg\/?s={search_term_string}"},"query-input":{"@type":"PropertyValueSpecification","valueRequired":true,"valueName":"search_term_string"}}],"inLanguage":"de"},{"@type":"Organization","@id":"https:\/\/lunapark-valentino.bg\/#organization","name":"Lunapark Valentino","url":"https:\/\/lunapark-valentino.bg\/","logo":{"@type":"ImageObject","inLanguage":"de","@id":"https:\/\/lunapark-valentino.bg\/#\/schema\/logo\/image\/","url":"https:\/\/lunapark-valentino.bg\/wp-content\/uploads\/2025\/02\/Lunapark-Valentino-Logo.png","contentUrl":"https:\/\/lunapark-valentino.bg\/wp-content\/uploads\/2025\/02\/Lunapark-Valentino-Logo.png","width":4950,"height":3214,"caption":"Lunapark Valentino"},"image":{"@id":"https:\/\/lunapark-valentino.bg\/#\/schema\/logo\/image\/"}}]}},"_links":{"self":[{"href":"https:\/\/lunapark-valentino.bg\/de\/wp-json\/wp\/v2\/pages\/40","targetHints":{"allow":["GET"]}}],"collection":[{"href":"https:\/\/lunapark-valentino.bg\/de\/wp-json\/wp\/v2\/pages"}],"about":[{"href":"https:\/\/lunapark-valentino.bg\/de\/wp-json\/wp\/v2\/types\/page"}],"author":[{"embeddable":true,"href":"https:\/\/lunapark-valentino.bg\/de\/wp-json\/wp\/v2\/users\/1"}],"replies":[{"embeddable":true,"href":"https:\/\/lunapark-valentino.bg\/de\/wp-json\/wp\/v2\/comments?post=40"}],"version-history":[{"count":5,"href":"https:\/\/lunapark-valentino.bg\/de\/wp-json\/wp\/v2\/pages\/40\/revisions"}],"predecessor-version":[{"id":1331,"href":"https:\/\/lunapark-valentino.bg\/de\/wp-json\/wp\/v2\/pages\/40\/revisions\/1331"}],"wp:attachment":[{"href":"https:\/\/lunapark-valentino.bg\/de\/wp-json\/wp\/v2\/media?parent=40"}],"curies":[{"name":"wp","href":"https:\/\/api.w.org\/{rel}","templated":true}]}}