{"id":282,"date":"2025-02-10T18:49:35","date_gmt":"2025-02-10T16:49:35","guid":{"rendered":"https:\/\/valentino.velikov-design.net\/?page_id=282"},"modified":"2025-02-27T18:46:18","modified_gmt":"2025-02-27T16:46:18","slug":"%d0%b7%d0%b0-%d0%bd%d0%b0%d1%81","status":"publish","type":"page","link":"https:\/\/lunapark-valentino.bg\/de\/%d0%b7%d0%b0-%d0%bd%d0%b0%d1%81\/","title":{"rendered":"\u00dcber uns"},"content":{"rendered":"<div data-elementor-type=\"wp-page\" data-elementor-id=\"282\" class=\"elementor elementor-282\" data-elementor-post-type=\"page\">\n\t\t\t\t\t\t<section class=\"elementor-section elementor-top-section elementor-element elementor-element-206067a elementor-section-full_width elementor-section-stretched elementor-section-height-default elementor-section-height-default sc_fly_static\" data-id=\"206067a\" data-element_type=\"section\" data-e-type=\"section\" data-settings=\"{&quot;stretch_section&quot;:&quot;section-stretched&quot;,&quot;background_background&quot;:&quot;classic&quot;}\">\n\t\t\t\t\t\t\t<div class=\"elementor-background-overlay\"><\/div>\n\t\t\t\t\t\t\t<div class=\"elementor-container elementor-column-gap-wide\">\n\t\t\t\t\t<div class=\"elementor-column elementor-col-100 elementor-top-column elementor-element elementor-element-8f81d85 contentTitle sc_content_align_inherit sc_layouts_column_icons_position_left sc_fly_static\" data-id=\"8f81d85\" data-element_type=\"column\" data-e-type=\"column\" data-settings=\"{&quot;background_background&quot;:&quot;classic&quot;}\">\n\t\t\t<div class=\"elementor-widget-wrap elementor-element-populated\">\n\t\t\t\t\t<div class=\"elementor-background-overlay\"><\/div>\n\t\t\t\t\t\t<div class=\"elementor-element elementor-element-701ee70 elementor-headline--style-highlight sc_fly_static elementor-widget elementor-widget-animated-headline\" data-id=\"701ee70\" data-element_type=\"widget\" data-e-type=\"widget\" data-settings=\"{&quot;marker&quot;:&quot;double_underline&quot;,&quot;highlighted_text&quot;:&quot;\\u0444\\u0438\\u0440\\u043c\\u0430&quot;,&quot;headline_style&quot;:&quot;highlight&quot;,&quot;loop&quot;:&quot;yes&quot;,&quot;highlight_animation_duration&quot;:1200,&quot;highlight_iteration_delay&quot;:8000}\" data-widget_type=\"animated-headline.default\">\n\t\t\t\t<div class=\"elementor-widget-container\">\n\t\t\t\t\t\t\t<h3 class=\"elementor-headline\">\n\t\t\t\t\t<span class=\"elementor-headline-plain-text elementor-headline-text-wrapper\">\u00dcber unser<\/span>\n\t\t\t\t<span class=\"elementor-headline-dynamic-wrapper elementor-headline-text-wrapper\">\n\t\t\t\t\t<span class=\"elementor-headline-dynamic-text elementor-headline-text-active\">Unternehmen<\/span>\n\t\t\t\t<\/span>\n\t\t\t\t<\/h3>\n\t\t\t\t\t\t<\/div>\n\t\t\t\t<\/div>\n\t\t\t\t\t<\/div>\n\t\t<\/div>\n\t\t\t\t\t<\/div>\n\t\t<\/section>\n\t\t<div class=\"elementor-element elementor-element-a935d00 e-flex e-con-boxed sc_layouts_column_icons_position_left e-con e-parent\" data-id=\"a935d00\" data-element_type=\"container\" data-e-type=\"container\" data-settings=\"{&quot;position&quot;:&quot;absolute&quot;}\">\n\t\t\t\t\t<div class=\"e-con-inner\">\n\t\t\t\t<div class=\"elementor-element elementor-element-2483855 pendant-lamp e-transform sc_fly_static elementor-widget elementor-widget-image\" data-id=\"2483855\" data-element_type=\"widget\" data-e-type=\"widget\" data-settings=\"{&quot;_transform_translateX_effect_hover&quot;:{&quot;unit&quot;:&quot;px&quot;,&quot;size&quot;:1,&quot;sizes&quot;:[]},&quot;_transform_translateY_effect_hover&quot;:{&quot;unit&quot;:&quot;px&quot;,&quot;size&quot;:-1,&quot;sizes&quot;:[]},&quot;_transform_translateX_effect_hover_tablet&quot;:{&quot;unit&quot;:&quot;px&quot;,&quot;size&quot;:&quot;&quot;,&quot;sizes&quot;:[]},&quot;_transform_translateX_effect_hover_mobile&quot;:{&quot;unit&quot;:&quot;px&quot;,&quot;size&quot;:&quot;&quot;,&quot;sizes&quot;:[]},&quot;_transform_translateY_effect_hover_tablet&quot;:{&quot;unit&quot;:&quot;px&quot;,&quot;size&quot;:&quot;&quot;,&quot;sizes&quot;:[]},&quot;_transform_translateY_effect_hover_mobile&quot;:{&quot;unit&quot;:&quot;px&quot;,&quot;size&quot;:&quot;&quot;,&quot;sizes&quot;:[]}}\" data-widget_type=\"image.default\">\n\t\t\t\t<div class=\"elementor-widget-container\">\n\t\t\t\t\t\t\t\t\t\t\t\t\t\t\t<img fetchpriority=\"high\" decoding=\"async\" width=\"1024\" height=\"870\" src=\"https:\/\/lunapark-valentino.bg\/wp-content\/uploads\/2025\/02\/lamps-1024x870.png\" class=\"attachment-large size-large wp-image-864\" alt=\"\" srcset=\"https:\/\/lunapark-valentino.bg\/wp-content\/uploads\/2025\/02\/lamps-1024x870.png 1024w, https:\/\/lunapark-valentino.bg\/wp-content\/uploads\/2025\/02\/lamps-300x255.png 300w, https:\/\/lunapark-valentino.bg\/wp-content\/uploads\/2025\/02\/lamps-768x653.png 768w, https:\/\/lunapark-valentino.bg\/wp-content\/uploads\/2025\/02\/lamps-1536x1305.png 1536w, https:\/\/lunapark-valentino.bg\/wp-content\/uploads\/2025\/02\/lamps-2048x1740.png 2048w, https:\/\/lunapark-valentino.bg\/wp-content\/uploads\/2025\/02\/lamps-370x314.png 370w, https:\/\/lunapark-valentino.bg\/wp-content\/uploads\/2025\/02\/lamps-840x714.png 840w, https:\/\/lunapark-valentino.bg\/wp-content\/uploads\/2025\/02\/lamps-410x348.png 410w\" sizes=\"(max-width: 1024px) 100vw, 1024px\" \/>\t\t\t\t\t\t\t\t\t\t\t\t\t\t\t<\/div>\n\t\t\t\t<\/div>\n\t\t\t\t\t<\/div>\n\t\t\t\t<\/div>\n\t\t\t\t<section class=\"elementor-section elementor-top-section elementor-element elementor-element-54e8381 elementor-section-boxed elementor-section-height-default elementor-section-height-default sc_fly_static\" data-id=\"54e8381\" data-element_type=\"section\" data-e-type=\"section\">\n\t\t\t\t\t\t<div class=\"elementor-container elementor-column-gap-extended\">\n\t\t\t\t\t<div class=\"elementor-column elementor-col-50 elementor-top-column elementor-element elementor-element-ccd5660 sc_content_align_inherit sc_layouts_column_icons_position_left sc_fly_static\" data-id=\"ccd5660\" data-element_type=\"column\" data-e-type=\"column\">\n\t\t\t<div class=\"elementor-widget-wrap elementor-element-populated\">\n\t\t\t\t\t\t<div class=\"elementor-element elementor-element-0d49b75 sc_fly_static elementor-widget elementor-widget-text-editor\" data-id=\"0d49b75\" data-element_type=\"widget\" data-e-type=\"widget\" data-widget_type=\"text-editor.default\">\n\t\t\t\t<div class=\"elementor-widget-container\">\n\t\t\t\t\t\t\t\t\t<p>Am 6. Mai im fernen Jahr 1978 begann eine bescheidene Familie mit gro\u00dfen Tr\u00e4umen ihre Geschichte in einer kleinen bulgarischen Stadt. Damals konnte niemand ahnen, dass ihr kleines Gesch\u00e4ft mit Sonnenblumenkern-P\u00e4ckchen zu einem der beliebtesten Vergn\u00fcgungsorte werden w\u00fcrde \u2013 dem Luna Park Valentino. Alles begann mit einer einfachen Idee: hochwertige Produkte anzubieten und jedem Kunden ein L\u00e4cheln zu schenken. Nach und nach f\u00fcgten sie Lokum hinzu \u2013 eine s\u00fc\u00dfe Leckerei, die die Menschen an ihrem Marktstand zusammenbrachte. Doch mit der Zeit erkannte die Familie, dass das wahre Gl\u00fcck in gemeinsamen Momenten und der Freude anderer liegt. So beschlossen sie, mehr als nur ein Gesch\u00e4ft zu schaffen \u2013 einen Ort, der Generationen verbindet.<\/p>\t\t\t\t\t\t\t\t<\/div>\n\t\t\t\t<\/div>\n\t\t\t\t\t<\/div>\n\t\t<\/div>\n\t\t\t\t<div class=\"elementor-column elementor-col-50 elementor-top-column elementor-element elementor-element-e36591b sc_content_align_inherit sc_layouts_column_icons_position_left sc_fly_static\" data-id=\"e36591b\" data-element_type=\"column\" data-e-type=\"column\">\n\t\t\t<div class=\"elementor-widget-wrap elementor-element-populated\">\n\t\t\t\t\t\t<div class=\"elementor-element elementor-element-3f1772e sc_fly_static elementor-widget elementor-widget-image\" data-id=\"3f1772e\" data-element_type=\"widget\" data-e-type=\"widget\" data-widget_type=\"image.default\">\n\t\t\t\t<div class=\"elementor-widget-container\">\n\t\t\t\t\t\t\t\t\t\t\t\t\t\t\t<img decoding=\"async\" width=\"766\" height=\"1024\" src=\"https:\/\/lunapark-valentino.bg\/wp-content\/uploads\/2025\/02\/Image-from-Luboslav-Velikov-7-766x1024.jpeg\" class=\"attachment-large size-large wp-image-215\" alt=\"\" srcset=\"https:\/\/lunapark-valentino.bg\/wp-content\/uploads\/2025\/02\/Image-from-Luboslav-Velikov-7-766x1024.jpeg 766w, https:\/\/lunapark-valentino.bg\/wp-content\/uploads\/2025\/02\/Image-from-Luboslav-Velikov-7-224x300.jpeg 224w, https:\/\/lunapark-valentino.bg\/wp-content\/uploads\/2025\/02\/Image-from-Luboslav-Velikov-7-768x1026.jpeg 768w, https:\/\/lunapark-valentino.bg\/wp-content\/uploads\/2025\/02\/Image-from-Luboslav-Velikov-7-1149x1536.jpeg 1149w, https:\/\/lunapark-valentino.bg\/wp-content\/uploads\/2025\/02\/Image-from-Luboslav-Velikov-7-370x494.jpeg 370w, https:\/\/lunapark-valentino.bg\/wp-content\/uploads\/2025\/02\/Image-from-Luboslav-Velikov-7-840x1123.jpeg 840w, https:\/\/lunapark-valentino.bg\/wp-content\/uploads\/2025\/02\/Image-from-Luboslav-Velikov-7-410x548.jpeg 410w, https:\/\/lunapark-valentino.bg\/wp-content\/uploads\/2025\/02\/Image-from-Luboslav-Velikov-7.jpeg 1290w\" sizes=\"(max-width: 766px) 100vw, 766px\" \/>\t\t\t\t\t\t\t\t\t\t\t\t\t\t\t<\/div>\n\t\t\t\t<\/div>\n\t\t\t\t\t<\/div>\n\t\t<\/div>\n\t\t\t\t\t<\/div>\n\t\t<\/section>\n\t\t\t\t<section class=\"elementor-section elementor-top-section elementor-element elementor-element-ab7a97a elementor-section-boxed elementor-section-height-default elementor-section-height-default sc_fly_static\" data-id=\"ab7a97a\" data-element_type=\"section\" data-e-type=\"section\">\n\t\t\t\t\t\t<div class=\"elementor-container elementor-column-gap-extended\">\n\t\t\t\t\t<div class=\"elementor-column elementor-col-50 elementor-top-column elementor-element elementor-element-0797cef sc_content_align_inherit sc_layouts_column_icons_position_left sc_fly_static\" data-id=\"0797cef\" data-element_type=\"column\" data-e-type=\"column\">\n\t\t\t<div class=\"elementor-widget-wrap elementor-element-populated\">\n\t\t\t\t\t\t<div class=\"elementor-element elementor-element-a4db3ac sc_fly_static elementor-widget elementor-widget-text-editor\" data-id=\"a4db3ac\" data-element_type=\"widget\" data-e-type=\"widget\" data-widget_type=\"text-editor.default\">\n\t\t\t\t<div class=\"elementor-widget-container\">\n\t\t\t\t\t\t\t\t\t<div>In den folgenden Jahren sammelte die Familie Ressourcen, Inspiration und eine Menge M\u00fche, um ihren Traum Wirklichkeit werden zu lassen. Sie bauten ihre ersten Attraktionen \u2013 bescheiden, aber aufregend genug, um sowohl Kinder als auch Erwachsene anzuziehen. Luna Park Valentino begann mit einigen Karussells, Schie\u00dfst\u00e4nden und Trampolinen, wuchs aber dank seiner magischen Atmosph\u00e4re und der Hingabe an qualitatives Vergn\u00fcgen schnell.<\/div><div>Heute ist der Luna Park Valentino der perfekte Ort f\u00fcr einen Besuch zu jeder Jahreszeit. Im Fr\u00fchling erbl\u00fcht der Park mit Blumen und frischer Luft, w\u00e4hrend die Attraktionen die Kulisse f\u00fcr Familienausfl\u00fcge und Kinderlachen bilden. Der Sommer ist die Zeit f\u00fcr funkelnde Lichter, n\u00e4chtliche Unterhaltung und erfrischende Getr\u00e4nke. Im Herbst bietet der Park Gem\u00fctlichkeit und W\u00e4rme mit thematischen Dekorationen und Veranstaltungen, die alle um k\u00f6stliche Leckereien versammeln. Und im Winter verwandelt sich der Luna Park Valentino in ein wahres Winterm\u00e4rchen \u2013 mit festlichen Lichtern, Eisbahnen und hei\u00dfen Gl\u00fchgetr\u00e4nken. Von bescheidenen Anf\u00e4ngen mit Sonnenblumenkern-P\u00e4ckchen bis hin zu einem Ort, an dem unvergessliche Erinnerungen geschaffen werden, bleibt der Luna Park Valentino ein Symbol f\u00fcr Freude, Geborgenheit und Familientradition.<\/div>\t\t\t\t\t\t\t\t<\/div>\n\t\t\t\t<\/div>\n\t\t\t\t\t<\/div>\n\t\t<\/div>\n\t\t\t\t<div class=\"elementor-column elementor-col-50 elementor-top-column elementor-element elementor-element-e344c47 sc_content_align_inherit sc_layouts_column_icons_position_left sc_fly_static\" data-id=\"e344c47\" data-element_type=\"column\" data-e-type=\"column\">\n\t\t\t<div class=\"elementor-widget-wrap elementor-element-populated\">\n\t\t\t\t\t\t<div class=\"elementor-element elementor-element-da9f6ae sc_fly_static elementor-widget elementor-widget-image\" data-id=\"da9f6ae\" data-element_type=\"widget\" data-e-type=\"widget\" data-widget_type=\"image.default\">\n\t\t\t\t<div class=\"elementor-widget-container\">\n\t\t\t\t\t\t\t\t\t\t\t\t\t\t\t<img decoding=\"async\" width=\"1024\" height=\"695\" src=\"https:\/\/lunapark-valentino.bg\/wp-content\/uploads\/2025\/02\/viber_image_2025-02-15_13-50-55-180-1024x695.jpg\" class=\"attachment-large size-large wp-image-731\" alt=\"\" srcset=\"https:\/\/lunapark-valentino.bg\/wp-content\/uploads\/2025\/02\/viber_image_2025-02-15_13-50-55-180-1024x695.jpg 1024w, https:\/\/lunapark-valentino.bg\/wp-content\/uploads\/2025\/02\/viber_image_2025-02-15_13-50-55-180-300x204.jpg 300w, https:\/\/lunapark-valentino.bg\/wp-content\/uploads\/2025\/02\/viber_image_2025-02-15_13-50-55-180-768x522.jpg 768w, https:\/\/lunapark-valentino.bg\/wp-content\/uploads\/2025\/02\/viber_image_2025-02-15_13-50-55-180-370x251.jpg 370w, https:\/\/lunapark-valentino.bg\/wp-content\/uploads\/2025\/02\/viber_image_2025-02-15_13-50-55-180-840x570.jpg 840w, https:\/\/lunapark-valentino.bg\/wp-content\/uploads\/2025\/02\/viber_image_2025-02-15_13-50-55-180-410x278.jpg 410w, https:\/\/lunapark-valentino.bg\/wp-content\/uploads\/2025\/02\/viber_image_2025-02-15_13-50-55-180.jpg 1290w\" sizes=\"(max-width: 1024px) 100vw, 1024px\" \/>\t\t\t\t\t\t\t\t\t\t\t\t\t\t\t<\/div>\n\t\t\t\t<\/div>\n\t\t\t\t\t<\/div>\n\t\t<\/div>\n\t\t\t\t\t<\/div>\n\t\t<\/section>\n\t\t\t\t<\/div>","protected":false},"excerpt":{"rendered":"<p>\u0417\u0430 \u043d\u0430\u0448\u0430\u0442\u0430 \u0444\u0438\u0440\u043c\u0430 \u041f\u0440\u0435\u0437 \u0434\u0430\u043b\u0435\u0447\u043d\u0430\u0442\u0430 1978 \u0433\u043e\u0434\u0438\u043d\u0430 \u043d\u0430 6-\u0442\u0438 \u041c\u0430\u0439, \u0432 \u043c\u0430\u043b\u043a\u043e \u0431\u044a\u043b\u0433\u0430\u0440\u0441\u043a\u043e \u0433\u0440\u0430\u0434\u0447\u0435, \u0435\u0434\u043d\u043e \u0441\u043a\u0440\u043e\u043c\u043d\u043e \u0441\u0435\u043c\u0435\u0439\u0441\u0442\u0432\u043e \u0441 \u0433\u043e\u043b\u0435\u043c\u0438 \u043c\u0435\u0447\u0442\u0438 \u043f\u043e\u0441\u0442\u0430\u0432\u044f \u043d\u0430\u0447\u0430\u043b\u043e\u0442\u043e \u043d\u0430 \u0441\u0432\u043e\u044f\u0442\u0430 \u0438\u0441\u0442\u043e\u0440\u0438\u044f. \u0422\u043e\u0433\u0430\u0432\u0430 \u043d\u0438\u043a\u043e\u0439 \u043d\u0435 \u043f\u043e\u0434\u043e\u0437\u0438\u0440\u0430, \u0447\u0435&hellip;<\/p>","protected":false},"author":1,"featured_media":0,"parent":0,"menu_order":0,"comment_status":"closed","ping_status":"closed","template":"","meta":{"footnotes":""},"class_list":["post-282","page","type-page","status-publish","hentry"],"yoast_head":"<!-- This site is optimized with the Yoast SEO plugin v27.3 - https:\/\/yoast.com\/product\/yoast-seo-wordpress\/ -->\n<title>\u0417\u0430 \u043d\u0430\u0441 - Lunapark Valentino<\/title>\n<meta name=\"robots\" content=\"index, follow, max-snippet:-1, max-image-preview:large, max-video-preview:-1\" \/>\n<link rel=\"canonical\" href=\"https:\/\/lunapark-valentino.bg\/de\/\u0437\u0430-\u043d\u0430\u0441\/\" \/>\n<meta property=\"og:locale\" content=\"de_DE\" \/>\n<meta property=\"og:type\" content=\"article\" \/>\n<meta property=\"og:title\" content=\"\u0417\u0430 \u043d\u0430\u0441 - Lunapark Valentino\" \/>\n<meta property=\"og:description\" content=\"\u0417\u0430 \u043d\u0430\u0448\u0430\u0442\u0430 \u0444\u0438\u0440\u043c\u0430 \u041f\u0440\u0435\u0437 \u0434\u0430\u043b\u0435\u0447\u043d\u0430\u0442\u0430 1978 \u0433\u043e\u0434\u0438\u043d\u0430 \u043d\u0430 6-\u0442\u0438 \u041c\u0430\u0439, \u0432 \u043c\u0430\u043b\u043a\u043e \u0431\u044a\u043b\u0433\u0430\u0440\u0441\u043a\u043e \u0433\u0440\u0430\u0434\u0447\u0435, \u0435\u0434\u043d\u043e \u0441\u043a\u0440\u043e\u043c\u043d\u043e \u0441\u0435\u043c\u0435\u0439\u0441\u0442\u0432\u043e \u0441 \u0433\u043e\u043b\u0435\u043c\u0438 \u043c\u0435\u0447\u0442\u0438 \u043f\u043e\u0441\u0442\u0430\u0432\u044f \u043d\u0430\u0447\u0430\u043b\u043e\u0442\u043e \u043d\u0430 \u0441\u0432\u043e\u044f\u0442\u0430 \u0438\u0441\u0442\u043e\u0440\u0438\u044f. \u0422\u043e\u0433\u0430\u0432\u0430 \u043d\u0438\u043a\u043e\u0439 \u043d\u0435 \u043f\u043e\u0434\u043e\u0437\u0438\u0440\u0430, \u0447\u0435&hellip;\" \/>\n<meta property=\"og:url\" content=\"https:\/\/lunapark-valentino.bg\/de\/\u0437\u0430-\u043d\u0430\u0441\/\" \/>\n<meta property=\"og:site_name\" content=\"Lunapark Valentino\" \/>\n<meta property=\"article:modified_time\" content=\"2025-02-27T16:46:18+00:00\" \/>\n<meta property=\"og:image\" content=\"https:\/\/lunapark-valentino.bg\/wp-content\/uploads\/2025\/02\/lamps.png\" \/>\n\t<meta property=\"og:image:width\" content=\"2083\" \/>\n\t<meta property=\"og:image:height\" content=\"1770\" \/>\n\t<meta property=\"og:image:type\" content=\"image\/png\" \/>\n<meta name=\"twitter:card\" content=\"summary_large_image\" \/>\n<meta name=\"twitter:label1\" content=\"Gesch\u00e4tzte Lesezeit\" \/>\n\t<meta name=\"twitter:data1\" content=\"3\u00a0Minuten\" \/>\n<script type=\"application\/ld+json\" class=\"yoast-schema-graph\">{\"@context\":\"https:\\\/\\\/schema.org\",\"@graph\":[{\"@type\":\"WebPage\",\"@id\":\"https:\\\/\\\/lunapark-valentino.bg\\\/%d0%b7%d0%b0-%d0%bd%d0%b0%d1%81\\\/\",\"url\":\"https:\\\/\\\/lunapark-valentino.bg\\\/%d0%b7%d0%b0-%d0%bd%d0%b0%d1%81\\\/\",\"name\":\"\u0417\u0430 \u043d\u0430\u0441 - Lunapark Valentino\",\"isPartOf\":{\"@id\":\"https:\\\/\\\/lunapark-valentino.bg\\\/#website\"},\"primaryImageOfPage\":{\"@id\":\"https:\\\/\\\/lunapark-valentino.bg\\\/%d0%b7%d0%b0-%d0%bd%d0%b0%d1%81\\\/#primaryimage\"},\"image\":{\"@id\":\"https:\\\/\\\/lunapark-valentino.bg\\\/%d0%b7%d0%b0-%d0%bd%d0%b0%d1%81\\\/#primaryimage\"},\"thumbnailUrl\":\"https:\\\/\\\/lunapark-valentino.bg\\\/wp-content\\\/uploads\\\/2025\\\/02\\\/lamps-1024x870.png\",\"datePublished\":\"2025-02-10T16:49:35+00:00\",\"dateModified\":\"2025-02-27T16:46:18+00:00\",\"breadcrumb\":{\"@id\":\"https:\\\/\\\/lunapark-valentino.bg\\\/%d0%b7%d0%b0-%d0%bd%d0%b0%d1%81\\\/#breadcrumb\"},\"inLanguage\":\"de\",\"potentialAction\":[{\"@type\":\"ReadAction\",\"target\":[\"https:\\\/\\\/lunapark-valentino.bg\\\/%d0%b7%d0%b0-%d0%bd%d0%b0%d1%81\\\/\"]}]},{\"@type\":\"ImageObject\",\"inLanguage\":\"de\",\"@id\":\"https:\\\/\\\/lunapark-valentino.bg\\\/%d0%b7%d0%b0-%d0%bd%d0%b0%d1%81\\\/#primaryimage\",\"url\":\"https:\\\/\\\/lunapark-valentino.bg\\\/wp-content\\\/uploads\\\/2025\\\/02\\\/lamps-1024x870.png\",\"contentUrl\":\"https:\\\/\\\/lunapark-valentino.bg\\\/wp-content\\\/uploads\\\/2025\\\/02\\\/lamps-1024x870.png\"},{\"@type\":\"BreadcrumbList\",\"@id\":\"https:\\\/\\\/lunapark-valentino.bg\\\/%d0%b7%d0%b0-%d0%bd%d0%b0%d1%81\\\/#breadcrumb\",\"itemListElement\":[{\"@type\":\"ListItem\",\"position\":1,\"name\":\"\u041d\u0430\u0447\u0430\u043b\u043e\",\"item\":\"https:\\\/\\\/lunapark-valentino.bg\\\/\"},{\"@type\":\"ListItem\",\"position\":2,\"name\":\"\u0417\u0430 \u043d\u0430\u0441\"}]},{\"@type\":\"WebSite\",\"@id\":\"https:\\\/\\\/lunapark-valentino.bg\\\/#website\",\"url\":\"https:\\\/\\\/lunapark-valentino.bg\\\/\",\"name\":\"Lunapark Valentino\",\"description\":\"\",\"publisher\":{\"@id\":\"https:\\\/\\\/lunapark-valentino.bg\\\/#organization\"},\"potentialAction\":[{\"@type\":\"SearchAction\",\"target\":{\"@type\":\"EntryPoint\",\"urlTemplate\":\"https:\\\/\\\/lunapark-valentino.bg\\\/?s={search_term_string}\"},\"query-input\":{\"@type\":\"PropertyValueSpecification\",\"valueRequired\":true,\"valueName\":\"search_term_string\"}}],\"inLanguage\":\"de\"},{\"@type\":\"Organization\",\"@id\":\"https:\\\/\\\/lunapark-valentino.bg\\\/#organization\",\"name\":\"Lunapark Valentino\",\"url\":\"https:\\\/\\\/lunapark-valentino.bg\\\/\",\"logo\":{\"@type\":\"ImageObject\",\"inLanguage\":\"de\",\"@id\":\"https:\\\/\\\/lunapark-valentino.bg\\\/#\\\/schema\\\/logo\\\/image\\\/\",\"url\":\"https:\\\/\\\/lunapark-valentino.bg\\\/wp-content\\\/uploads\\\/2025\\\/02\\\/Lunapark-Valentino-Logo.png\",\"contentUrl\":\"https:\\\/\\\/lunapark-valentino.bg\\\/wp-content\\\/uploads\\\/2025\\\/02\\\/Lunapark-Valentino-Logo.png\",\"width\":4950,\"height\":3214,\"caption\":\"Lunapark Valentino\"},\"image\":{\"@id\":\"https:\\\/\\\/lunapark-valentino.bg\\\/#\\\/schema\\\/logo\\\/image\\\/\"}}]}<\/script>\n<!-- \/ Yoast SEO plugin. -->","yoast_head_json":{"title":"\u0417\u0430 \u043d\u0430\u0441 - Lunapark Valentino","robots":{"index":"index","follow":"follow","max-snippet":"max-snippet:-1","max-image-preview":"max-image-preview:large","max-video-preview":"max-video-preview:-1"},"canonical":"https:\/\/lunapark-valentino.bg\/de\/\u0437\u0430-\u043d\u0430\u0441\/","og_locale":"de_DE","og_type":"article","og_title":"\u0417\u0430 \u043d\u0430\u0441 - Lunapark Valentino","og_description":"\u0417\u0430 \u043d\u0430\u0448\u0430\u0442\u0430 \u0444\u0438\u0440\u043c\u0430 \u041f\u0440\u0435\u0437 \u0434\u0430\u043b\u0435\u0447\u043d\u0430\u0442\u0430 1978 \u0433\u043e\u0434\u0438\u043d\u0430 \u043d\u0430 6-\u0442\u0438 \u041c\u0430\u0439, \u0432 \u043c\u0430\u043b\u043a\u043e \u0431\u044a\u043b\u0433\u0430\u0440\u0441\u043a\u043e \u0433\u0440\u0430\u0434\u0447\u0435, \u0435\u0434\u043d\u043e \u0441\u043a\u0440\u043e\u043c\u043d\u043e \u0441\u0435\u043c\u0435\u0439\u0441\u0442\u0432\u043e \u0441 \u0433\u043e\u043b\u0435\u043c\u0438 \u043c\u0435\u0447\u0442\u0438 \u043f\u043e\u0441\u0442\u0430\u0432\u044f \u043d\u0430\u0447\u0430\u043b\u043e\u0442\u043e \u043d\u0430 \u0441\u0432\u043e\u044f\u0442\u0430 \u0438\u0441\u0442\u043e\u0440\u0438\u044f. \u0422\u043e\u0433\u0430\u0432\u0430 \u043d\u0438\u043a\u043e\u0439 \u043d\u0435 \u043f\u043e\u0434\u043e\u0437\u0438\u0440\u0430, \u0447\u0435&hellip;","og_url":"https:\/\/lunapark-valentino.bg\/de\/\u0437\u0430-\u043d\u0430\u0441\/","og_site_name":"Lunapark Valentino","article_modified_time":"2025-02-27T16:46:18+00:00","og_image":[{"width":2083,"height":1770,"url":"https:\/\/lunapark-valentino.bg\/wp-content\/uploads\/2025\/02\/lamps.png","type":"image\/png"}],"twitter_card":"summary_large_image","twitter_misc":{"Gesch\u00e4tzte Lesezeit":"3\u00a0Minuten"},"schema":{"@context":"https:\/\/schema.org","@graph":[{"@type":"WebPage","@id":"https:\/\/lunapark-valentino.bg\/%d0%b7%d0%b0-%d0%bd%d0%b0%d1%81\/","url":"https:\/\/lunapark-valentino.bg\/%d0%b7%d0%b0-%d0%bd%d0%b0%d1%81\/","name":"\u0417\u0430 \u043d\u0430\u0441 - Lunapark Valentino","isPartOf":{"@id":"https:\/\/lunapark-valentino.bg\/#website"},"primaryImageOfPage":{"@id":"https:\/\/lunapark-valentino.bg\/%d0%b7%d0%b0-%d0%bd%d0%b0%d1%81\/#primaryimage"},"image":{"@id":"https:\/\/lunapark-valentino.bg\/%d0%b7%d0%b0-%d0%bd%d0%b0%d1%81\/#primaryimage"},"thumbnailUrl":"https:\/\/lunapark-valentino.bg\/wp-content\/uploads\/2025\/02\/lamps-1024x870.png","datePublished":"2025-02-10T16:49:35+00:00","dateModified":"2025-02-27T16:46:18+00:00","breadcrumb":{"@id":"https:\/\/lunapark-valentino.bg\/%d0%b7%d0%b0-%d0%bd%d0%b0%d1%81\/#breadcrumb"},"inLanguage":"de","potentialAction":[{"@type":"ReadAction","target":["https:\/\/lunapark-valentino.bg\/%d0%b7%d0%b0-%d0%bd%d0%b0%d1%81\/"]}]},{"@type":"ImageObject","inLanguage":"de","@id":"https:\/\/lunapark-valentino.bg\/%d0%b7%d0%b0-%d0%bd%d0%b0%d1%81\/#primaryimage","url":"https:\/\/lunapark-valentino.bg\/wp-content\/uploads\/2025\/02\/lamps-1024x870.png","contentUrl":"https:\/\/lunapark-valentino.bg\/wp-content\/uploads\/2025\/02\/lamps-1024x870.png"},{"@type":"BreadcrumbList","@id":"https:\/\/lunapark-valentino.bg\/%d0%b7%d0%b0-%d0%bd%d0%b0%d1%81\/#breadcrumb","itemListElement":[{"@type":"ListItem","position":1,"name":"\u041d\u0430\u0447\u0430\u043b\u043e","item":"https:\/\/lunapark-valentino.bg\/"},{"@type":"ListItem","position":2,"name":"\u0417\u0430 \u043d\u0430\u0441"}]},{"@type":"WebSite","@id":"https:\/\/lunapark-valentino.bg\/#website","url":"https:\/\/lunapark-valentino.bg\/","name":"Lunapark Valentino","description":"","publisher":{"@id":"https:\/\/lunapark-valentino.bg\/#organization"},"potentialAction":[{"@type":"SearchAction","target":{"@type":"EntryPoint","urlTemplate":"https:\/\/lunapark-valentino.bg\/?s={search_term_string}"},"query-input":{"@type":"PropertyValueSpecification","valueRequired":true,"valueName":"search_term_string"}}],"inLanguage":"de"},{"@type":"Organization","@id":"https:\/\/lunapark-valentino.bg\/#organization","name":"Lunapark Valentino","url":"https:\/\/lunapark-valentino.bg\/","logo":{"@type":"ImageObject","inLanguage":"de","@id":"https:\/\/lunapark-valentino.bg\/#\/schema\/logo\/image\/","url":"https:\/\/lunapark-valentino.bg\/wp-content\/uploads\/2025\/02\/Lunapark-Valentino-Logo.png","contentUrl":"https:\/\/lunapark-valentino.bg\/wp-content\/uploads\/2025\/02\/Lunapark-Valentino-Logo.png","width":4950,"height":3214,"caption":"Lunapark Valentino"},"image":{"@id":"https:\/\/lunapark-valentino.bg\/#\/schema\/logo\/image\/"}}]}},"_links":{"self":[{"href":"https:\/\/lunapark-valentino.bg\/de\/wp-json\/wp\/v2\/pages\/282","targetHints":{"allow":["GET"]}}],"collection":[{"href":"https:\/\/lunapark-valentino.bg\/de\/wp-json\/wp\/v2\/pages"}],"about":[{"href":"https:\/\/lunapark-valentino.bg\/de\/wp-json\/wp\/v2\/types\/page"}],"author":[{"embeddable":true,"href":"https:\/\/lunapark-valentino.bg\/de\/wp-json\/wp\/v2\/users\/1"}],"replies":[{"embeddable":true,"href":"https:\/\/lunapark-valentino.bg\/de\/wp-json\/wp\/v2\/comments?post=282"}],"version-history":[{"count":133,"href":"https:\/\/lunapark-valentino.bg\/de\/wp-json\/wp\/v2\/pages\/282\/revisions"}],"predecessor-version":[{"id":1281,"href":"https:\/\/lunapark-valentino.bg\/de\/wp-json\/wp\/v2\/pages\/282\/revisions\/1281"}],"wp:attachment":[{"href":"https:\/\/lunapark-valentino.bg\/de\/wp-json\/wp\/v2\/media?parent=282"}],"curies":[{"name":"wp","href":"https:\/\/api.w.org\/{rel}","templated":true}]}}