{"id":1266,"date":"2025-02-23T18:47:38","date_gmt":"2025-02-23T16:47:38","guid":{"rendered":"https:\/\/valentino.velikov-design.net\/?page_id=1266"},"modified":"2025-02-23T18:48:29","modified_gmt":"2025-02-23T16:48:29","slug":"%d0%bf%d0%be%d0%bb%d0%b8%d1%82%d0%b8%d0%ba%d0%b0-%d0%b7%d0%b0-%d0%b1%d0%b8%d1%81%d0%ba%d0%b2%d0%b8%d1%82%d0%ba%d0%b8%d1%82%d0%b5","status":"publish","type":"page","link":"https:\/\/lunapark-valentino.bg\/de\/%d0%bf%d0%be%d0%bb%d0%b8%d1%82%d0%b8%d0%ba%d0%b0-%d0%b7%d0%b0-%d0%b1%d0%b8%d1%81%d0%ba%d0%b2%d0%b8%d1%82%d0%ba%d0%b8%d1%82%d0%b5\/","title":{"rendered":"Cookie-Richtlinie"},"content":{"rendered":"<div data-elementor-type=\"wp-page\" data-elementor-id=\"1266\" class=\"elementor elementor-1266\" data-elementor-post-type=\"page\">\n\t\t\t\t\t\t<section class=\"elementor-section elementor-top-section elementor-element elementor-element-58c1a79d elementor-section-boxed elementor-section-height-default elementor-section-height-default sc_fly_static\" data-id=\"58c1a79d\" data-element_type=\"section\" data-e-type=\"section\">\n\t\t\t\t\t\t<div class=\"elementor-container elementor-column-gap-extended\">\n\t\t\t\t\t<div class=\"elementor-column elementor-col-100 elementor-top-column elementor-element elementor-element-14747347 sc_content_align_inherit sc_layouts_column_icons_position_left sc_fly_static\" data-id=\"14747347\" data-element_type=\"column\" data-e-type=\"column\">\n\t\t\t<div class=\"elementor-widget-wrap elementor-element-populated\">\n\t\t\t\t\t\t<div class=\"elementor-element elementor-element-6988ef5d sc_fly_static elementor-widget elementor-widget-spacer\" data-id=\"6988ef5d\" data-element_type=\"widget\" data-e-type=\"widget\" data-widget_type=\"spacer.default\">\n\t\t\t\t<div class=\"elementor-widget-container\">\n\t\t\t\t\t\t\t<div class=\"elementor-spacer\">\n\t\t\t<div class=\"elementor-spacer-inner\"><\/div>\n\t\t<\/div>\n\t\t\t\t\t\t<\/div>\n\t\t\t\t<\/div>\n\t\t\t\t<div class=\"elementor-element elementor-element-39819ba sc_fly_static elementor-widget elementor-widget-spacer\" data-id=\"39819ba\" data-element_type=\"widget\" data-e-type=\"widget\" data-widget_type=\"spacer.default\">\n\t\t\t\t<div class=\"elementor-widget-container\">\n\t\t\t\t\t\t\t<div class=\"elementor-spacer\">\n\t\t\t<div class=\"elementor-spacer-inner\"><\/div>\n\t\t<\/div>\n\t\t\t\t\t\t<\/div>\n\t\t\t\t<\/div>\n\t\t\t\t\t<\/div>\n\t\t<\/div>\n\t\t\t\t\t<\/div>\n\t\t<\/section>\n\t\t\t\t<section class=\"elementor-section elementor-top-section elementor-element elementor-element-325689c3 elementor-section-boxed elementor-section-height-default elementor-section-height-default sc_fly_static\" data-id=\"325689c3\" data-element_type=\"section\" data-e-type=\"section\" data-settings=\"{&quot;background_background&quot;:&quot;classic&quot;}\">\n\t\t\t\t\t\t<div class=\"elementor-container elementor-column-gap-extended\">\n\t\t\t\t\t<div class=\"elementor-column elementor-col-100 elementor-top-column elementor-element elementor-element-c0ce289 sc_content_align_inherit sc_layouts_column_icons_position_left sc_fly_static\" data-id=\"c0ce289\" data-element_type=\"column\" data-e-type=\"column\">\n\t\t\t<div class=\"elementor-widget-wrap elementor-element-populated\">\n\t\t\t\t\t\t<div class=\"elementor-element elementor-element-1fa92a25 sc_fly_static elementor-widget elementor-widget-text-editor\" data-id=\"1fa92a25\" data-element_type=\"widget\" data-e-type=\"widget\" data-widget_type=\"text-editor.default\">\n\t\t\t\t<div class=\"elementor-widget-container\">\n\t\t\t\t\t\t\t\t\t<h2><strong>Cookie-Richtlinie<\/strong><\/h2><p>Verwendung von Cookies<\/p><p>\u201eCookies\u201c sind kurze Textdateien oder kleine Informationspakete, die von Ihrem Internetbrowser auf Ihrem Endger\u00e4t (Computer, Tablet, Laptop oder Mobiltelefon) gespeichert werden, wenn Sie verschiedene Websites und Seiten im Internet besuchen. Der Hauptzweck von Cookies ist, den Benutzer beim erneuten Besuch der Website wiederzuerkennen. Einige Cookies haben speziellere Funktionen, wie z.B. das Speichern des Benutzerverhaltens auf der Website und das Erleichtern der Nutzung f\u00fcr den Benutzer. Weitere Informationen dar\u00fcber, wie Cookies funktionieren, finden Sie im Internet.<\/p><p>Wie werden \u201eCookies\u201c auf dieser Website verwendet?<\/p><p>\u00a0<\/p><p>Wir verwenden \u201eCookies\u201c auf dieser Website haupts\u00e4chlich zur Erleichterung der Nutzung, Verbesserung der Leistung und Speicherung von Informationen \u00fcber das Nutzerverhalten. Bei diesem Prozess werden keine personenbezogenen Daten gespeichert; die Cookies auf dieser Website erm\u00f6glichen keine pers\u00f6nliche Identifikation. Daher f\u00e4llt die Erhebung dieser Informationen nicht unter das Datenschutzgesetz. Die mittels Cookies gesammelten Informationen werden in der Regel in aggregierter Form verwendet, um das Nutzerverhalten auf der Website zu analysieren. Dies erm\u00f6glicht es uns, die Funktionalit\u00e4t der Website, Nutzerpfade und bereitgestellten Inhalte zu verbessern.<\/p><p>\u00a0<\/p><p>Cookies k\u00f6nnen auch f\u00fcr Zwecke des Direktmarketings verwendet werden, insbesondere um elektronische kommerzielle Mitteilungen an den Nutzer au\u00dferhalb der Website zu versenden.<\/p><p><strong>\u00a0<\/strong><\/p><p>Welche Arten von \u201eCookies\u201c werden auf dieser Website verwendet?<\/p><p><strong>Sitzungscookies<\/strong><\/p><p>Diese Art von Cookies erleichtert Ihre Nutzung der Website, indem Informationen tempor\u00e4r nur f\u00fcr die Dauer Ihrer Browser-Sitzung gespeichert werden. Typischerweise speichern sie Informationen dar\u00fcber, welche Produkte oder Dienstleistungen Sie in den Warenkorb gelegt haben, welche Seiten Sie besucht haben und wie Sie bestimmte Informationen gefunden haben. Diese Cookies sammeln keine Informationen von Ihrem Endger\u00e4t und werden automatisch gel\u00f6scht, sobald Sie die Website verlassen oder Ihre Browser-Sitzung beenden.<\/p><p><strong>\u00a0<\/strong><\/p><p><strong>Dauerhafte Cookies<\/strong><\/p><p>Diese Cookies erm\u00f6glichen uns, bestimmte Informationen \u00fcber Ihr Surfverhalten zu speichern, beispielsweise die Analyse der Seitenbesuche, wie Sie zur Website gelangt sind, welche Seiten Sie angesehen haben, welche Optionen Sie gew\u00e4hlt haben und wohin Sie auf der Website navigiert sind. Die Auswertung dieser Informationen hilft uns, die Website zu verbessern, Fehler zu korrigieren und Inhalte zu erweitern. Die Speicherdauer dieser Cookies variiert je nach deren spezifischem Zweck.<\/p><p><strong>\u00a0<\/strong><\/p><p><strong>Cookies von Drittanbietern<\/strong><\/p><p>Es ist m\u00f6glich, dass die Website Verweise auf andere Websites oder eingebettete Inhalte enth\u00e4lt, beispielsweise von Facebook, YouTube, Twitter, LinkedIn oder Partnerseiten. Beim Besuch dieser Websites oder beim \u00d6ffnen von eingebettetem Inhalt k\u00f6nnten Cookies dieser Websites auf Ihrem Endger\u00e4t gespeichert werden. Diese Cookies werden als \u201eCookies von Drittanbietern\u201c bezeichnet. Wir haben keine Kontrolle \u00fcber deren Erstellung und Verwaltung. Daher empfehlen wir Ihnen, sich direkt auf den jeweiligen Websites \u00fcber deren Umgang mit Cookies zu informieren.<\/p><p><strong>\u00a0<\/strong><\/p><p>Wie kann ich die Nutzung von \u201eCookies\u201c verwalten?<\/p><p>\u00a0<\/p><p>Alle Browser bieten die M\u00f6glichkeit, Cookies \u00fcber einen speziell daf\u00fcr vorgesehenen Bereich in den Browsereinstellungen zu verwalten. Sie k\u00f6nnen Cookies blockieren, alle oder ausgew\u00e4hlte Cookies l\u00f6schen oder Ihre Cookie-Einstellungen festlegen, bevor Sie unsere Website besuchen. Beachten Sie bitte, dass das L\u00f6schen oder Blockieren von Cookies die Funktionsweise unserer Website beeintr\u00e4chtigen und somit Ihr Nutzungserlebnis negativ beeinflussen kann.<\/p><p><strong>\u00a0<\/strong><\/p><p><strong>Deaktivieren oder Blockieren von Cookies<\/strong><\/p><p>\u041a\u043e\u043d\u0442\u0440\u043e\u043b\u0438\u0440\u0430\u043d\u0435\u0442\u043e, \u0438\u0437\u043a\u043b\u044e\u0447\u0432\u0430\u043d\u0435\u0442\u043e \u0438\u043b\u0438 \u0431\u043b\u043e\u043a\u0438\u0440\u0430\u043d\u0435\u0442\u043e \u043d\u0430 \u201e\u0431\u0438\u0441\u043a\u0432\u0438\u0442\u043a\u0438\u0442\u0435\u201c \u0441\u0435 \u0443\u043f\u0440\u0430\u0432\u043b\u044f\u0432\u0430 \u043e\u0442 \u043d\u0430\u0441\u0442\u0440\u043e\u0439\u043a\u0438\u0442\u0435 \u043d\u0430 \u0412\u0430\u0448\u0438\u044f \u0431\u0440\u0430\u0443\u0437\u0435\u0440. \u0418\u043c\u0430\u0439\u0442\u0435 \u043f\u0440\u0435\u0434\u0432\u0438\u0434, \u0447\u0435 \u043f\u044a\u043b\u043d\u0430\u0442\u0430 \u0437\u0430\u0431\u0440\u0430\u043d\u0430 \u043d\u0430 \u0438\u0437\u043f\u043e\u043b\u0437\u0432\u0430\u043d\u0435\u0442\u043e \u043d\u0430 \u0432\u0441\u0438\u0447\u043a\u0438 \u201e\u0431\u0438\u0441\u043a\u0432\u0438\u0442\u043a\u0438\u201c, \u043c\u043e\u0436\u0435 \u0434\u0430 \u0440\u0435\u0444\u043b\u0435\u043a\u0442\u0438\u0440\u0430 \u0432\u044a\u0440\u0445\u0443 \u0444\u0443\u043d\u043a\u0446\u0438\u043e\u043d\u0430\u043b\u043d\u043e\u0442\u043e \u043f\u0440\u0435\u0434\u0441\u0442\u0430\u0432\u044f\u043d\u0435 \u043d\u0430 \u0441\u0430\u0439\u0442\u0430, \u043d\u0435\u0433\u043e\u0432\u0430\u0442\u0430 \u0435\u0444\u0435\u043a\u0442\u0438\u0432\u043d\u043e\u0441\u0442 \u0438 \u0434\u043e\u0441\u0442\u044a\u043f\u0432\u0430\u043d\u0435\u0442\u043e \u043d\u0430 \u043e\u043f\u0440\u0435\u0434\u0435\u043b\u0435\u043d\u0430 \u0438\u043d\u0444\u043e\u0440\u043c\u0430\u0446\u0438\u044f.<\/p>\t\t\t\t\t\t\t\t<\/div>\n\t\t\t\t<\/div>\n\t\t\t\t\t<\/div>\n\t\t<\/div>\n\t\t\t\t\t<\/div>\n\t\t<\/section>\n\t\t\t\t<\/div>","protected":false},"excerpt":{"rendered":"<p>\u041f\u043e\u043b\u0438\u0442\u0438\u043a\u0430 \u0437\u0430 \u201e\u0431\u0438\u0441\u043a\u0432\u0438\u0442\u043a\u0438\u201c \u0418\u0437\u043f\u043e\u043b\u0437\u0432\u0430\u043d\u0435 \u043d\u0430 \u201e\u0431\u0438\u0441\u043a\u0432\u0438\u0442\u043a\u0438\u201c \u201e\u0411\u0438\u0441\u043a\u0432\u0438\u0442\u043a\u0438\u0442\u0435\u201c \u0441\u0430 \u043a\u0440\u0430\u0442\u043a\u0438 \u0442\u0435\u043a\u0441\u0442\u043e\u0432\u0438 \u0444\u0430\u0439\u043b\u043e\u0432\u0435 \u0438\u043b\u0438 \u043c\u0430\u043b\u043a\u0438 \u043f\u0430\u043a\u0435\u0442\u0438 \u043e\u0442 \u0438\u043d\u0444\u043e\u0440\u043c\u0430\u0446\u0438\u044f, \u043a\u043e\u0438\u0442\u043e \u0441\u0435 \u0441\u044a\u0445\u0440\u0430\u043d\u044f\u0432\u0430\u0442 \u0447\u0440\u0435\u0437 \u0418\u043d\u0442\u0435\u0440\u043d\u0435\u0442 \u0431\u0440\u0430\u0443\u0437\u0435\u0440\u0430 \u043d\u0430 \u0412\u0430\u0448\u0435\u0442\u043e \u043a\u0440\u0430\u0439\u043d\u043e \u0443\u0441\u0442\u0440\u043e\u0439\u0441\u0442\u0432\u043e (\u043a\u043e\u043c\u043f\u044e\u0442\u044a\u0440, \u0442\u0430\u0431\u043b\u0435\u0442, \u043b\u0430\u043f\u0442\u043e\u043f \u0438\u043b\u0438&hellip;<\/p>","protected":false},"author":1,"featured_media":0,"parent":0,"menu_order":0,"comment_status":"closed","ping_status":"closed","template":"","meta":{"footnotes":""},"class_list":["post-1266","page","type-page","status-publish","hentry"],"yoast_head":"<!-- This site is optimized with the Yoast SEO plugin v27.3 - https:\/\/yoast.com\/product\/yoast-seo-wordpress\/ -->\n<title>\u041f\u043e\u043b\u0438\u0442\u0438\u043a\u0430 \u0437\u0430 \u0431\u0438\u0441\u043a\u0432\u0438\u0442\u043a\u0438\u0442\u0435 - Lunapark Valentino<\/title>\n<meta name=\"robots\" content=\"index, follow, max-snippet:-1, max-image-preview:large, max-video-preview:-1\" \/>\n<link rel=\"canonical\" href=\"https:\/\/lunapark-valentino.bg\/de\/\u043f\u043e\u043b\u0438\u0442\u0438\u043a\u0430-\u0437\u0430-\u0431\u0438\u0441\u043a\u0432\u0438\u0442\u043a\u0438\u0442\u0435\/\" \/>\n<meta property=\"og:locale\" content=\"de_DE\" \/>\n<meta property=\"og:type\" content=\"article\" \/>\n<meta property=\"og:title\" content=\"\u041f\u043e\u043b\u0438\u0442\u0438\u043a\u0430 \u0437\u0430 \u0431\u0438\u0441\u043a\u0432\u0438\u0442\u043a\u0438\u0442\u0435 - Lunapark Valentino\" \/>\n<meta property=\"og:description\" content=\"\u041f\u043e\u043b\u0438\u0442\u0438\u043a\u0430 \u0437\u0430 \u201e\u0431\u0438\u0441\u043a\u0432\u0438\u0442\u043a\u0438\u201c \u0418\u0437\u043f\u043e\u043b\u0437\u0432\u0430\u043d\u0435 \u043d\u0430 \u201e\u0431\u0438\u0441\u043a\u0432\u0438\u0442\u043a\u0438\u201c \u201e\u0411\u0438\u0441\u043a\u0432\u0438\u0442\u043a\u0438\u0442\u0435\u201c \u0441\u0430 \u043a\u0440\u0430\u0442\u043a\u0438 \u0442\u0435\u043a\u0441\u0442\u043e\u0432\u0438 \u0444\u0430\u0439\u043b\u043e\u0432\u0435 \u0438\u043b\u0438 \u043c\u0430\u043b\u043a\u0438 \u043f\u0430\u043a\u0435\u0442\u0438 \u043e\u0442 \u0438\u043d\u0444\u043e\u0440\u043c\u0430\u0446\u0438\u044f, \u043a\u043e\u0438\u0442\u043e \u0441\u0435 \u0441\u044a\u0445\u0440\u0430\u043d\u044f\u0432\u0430\u0442 \u0447\u0440\u0435\u0437 \u0418\u043d\u0442\u0435\u0440\u043d\u0435\u0442 \u0431\u0440\u0430\u0443\u0437\u0435\u0440\u0430 \u043d\u0430 \u0412\u0430\u0448\u0435\u0442\u043e \u043a\u0440\u0430\u0439\u043d\u043e \u0443\u0441\u0442\u0440\u043e\u0439\u0441\u0442\u0432\u043e (\u043a\u043e\u043c\u043f\u044e\u0442\u044a\u0440, \u0442\u0430\u0431\u043b\u0435\u0442, \u043b\u0430\u043f\u0442\u043e\u043f \u0438\u043b\u0438&hellip;\" \/>\n<meta property=\"og:url\" content=\"https:\/\/lunapark-valentino.bg\/de\/\u043f\u043e\u043b\u0438\u0442\u0438\u043a\u0430-\u0437\u0430-\u0431\u0438\u0441\u043a\u0432\u0438\u0442\u043a\u0438\u0442\u0435\/\" \/>\n<meta property=\"og:site_name\" content=\"Lunapark Valentino\" \/>\n<meta property=\"article:modified_time\" content=\"2025-02-23T16:48:29+00:00\" \/>\n<meta name=\"twitter:card\" content=\"summary_large_image\" \/>\n<script type=\"application\/ld+json\" class=\"yoast-schema-graph\">{\"@context\":\"https:\\\/\\\/schema.org\",\"@graph\":[{\"@type\":\"WebPage\",\"@id\":\"https:\\\/\\\/lunapark-valentino.bg\\\/%d0%bf%d0%be%d0%bb%d0%b8%d1%82%d0%b8%d0%ba%d0%b0-%d0%b7%d0%b0-%d0%b1%d0%b8%d1%81%d0%ba%d0%b2%d0%b8%d1%82%d0%ba%d0%b8%d1%82%d0%b5\\\/\",\"url\":\"https:\\\/\\\/lunapark-valentino.bg\\\/%d0%bf%d0%be%d0%bb%d0%b8%d1%82%d0%b8%d0%ba%d0%b0-%d0%b7%d0%b0-%d0%b1%d0%b8%d1%81%d0%ba%d0%b2%d0%b8%d1%82%d0%ba%d0%b8%d1%82%d0%b5\\\/\",\"name\":\"\u041f\u043e\u043b\u0438\u0442\u0438\u043a\u0430 \u0437\u0430 \u0431\u0438\u0441\u043a\u0432\u0438\u0442\u043a\u0438\u0442\u0435 - Lunapark Valentino\",\"isPartOf\":{\"@id\":\"https:\\\/\\\/lunapark-valentino.bg\\\/#website\"},\"datePublished\":\"2025-02-23T16:47:38+00:00\",\"dateModified\":\"2025-02-23T16:48:29+00:00\",\"breadcrumb\":{\"@id\":\"https:\\\/\\\/lunapark-valentino.bg\\\/%d0%bf%d0%be%d0%bb%d0%b8%d1%82%d0%b8%d0%ba%d0%b0-%d0%b7%d0%b0-%d0%b1%d0%b8%d1%81%d0%ba%d0%b2%d0%b8%d1%82%d0%ba%d0%b8%d1%82%d0%b5\\\/#breadcrumb\"},\"inLanguage\":\"de\",\"potentialAction\":[{\"@type\":\"ReadAction\",\"target\":[\"https:\\\/\\\/lunapark-valentino.bg\\\/%d0%bf%d0%be%d0%bb%d0%b8%d1%82%d0%b8%d0%ba%d0%b0-%d0%b7%d0%b0-%d0%b1%d0%b8%d1%81%d0%ba%d0%b2%d0%b8%d1%82%d0%ba%d0%b8%d1%82%d0%b5\\\/\"]}]},{\"@type\":\"BreadcrumbList\",\"@id\":\"https:\\\/\\\/lunapark-valentino.bg\\\/%d0%bf%d0%be%d0%bb%d0%b8%d1%82%d0%b8%d0%ba%d0%b0-%d0%b7%d0%b0-%d0%b1%d0%b8%d1%81%d0%ba%d0%b2%d0%b8%d1%82%d0%ba%d0%b8%d1%82%d0%b5\\\/#breadcrumb\",\"itemListElement\":[{\"@type\":\"ListItem\",\"position\":1,\"name\":\"\u041d\u0430\u0447\u0430\u043b\u043e\",\"item\":\"https:\\\/\\\/lunapark-valentino.bg\\\/\"},{\"@type\":\"ListItem\",\"position\":2,\"name\":\"\u041f\u043e\u043b\u0438\u0442\u0438\u043a\u0430 \u0437\u0430 \u0431\u0438\u0441\u043a\u0432\u0438\u0442\u043a\u0438\u0442\u0435\"}]},{\"@type\":\"WebSite\",\"@id\":\"https:\\\/\\\/lunapark-valentino.bg\\\/#website\",\"url\":\"https:\\\/\\\/lunapark-valentino.bg\\\/\",\"name\":\"Lunapark Valentino\",\"description\":\"\",\"publisher\":{\"@id\":\"https:\\\/\\\/lunapark-valentino.bg\\\/#organization\"},\"potentialAction\":[{\"@type\":\"SearchAction\",\"target\":{\"@type\":\"EntryPoint\",\"urlTemplate\":\"https:\\\/\\\/lunapark-valentino.bg\\\/?s={search_term_string}\"},\"query-input\":{\"@type\":\"PropertyValueSpecification\",\"valueRequired\":true,\"valueName\":\"search_term_string\"}}],\"inLanguage\":\"de\"},{\"@type\":\"Organization\",\"@id\":\"https:\\\/\\\/lunapark-valentino.bg\\\/#organization\",\"name\":\"Lunapark Valentino\",\"url\":\"https:\\\/\\\/lunapark-valentino.bg\\\/\",\"logo\":{\"@type\":\"ImageObject\",\"inLanguage\":\"de\",\"@id\":\"https:\\\/\\\/lunapark-valentino.bg\\\/#\\\/schema\\\/logo\\\/image\\\/\",\"url\":\"https:\\\/\\\/lunapark-valentino.bg\\\/wp-content\\\/uploads\\\/2025\\\/02\\\/Lunapark-Valentino-Logo.png\",\"contentUrl\":\"https:\\\/\\\/lunapark-valentino.bg\\\/wp-content\\\/uploads\\\/2025\\\/02\\\/Lunapark-Valentino-Logo.png\",\"width\":4950,\"height\":3214,\"caption\":\"Lunapark Valentino\"},\"image\":{\"@id\":\"https:\\\/\\\/lunapark-valentino.bg\\\/#\\\/schema\\\/logo\\\/image\\\/\"}}]}<\/script>\n<!-- \/ Yoast SEO plugin. -->","yoast_head_json":{"title":"\u041f\u043e\u043b\u0438\u0442\u0438\u043a\u0430 \u0437\u0430 \u0431\u0438\u0441\u043a\u0432\u0438\u0442\u043a\u0438\u0442\u0435 - Lunapark Valentino","robots":{"index":"index","follow":"follow","max-snippet":"max-snippet:-1","max-image-preview":"max-image-preview:large","max-video-preview":"max-video-preview:-1"},"canonical":"https:\/\/lunapark-valentino.bg\/de\/\u043f\u043e\u043b\u0438\u0442\u0438\u043a\u0430-\u0437\u0430-\u0431\u0438\u0441\u043a\u0432\u0438\u0442\u043a\u0438\u0442\u0435\/","og_locale":"de_DE","og_type":"article","og_title":"\u041f\u043e\u043b\u0438\u0442\u0438\u043a\u0430 \u0437\u0430 \u0431\u0438\u0441\u043a\u0432\u0438\u0442\u043a\u0438\u0442\u0435 - Lunapark Valentino","og_description":"\u041f\u043e\u043b\u0438\u0442\u0438\u043a\u0430 \u0437\u0430 \u201e\u0431\u0438\u0441\u043a\u0432\u0438\u0442\u043a\u0438\u201c \u0418\u0437\u043f\u043e\u043b\u0437\u0432\u0430\u043d\u0435 \u043d\u0430 \u201e\u0431\u0438\u0441\u043a\u0432\u0438\u0442\u043a\u0438\u201c \u201e\u0411\u0438\u0441\u043a\u0432\u0438\u0442\u043a\u0438\u0442\u0435\u201c \u0441\u0430 \u043a\u0440\u0430\u0442\u043a\u0438 \u0442\u0435\u043a\u0441\u0442\u043e\u0432\u0438 \u0444\u0430\u0439\u043b\u043e\u0432\u0435 \u0438\u043b\u0438 \u043c\u0430\u043b\u043a\u0438 \u043f\u0430\u043a\u0435\u0442\u0438 \u043e\u0442 \u0438\u043d\u0444\u043e\u0440\u043c\u0430\u0446\u0438\u044f, \u043a\u043e\u0438\u0442\u043e \u0441\u0435 \u0441\u044a\u0445\u0440\u0430\u043d\u044f\u0432\u0430\u0442 \u0447\u0440\u0435\u0437 \u0418\u043d\u0442\u0435\u0440\u043d\u0435\u0442 \u0431\u0440\u0430\u0443\u0437\u0435\u0440\u0430 \u043d\u0430 \u0412\u0430\u0448\u0435\u0442\u043e \u043a\u0440\u0430\u0439\u043d\u043e \u0443\u0441\u0442\u0440\u043e\u0439\u0441\u0442\u0432\u043e (\u043a\u043e\u043c\u043f\u044e\u0442\u044a\u0440, \u0442\u0430\u0431\u043b\u0435\u0442, \u043b\u0430\u043f\u0442\u043e\u043f \u0438\u043b\u0438&hellip;","og_url":"https:\/\/lunapark-valentino.bg\/de\/\u043f\u043e\u043b\u0438\u0442\u0438\u043a\u0430-\u0437\u0430-\u0431\u0438\u0441\u043a\u0432\u0438\u0442\u043a\u0438\u0442\u0435\/","og_site_name":"Lunapark Valentino","article_modified_time":"2025-02-23T16:48:29+00:00","twitter_card":"summary_large_image","schema":{"@context":"https:\/\/schema.org","@graph":[{"@type":"WebPage","@id":"https:\/\/lunapark-valentino.bg\/%d0%bf%d0%be%d0%bb%d0%b8%d1%82%d0%b8%d0%ba%d0%b0-%d0%b7%d0%b0-%d0%b1%d0%b8%d1%81%d0%ba%d0%b2%d0%b8%d1%82%d0%ba%d0%b8%d1%82%d0%b5\/","url":"https:\/\/lunapark-valentino.bg\/%d0%bf%d0%be%d0%bb%d0%b8%d1%82%d0%b8%d0%ba%d0%b0-%d0%b7%d0%b0-%d0%b1%d0%b8%d1%81%d0%ba%d0%b2%d0%b8%d1%82%d0%ba%d0%b8%d1%82%d0%b5\/","name":"\u041f\u043e\u043b\u0438\u0442\u0438\u043a\u0430 \u0437\u0430 \u0431\u0438\u0441\u043a\u0432\u0438\u0442\u043a\u0438\u0442\u0435 - Lunapark Valentino","isPartOf":{"@id":"https:\/\/lunapark-valentino.bg\/#website"},"datePublished":"2025-02-23T16:47:38+00:00","dateModified":"2025-02-23T16:48:29+00:00","breadcrumb":{"@id":"https:\/\/lunapark-valentino.bg\/%d0%bf%d0%be%d0%bb%d0%b8%d1%82%d0%b8%d0%ba%d0%b0-%d0%b7%d0%b0-%d0%b1%d0%b8%d1%81%d0%ba%d0%b2%d0%b8%d1%82%d0%ba%d0%b8%d1%82%d0%b5\/#breadcrumb"},"inLanguage":"de","potentialAction":[{"@type":"ReadAction","target":["https:\/\/lunapark-valentino.bg\/%d0%bf%d0%be%d0%bb%d0%b8%d1%82%d0%b8%d0%ba%d0%b0-%d0%b7%d0%b0-%d0%b1%d0%b8%d1%81%d0%ba%d0%b2%d0%b8%d1%82%d0%ba%d0%b8%d1%82%d0%b5\/"]}]},{"@type":"BreadcrumbList","@id":"https:\/\/lunapark-valentino.bg\/%d0%bf%d0%be%d0%bb%d0%b8%d1%82%d0%b8%d0%ba%d0%b0-%d0%b7%d0%b0-%d0%b1%d0%b8%d1%81%d0%ba%d0%b2%d0%b8%d1%82%d0%ba%d0%b8%d1%82%d0%b5\/#breadcrumb","itemListElement":[{"@type":"ListItem","position":1,"name":"\u041d\u0430\u0447\u0430\u043b\u043e","item":"https:\/\/lunapark-valentino.bg\/"},{"@type":"ListItem","position":2,"name":"\u041f\u043e\u043b\u0438\u0442\u0438\u043a\u0430 \u0437\u0430 \u0431\u0438\u0441\u043a\u0432\u0438\u0442\u043a\u0438\u0442\u0435"}]},{"@type":"WebSite","@id":"https:\/\/lunapark-valentino.bg\/#website","url":"https:\/\/lunapark-valentino.bg\/","name":"Lunapark Valentino","description":"","publisher":{"@id":"https:\/\/lunapark-valentino.bg\/#organization"},"potentialAction":[{"@type":"SearchAction","target":{"@type":"EntryPoint","urlTemplate":"https:\/\/lunapark-valentino.bg\/?s={search_term_string}"},"query-input":{"@type":"PropertyValueSpecification","valueRequired":true,"valueName":"search_term_string"}}],"inLanguage":"de"},{"@type":"Organization","@id":"https:\/\/lunapark-valentino.bg\/#organization","name":"Lunapark Valentino","url":"https:\/\/lunapark-valentino.bg\/","logo":{"@type":"ImageObject","inLanguage":"de","@id":"https:\/\/lunapark-valentino.bg\/#\/schema\/logo\/image\/","url":"https:\/\/lunapark-valentino.bg\/wp-content\/uploads\/2025\/02\/Lunapark-Valentino-Logo.png","contentUrl":"https:\/\/lunapark-valentino.bg\/wp-content\/uploads\/2025\/02\/Lunapark-Valentino-Logo.png","width":4950,"height":3214,"caption":"Lunapark Valentino"},"image":{"@id":"https:\/\/lunapark-valentino.bg\/#\/schema\/logo\/image\/"}}]}},"_links":{"self":[{"href":"https:\/\/lunapark-valentino.bg\/de\/wp-json\/wp\/v2\/pages\/1266","targetHints":{"allow":["GET"]}}],"collection":[{"href":"https:\/\/lunapark-valentino.bg\/de\/wp-json\/wp\/v2\/pages"}],"about":[{"href":"https:\/\/lunapark-valentino.bg\/de\/wp-json\/wp\/v2\/types\/page"}],"author":[{"embeddable":true,"href":"https:\/\/lunapark-valentino.bg\/de\/wp-json\/wp\/v2\/users\/1"}],"replies":[{"embeddable":true,"href":"https:\/\/lunapark-valentino.bg\/de\/wp-json\/wp\/v2\/comments?post=1266"}],"version-history":[{"count":4,"href":"https:\/\/lunapark-valentino.bg\/de\/wp-json\/wp\/v2\/pages\/1266\/revisions"}],"predecessor-version":[{"id":1270,"href":"https:\/\/lunapark-valentino.bg\/de\/wp-json\/wp\/v2\/pages\/1266\/revisions\/1270"}],"wp:attachment":[{"href":"https:\/\/lunapark-valentino.bg\/de\/wp-json\/wp\/v2\/media?parent=1266"}],"curies":[{"name":"wp","href":"https:\/\/api.w.org\/{rel}","templated":true}]}}