{"id":1257,"date":"2025-02-23T11:31:06","date_gmt":"2025-02-23T09:31:06","guid":{"rendered":"https:\/\/valentino.velikov-design.net\/?page_id=1257"},"modified":"2026-03-10T16:55:14","modified_gmt":"2026-03-10T14:55:14","slug":"terms-and-conditions","status":"publish","type":"page","link":"https:\/\/lunapark-valentino.bg\/de\/terms-and-conditions\/","title":{"rendered":"Nutzungsbedingungen"},"content":{"rendered":"<div data-elementor-type=\"wp-page\" data-elementor-id=\"1257\" class=\"elementor elementor-1257\" data-elementor-post-type=\"page\">\n\t\t\t\t\t\t<section class=\"elementor-section elementor-top-section elementor-element elementor-element-58c1a79d elementor-section-boxed elementor-section-height-default elementor-section-height-default sc_fly_static\" data-id=\"58c1a79d\" data-element_type=\"section\" data-e-type=\"section\">\n\t\t\t\t\t\t<div class=\"elementor-container elementor-column-gap-extended\">\n\t\t\t\t\t<div class=\"elementor-column elementor-col-100 elementor-top-column elementor-element elementor-element-14747347 sc_content_align_inherit sc_layouts_column_icons_position_left sc_fly_static\" data-id=\"14747347\" data-element_type=\"column\" data-e-type=\"column\">\n\t\t\t<div class=\"elementor-widget-wrap elementor-element-populated\">\n\t\t\t\t\t\t<div class=\"elementor-element elementor-element-6988ef5d sc_fly_static elementor-widget elementor-widget-spacer\" data-id=\"6988ef5d\" data-element_type=\"widget\" data-e-type=\"widget\" data-widget_type=\"spacer.default\">\n\t\t\t\t<div class=\"elementor-widget-container\">\n\t\t\t\t\t\t\t<div class=\"elementor-spacer\">\n\t\t\t<div class=\"elementor-spacer-inner\"><\/div>\n\t\t<\/div>\n\t\t\t\t\t\t<\/div>\n\t\t\t\t<\/div>\n\t\t\t\t<div class=\"elementor-element elementor-element-39819ba sc_fly_static elementor-widget elementor-widget-spacer\" data-id=\"39819ba\" data-element_type=\"widget\" data-e-type=\"widget\" data-widget_type=\"spacer.default\">\n\t\t\t\t<div class=\"elementor-widget-container\">\n\t\t\t\t\t\t\t<div class=\"elementor-spacer\">\n\t\t\t<div class=\"elementor-spacer-inner\"><\/div>\n\t\t<\/div>\n\t\t\t\t\t\t<\/div>\n\t\t\t\t<\/div>\n\t\t\t\t\t<\/div>\n\t\t<\/div>\n\t\t\t\t\t<\/div>\n\t\t<\/section>\n\t\t\t\t<section class=\"elementor-section elementor-top-section elementor-element elementor-element-325689c3 elementor-section-boxed elementor-section-height-default elementor-section-height-default sc_fly_static\" data-id=\"325689c3\" data-element_type=\"section\" data-e-type=\"section\" data-settings=\"{&quot;background_background&quot;:&quot;classic&quot;}\">\n\t\t\t\t\t\t<div class=\"elementor-container elementor-column-gap-extended\">\n\t\t\t\t\t<div class=\"elementor-column elementor-col-100 elementor-top-column elementor-element elementor-element-c0ce289 sc_content_align_inherit sc_layouts_column_icons_position_left sc_fly_static\" data-id=\"c0ce289\" data-element_type=\"column\" data-e-type=\"column\">\n\t\t\t<div class=\"elementor-widget-wrap elementor-element-populated\">\n\t\t\t\t\t\t<div class=\"elementor-element elementor-element-1fa92a25 sc_fly_static elementor-widget elementor-widget-text-editor\" data-id=\"1fa92a25\" data-element_type=\"widget\" data-e-type=\"widget\" data-widget_type=\"text-editor.default\">\n\t\t\t\t<div class=\"elementor-widget-container\">\n\t\t\t\t\t\t\t\t\t<h2>Allgemeine Nutzungsbedingungen f\u00fcr lunapark-valentino.bg<\/h2><p>Diese Allgemeinen Gesch\u00e4ftsbedingungen regeln die Nutzung der Website lunapark-valentino.bg, nachfolgend kurz \u201eWebsite\u201c genannt.<\/p><p>Die Website wird von Valentino \u2013 Park EOOD, mit der Unternehmensidentifikationsnummer (UIC) 208138585, betrieben, nachfolgend kurz \u201eBetreiber\u201c genannt. Bei Bedarf k\u00f6nnen Sie uns \u00fcber die folgenden Kontaktdaten erreichen:<\/p><p>E-mail: lunaparkvalentino@gmail.com<\/p><p>Telefon <a class=\"underline_hover\" href=\"tel:+359 899 819 996\">+359 899 819 996<\/a><\/p><p>Durch die Nutzung der Website erkl\u00e4rt sich der Nutzer mit diesen Allgemeinen Gesch\u00e4ftsbedingungen einverstanden. Wenn Sie diesen nicht zustimmen, sollten Sie von der Nutzung der Website absehen.<\/p><ol><li><strong>Geistiges Eigentum<\/strong><\/li><\/ol><ul><li>Alle Rechte an geistigem Eigentum in Bezug auf die Informationsressourcen und den Inhalt der Website werden vom Betreiber ausge\u00fcbt. Diese Rechte sind durch das Urheberrechtsgesetz und verwandte Schutzrechte gesch\u00fctzt, und jede Nutzung von Inhalten der Website ohne Zustimmung des Betreibers stellt eine Gesetzesverletzung dar, die zivilrechtliche, verwaltungsrechtliche oder strafrechtliche Konsequenzen nach sich ziehen kann.<\/li><\/ul><ul><li>Bei der Kopie oder Reproduktion von Informationen \u00fcber das zul\u00e4ssige Ma\u00df hinaus sowie bei jeder anderen Verletzung der geistigen Eigentumsrechte an den Ressourcen des Betreibers hat der Betreiber das Recht, eine Entsch\u00e4digung f\u00fcr alle direkten und indirekten Sch\u00e4den in voller H\u00f6he zu fordern.<\/li><\/ul><ol start=\"2\"><li><strong>Haftungsbeschr\u00e4nkung<\/strong><\/li><\/ol><p><strong>\u00a0<\/strong><\/p><ul><li>Der Betreiber ergreift die erforderlichen Ma\u00dfnahmen, um den Inhalt der Website aktuell zu halten, \u00fcbernimmt jedoch keine Verantwortung f\u00fcr dessen tats\u00e4chliche Aktualit\u00e4t. In diesem Zusammenhang haftet der Betreiber nicht f\u00fcr Sch\u00e4den, einschlie\u00dflich direkter und indirekter Sch\u00e4den sowie entgangener Gewinne, die ein Nutzer der Website unter irgendwelchen Umst\u00e4nden im Zusammenhang mit den ver\u00f6ffentlichten Inhalten und dem Zugriff auf die Website erleiden k\u00f6nnte. Durch die Nutzung der Website \u00fcbernehmen die Nutzer alle damit verbundenen Risiken, einschlie\u00dflich m\u00f6glicher Risiken f\u00fcr ihre Endger\u00e4te, Software oder Daten.<\/li><\/ul><ul><li>Soweit die Website Links zu Inhalten enth\u00e4lt, die sich au\u00dferhalb der Website befinden, erkennt der Nutzer an, dass der Betreiber keine Kontrolle \u00fcber diese Inhalte hat und nicht f\u00fcr die Folgen der Aktivierung von Links haftet, die au\u00dferhalb der Website f\u00fchren.<\/li><\/ul><p>Der Betreiber haftet nicht f\u00fcr b\u00f6swillige Handlungen Dritter, die den Nutzer bei der Nutzung der Website betreffen k\u00f6nnten. Der Nutzer verwendet die Website auf eigenes Risiko.<\/p><ol start=\"3\"><li><strong>Benutzerregistrierung<\/strong><\/li><\/ol><p><strong>\u00a0<\/strong><\/p><ul><li>Der Betreiber beh\u00e4lt sich das Recht vor, einen Teil des Inhalts der Website ausschlie\u00dflich registrierten Nutzern zur Verf\u00fcgung zu stellen, die ein Benutzerkonto auf der Website erstellt haben. Die betreffenden Inhalte, die nur f\u00fcr registrierte Nutzer zug\u00e4nglich sind, m\u00fcssen jederzeit vom Betreiber als solche gekennzeichnet werden.<\/li><\/ul><ul><li>Mit der Erstellung eines Benutzerprofils erkl\u00e4rt sich der Nutzer damit einverstanden, dass der Betreiber seine personenbezogenen Daten gem\u00e4\u00df den Bestimmungen der auf der Website ver\u00f6ffentlichten Datenschutzrichtlinie verarbeitet.<\/li><\/ul><ol start=\"4\"><li><strong>Nutzung der Website<\/strong><\/li><\/ol><p><strong>\u00a0<\/strong><\/p><ul><li>Soweit der Betreiber Nutzern die M\u00f6glichkeit bietet, Inhalte auf die Website hochzuladen, d\u00fcrfen diese keine verleumderischen, obsz\u00f6nen, beleidigenden, pornografischen oder anderweitig rechtswidrigen oder gegen die guten Sitten versto\u00dfenden Inhalte hochladen.<\/li><\/ul><p><strong>\u00a0<\/strong><\/p><ul><li>Die Nutzer m\u00fcssen die Website nach Treu und Glauben verwenden und d\u00fcrfen keine b\u00f6swilligen Handlungen vornehmen, die die Zug\u00e4nglichkeit von Inhalten f\u00fcr Dritte oder die generelle Nutzung der Website beeintr\u00e4chtigen k\u00f6nnten.<\/li><\/ul><p><strong>\u00a0<\/strong><\/p><ol start=\"5\"><li><strong>Sonstiges<\/strong><\/li><\/ol><ul><li>Der Betreiber beh\u00e4lt sich das Recht vor, diese allgemeinen Bedingungen nach eigenem Ermessen zu \u00e4ndern, wobei die jeweils aktuellen Nutzungsbedingungen jederzeit auf der Website ver\u00f6ffentlicht werden.<\/li><\/ul><ul><li>In allen Fragen, die in diesen allgemeinen Gesch\u00e4ftsbedingungen nicht geregelt sind, gelten die Vorschriften der geltenden Gesetzgebung der Republik Bulgarien.<\/li><\/ul>\t\t\t\t\t\t\t\t<\/div>\n\t\t\t\t<\/div>\n\t\t\t\t\t<\/div>\n\t\t<\/div>\n\t\t\t\t\t<\/div>\n\t\t<\/section>\n\t\t\t\t<\/div>","protected":false},"excerpt":{"rendered":"<p>\u041e\u0431\u0449\u0438 \u0443\u0441\u043b\u043e\u0432\u0438\u044f \u0437\u0430 \u0438\u0437\u043f\u043e\u043b\u0437\u0432\u0430\u043d\u0435 \u043d\u0430 lunapark-valentino.bg \u041d\u0430\u0441\u0442\u043e\u044f\u0449\u0438\u0442\u0435 \u043e\u0431\u0449\u0438 \u0443\u0441\u043b\u043e\u0432\u0438\u044f \u0443\u0440\u0435\u0436\u0434\u0430\u0442 \u0443\u0441\u043b\u043e\u0432\u0438\u044f\u0442\u0430 \u0437\u0430 \u0438\u0437\u043f\u043e\u043b\u0437\u0432\u0430\u043d\u0435 \u043d\u0430 lunapark-valentino.bg, \u043f\u043e-\u0434\u043e\u043b\u0443 \u0437\u0430 \u043a\u0440\u0430\u0442\u043a\u043e\u0441\u0442 \u201e\u0443\u0435\u0431\u0441\u0430\u0439\u0442\u0430\u201c. \u0423\u0435\u0431\u0441\u0430\u0439\u0442\u044a\u0442 \u0441\u0435 \u0443\u043f\u0440\u0430\u0432\u043b\u044f\u0432\u0430 \u043e\u0442 \u0412\u0430\u043b\u0435\u043d\u0442\u0438\u043d\u043e \u2013 \u041f\u0430\u0440\u043a \u0415\u041e\u041e\u0414 \u0441 \u0415\u0418\u041a 208138585,&hellip;<\/p>","protected":false},"author":1,"featured_media":0,"parent":0,"menu_order":0,"comment_status":"closed","ping_status":"closed","template":"","meta":{"footnotes":""},"class_list":["post-1257","page","type-page","status-publish","hentry"],"yoast_head":"<!-- This site is optimized with the Yoast SEO plugin v27.3 - https:\/\/yoast.com\/product\/yoast-seo-wordpress\/ -->\n<title>\u0423\u0441\u043b\u043e\u0432\u0438\u044f \u0437\u0430 \u043f\u043e\u043b\u0437\u0432\u0430\u043d\u0435 - Lunapark Valentino<\/title>\n<meta name=\"robots\" content=\"index, follow, max-snippet:-1, max-image-preview:large, max-video-preview:-1\" \/>\n<link rel=\"canonical\" href=\"https:\/\/lunapark-valentino.bg\/de\/terms-and-conditions\/\" \/>\n<meta property=\"og:locale\" content=\"de_DE\" \/>\n<meta property=\"og:type\" content=\"article\" \/>\n<meta property=\"og:title\" content=\"\u0423\u0441\u043b\u043e\u0432\u0438\u044f \u0437\u0430 \u043f\u043e\u043b\u0437\u0432\u0430\u043d\u0435 - Lunapark Valentino\" \/>\n<meta property=\"og:description\" content=\"\u041e\u0431\u0449\u0438 \u0443\u0441\u043b\u043e\u0432\u0438\u044f \u0437\u0430 \u0438\u0437\u043f\u043e\u043b\u0437\u0432\u0430\u043d\u0435 \u043d\u0430 lunapark-valentino.bg \u041d\u0430\u0441\u0442\u043e\u044f\u0449\u0438\u0442\u0435 \u043e\u0431\u0449\u0438 \u0443\u0441\u043b\u043e\u0432\u0438\u044f \u0443\u0440\u0435\u0436\u0434\u0430\u0442 \u0443\u0441\u043b\u043e\u0432\u0438\u044f\u0442\u0430 \u0437\u0430 \u0438\u0437\u043f\u043e\u043b\u0437\u0432\u0430\u043d\u0435 \u043d\u0430 lunapark-valentino.bg, \u043f\u043e-\u0434\u043e\u043b\u0443 \u0437\u0430 \u043a\u0440\u0430\u0442\u043a\u043e\u0441\u0442 \u201e\u0443\u0435\u0431\u0441\u0430\u0439\u0442\u0430\u201c. \u0423\u0435\u0431\u0441\u0430\u0439\u0442\u044a\u0442 \u0441\u0435 \u0443\u043f\u0440\u0430\u0432\u043b\u044f\u0432\u0430 \u043e\u0442 \u0412\u0430\u043b\u0435\u043d\u0442\u0438\u043d\u043e \u2013 \u041f\u0430\u0440\u043a \u0415\u041e\u041e\u0414 \u0441 \u0415\u0418\u041a 208138585,&hellip;\" \/>\n<meta property=\"og:url\" content=\"https:\/\/lunapark-valentino.bg\/de\/terms-and-conditions\/\" \/>\n<meta property=\"og:site_name\" content=\"Lunapark Valentino\" \/>\n<meta property=\"article:modified_time\" content=\"2026-03-10T14:55:14+00:00\" \/>\n<meta name=\"twitter:card\" content=\"summary_large_image\" \/>\n<meta name=\"twitter:label1\" content=\"Gesch\u00e4tzte Lesezeit\" \/>\n\t<meta name=\"twitter:data1\" content=\"3\u00a0Minuten\" \/>\n<script type=\"application\/ld+json\" class=\"yoast-schema-graph\">{\"@context\":\"https:\\\/\\\/schema.org\",\"@graph\":[{\"@type\":\"WebPage\",\"@id\":\"https:\\\/\\\/lunapark-valentino.bg\\\/terms-and-conditions\\\/\",\"url\":\"https:\\\/\\\/lunapark-valentino.bg\\\/terms-and-conditions\\\/\",\"name\":\"\u0423\u0441\u043b\u043e\u0432\u0438\u044f \u0437\u0430 \u043f\u043e\u043b\u0437\u0432\u0430\u043d\u0435 - Lunapark Valentino\",\"isPartOf\":{\"@id\":\"https:\\\/\\\/lunapark-valentino.bg\\\/#website\"},\"datePublished\":\"2025-02-23T09:31:06+00:00\",\"dateModified\":\"2026-03-10T14:55:14+00:00\",\"breadcrumb\":{\"@id\":\"https:\\\/\\\/lunapark-valentino.bg\\\/terms-and-conditions\\\/#breadcrumb\"},\"inLanguage\":\"de\",\"potentialAction\":[{\"@type\":\"ReadAction\",\"target\":[\"https:\\\/\\\/lunapark-valentino.bg\\\/terms-and-conditions\\\/\"]}]},{\"@type\":\"BreadcrumbList\",\"@id\":\"https:\\\/\\\/lunapark-valentino.bg\\\/terms-and-conditions\\\/#breadcrumb\",\"itemListElement\":[{\"@type\":\"ListItem\",\"position\":1,\"name\":\"\u041d\u0430\u0447\u0430\u043b\u043e\",\"item\":\"https:\\\/\\\/lunapark-valentino.bg\\\/\"},{\"@type\":\"ListItem\",\"position\":2,\"name\":\"\u0423\u0441\u043b\u043e\u0432\u0438\u044f \u0437\u0430 \u043f\u043e\u043b\u0437\u0432\u0430\u043d\u0435\"}]},{\"@type\":\"WebSite\",\"@id\":\"https:\\\/\\\/lunapark-valentino.bg\\\/#website\",\"url\":\"https:\\\/\\\/lunapark-valentino.bg\\\/\",\"name\":\"Lunapark Valentino\",\"description\":\"\",\"publisher\":{\"@id\":\"https:\\\/\\\/lunapark-valentino.bg\\\/#organization\"},\"potentialAction\":[{\"@type\":\"SearchAction\",\"target\":{\"@type\":\"EntryPoint\",\"urlTemplate\":\"https:\\\/\\\/lunapark-valentino.bg\\\/?s={search_term_string}\"},\"query-input\":{\"@type\":\"PropertyValueSpecification\",\"valueRequired\":true,\"valueName\":\"search_term_string\"}}],\"inLanguage\":\"de\"},{\"@type\":\"Organization\",\"@id\":\"https:\\\/\\\/lunapark-valentino.bg\\\/#organization\",\"name\":\"Lunapark Valentino\",\"url\":\"https:\\\/\\\/lunapark-valentino.bg\\\/\",\"logo\":{\"@type\":\"ImageObject\",\"inLanguage\":\"de\",\"@id\":\"https:\\\/\\\/lunapark-valentino.bg\\\/#\\\/schema\\\/logo\\\/image\\\/\",\"url\":\"https:\\\/\\\/lunapark-valentino.bg\\\/wp-content\\\/uploads\\\/2025\\\/02\\\/Lunapark-Valentino-Logo.png\",\"contentUrl\":\"https:\\\/\\\/lunapark-valentino.bg\\\/wp-content\\\/uploads\\\/2025\\\/02\\\/Lunapark-Valentino-Logo.png\",\"width\":4950,\"height\":3214,\"caption\":\"Lunapark Valentino\"},\"image\":{\"@id\":\"https:\\\/\\\/lunapark-valentino.bg\\\/#\\\/schema\\\/logo\\\/image\\\/\"}}]}<\/script>\n<!-- \/ Yoast SEO plugin. -->","yoast_head_json":{"title":"\u0423\u0441\u043b\u043e\u0432\u0438\u044f \u0437\u0430 \u043f\u043e\u043b\u0437\u0432\u0430\u043d\u0435 - Lunapark Valentino","robots":{"index":"index","follow":"follow","max-snippet":"max-snippet:-1","max-image-preview":"max-image-preview:large","max-video-preview":"max-video-preview:-1"},"canonical":"https:\/\/lunapark-valentino.bg\/de\/terms-and-conditions\/","og_locale":"de_DE","og_type":"article","og_title":"\u0423\u0441\u043b\u043e\u0432\u0438\u044f \u0437\u0430 \u043f\u043e\u043b\u0437\u0432\u0430\u043d\u0435 - Lunapark Valentino","og_description":"\u041e\u0431\u0449\u0438 \u0443\u0441\u043b\u043e\u0432\u0438\u044f \u0437\u0430 \u0438\u0437\u043f\u043e\u043b\u0437\u0432\u0430\u043d\u0435 \u043d\u0430 lunapark-valentino.bg \u041d\u0430\u0441\u0442\u043e\u044f\u0449\u0438\u0442\u0435 \u043e\u0431\u0449\u0438 \u0443\u0441\u043b\u043e\u0432\u0438\u044f \u0443\u0440\u0435\u0436\u0434\u0430\u0442 \u0443\u0441\u043b\u043e\u0432\u0438\u044f\u0442\u0430 \u0437\u0430 \u0438\u0437\u043f\u043e\u043b\u0437\u0432\u0430\u043d\u0435 \u043d\u0430 lunapark-valentino.bg, \u043f\u043e-\u0434\u043e\u043b\u0443 \u0437\u0430 \u043a\u0440\u0430\u0442\u043a\u043e\u0441\u0442 \u201e\u0443\u0435\u0431\u0441\u0430\u0439\u0442\u0430\u201c. \u0423\u0435\u0431\u0441\u0430\u0439\u0442\u044a\u0442 \u0441\u0435 \u0443\u043f\u0440\u0430\u0432\u043b\u044f\u0432\u0430 \u043e\u0442 \u0412\u0430\u043b\u0435\u043d\u0442\u0438\u043d\u043e \u2013 \u041f\u0430\u0440\u043a \u0415\u041e\u041e\u0414 \u0441 \u0415\u0418\u041a 208138585,&hellip;","og_url":"https:\/\/lunapark-valentino.bg\/de\/terms-and-conditions\/","og_site_name":"Lunapark Valentino","article_modified_time":"2026-03-10T14:55:14+00:00","twitter_card":"summary_large_image","twitter_misc":{"Gesch\u00e4tzte Lesezeit":"3\u00a0Minuten"},"schema":{"@context":"https:\/\/schema.org","@graph":[{"@type":"WebPage","@id":"https:\/\/lunapark-valentino.bg\/terms-and-conditions\/","url":"https:\/\/lunapark-valentino.bg\/terms-and-conditions\/","name":"\u0423\u0441\u043b\u043e\u0432\u0438\u044f \u0437\u0430 \u043f\u043e\u043b\u0437\u0432\u0430\u043d\u0435 - Lunapark Valentino","isPartOf":{"@id":"https:\/\/lunapark-valentino.bg\/#website"},"datePublished":"2025-02-23T09:31:06+00:00","dateModified":"2026-03-10T14:55:14+00:00","breadcrumb":{"@id":"https:\/\/lunapark-valentino.bg\/terms-and-conditions\/#breadcrumb"},"inLanguage":"de","potentialAction":[{"@type":"ReadAction","target":["https:\/\/lunapark-valentino.bg\/terms-and-conditions\/"]}]},{"@type":"BreadcrumbList","@id":"https:\/\/lunapark-valentino.bg\/terms-and-conditions\/#breadcrumb","itemListElement":[{"@type":"ListItem","position":1,"name":"\u041d\u0430\u0447\u0430\u043b\u043e","item":"https:\/\/lunapark-valentino.bg\/"},{"@type":"ListItem","position":2,"name":"\u0423\u0441\u043b\u043e\u0432\u0438\u044f \u0437\u0430 \u043f\u043e\u043b\u0437\u0432\u0430\u043d\u0435"}]},{"@type":"WebSite","@id":"https:\/\/lunapark-valentino.bg\/#website","url":"https:\/\/lunapark-valentino.bg\/","name":"Lunapark Valentino","description":"","publisher":{"@id":"https:\/\/lunapark-valentino.bg\/#organization"},"potentialAction":[{"@type":"SearchAction","target":{"@type":"EntryPoint","urlTemplate":"https:\/\/lunapark-valentino.bg\/?s={search_term_string}"},"query-input":{"@type":"PropertyValueSpecification","valueRequired":true,"valueName":"search_term_string"}}],"inLanguage":"de"},{"@type":"Organization","@id":"https:\/\/lunapark-valentino.bg\/#organization","name":"Lunapark Valentino","url":"https:\/\/lunapark-valentino.bg\/","logo":{"@type":"ImageObject","inLanguage":"de","@id":"https:\/\/lunapark-valentino.bg\/#\/schema\/logo\/image\/","url":"https:\/\/lunapark-valentino.bg\/wp-content\/uploads\/2025\/02\/Lunapark-Valentino-Logo.png","contentUrl":"https:\/\/lunapark-valentino.bg\/wp-content\/uploads\/2025\/02\/Lunapark-Valentino-Logo.png","width":4950,"height":3214,"caption":"Lunapark Valentino"},"image":{"@id":"https:\/\/lunapark-valentino.bg\/#\/schema\/logo\/image\/"}}]}},"_links":{"self":[{"href":"https:\/\/lunapark-valentino.bg\/de\/wp-json\/wp\/v2\/pages\/1257","targetHints":{"allow":["GET"]}}],"collection":[{"href":"https:\/\/lunapark-valentino.bg\/de\/wp-json\/wp\/v2\/pages"}],"about":[{"href":"https:\/\/lunapark-valentino.bg\/de\/wp-json\/wp\/v2\/types\/page"}],"author":[{"embeddable":true,"href":"https:\/\/lunapark-valentino.bg\/de\/wp-json\/wp\/v2\/users\/1"}],"replies":[{"embeddable":true,"href":"https:\/\/lunapark-valentino.bg\/de\/wp-json\/wp\/v2\/comments?post=1257"}],"version-history":[{"count":13,"href":"https:\/\/lunapark-valentino.bg\/de\/wp-json\/wp\/v2\/pages\/1257\/revisions"}],"predecessor-version":[{"id":1440,"href":"https:\/\/lunapark-valentino.bg\/de\/wp-json\/wp\/v2\/pages\/1257\/revisions\/1440"}],"wp:attachment":[{"href":"https:\/\/lunapark-valentino.bg\/de\/wp-json\/wp\/v2\/media?parent=1257"}],"curies":[{"name":"wp","href":"https:\/\/api.w.org\/{rel}","templated":true}]}}